{"id":1673,"date":"2025-10-30T18:52:33","date_gmt":"2025-10-30T17:52:33","guid":{"rendered":"https:\/\/www.pjevents.ch\/?post_type=product&#038;p=1673"},"modified":"2026-02-03T11:04:09","modified_gmt":"2026-02-03T10:04:09","slug":"neon-lounge-riot-dmx","status":"publish","type":"product","link":"http:\/\/www.pjevents.ch\/en\/product\/neon-lounge-riot-dmx\/","title":{"rendered":"Neon Lounge Riot (DMX)"},"content":{"rendered":"<p data-start=\"0\" data-end=\"82\"><strong data-start=\"0\" data-end=\"14\">Raumgr\u00f6\u00dfe:<\/strong> Gro\u00df (L) \u2013 120\u2013250 m\u00b2<br data-start=\"36\" data-end=\"39\" \/><strong data-start=\"39\" data-end=\"49\">Genre:<\/strong> Pop\/Rock<br data-start=\"58\" data-end=\"61\" \/><strong data-start=\"61\" data-end=\"70\">Vibe:<\/strong> Relaxed<\/p>\n<p data-start=\"84\" data-end=\"510\">\u26a0\ufe0f <strong data-start=\"87\" data-end=\"99\">ACHTUNG:<\/strong> Dieses Bundle enth\u00e4lt ein <strong data-start=\"126\" data-end=\"146\">DMX-Steuerger\u00e4t.<\/strong><br data-start=\"146\" data-end=\"149\" \/>Die <strong data-start=\"153\" data-end=\"177\">Eurolite SMD 864 PRO<\/strong> muss dar\u00fcber gesteuert werden; alle anderen Lichter laufen automatisch oder mit Musiksteuerung.<br data-start=\"273\" data-end=\"276\" \/>Ich erkl\u00e4re dir gern kurz die <strong data-start=\"306\" data-end=\"320\">DMX-Basics<\/strong> oder richte dir eine einfache Steuerung ein.<br data-start=\"365\" data-end=\"368\" \/>\ud83d\udc49 Eine <strong data-start=\"376\" data-end=\"395\">kurze Bedienung<\/strong> (z. B. Szenenwechsel) bleibt n\u00f6tig, du kannst aber auch feste Effekte oder <strong data-start=\"471\" data-end=\"493\">automatische Loops<\/strong> laufen lassen.<\/p>\n<p data-start=\"512\" data-end=\"1097\"><strong data-start=\"512\" data-end=\"529\">Beschreibung:<\/strong><br data-start=\"529\" data-end=\"532\" \/>Neon Lounge Riot ist das ultimative Chillout-Set f\u00fcr gro\u00dfe R\u00e4ume, das Atmosph\u00e4re mit professioneller Kontrolle kombiniert.<br data-start=\"654\" data-end=\"657\" \/>Vier MaxiPars liefern satte Grundfarben, w\u00e4hrend zwei SMD 864 PRO-Strobes punktuelle Powerblitze setzen.<br data-start=\"761\" data-end=\"764\" \/>Dazu kommen zwei UV Floods und zwei BUV-Fluter, die die Umgebung in intensives Leuchten tauchen, w\u00e4hrend Stinger und Mini D-5 f\u00fcr Bewegung und Farbspiel sorgen.<br data-start=\"924\" data-end=\"927\" data-is-only-node=\"\" \/>Die UV-R\u00f6hre erg\u00e4nzt das Ganze mit sanftem Glow \u2014 ein harmonisch abgestimmtes Setup f\u00fcr stilvolle Lounges, Aftershows oder entspannte Clubabende mit dem gewissen Etwas.<\/p>\n<p data-start=\"1099\" data-end=\"1112\"><strong data-start=\"1099\" data-end=\"1110\">Inhalt:<\/strong><\/p>\n<ul data-start=\"1113\" data-end=\"1381\">\n<li data-start=\"1113\" data-end=\"1139\">\n<p data-start=\"1115\" data-end=\"1139\">4 \u00d7 Cameo MaxiPar Quad<\/p>\n<\/li>\n<li data-start=\"1140\" data-end=\"1168\">\n<p data-start=\"1142\" data-end=\"1168\">2 \u00d7 Eurolite SMD 864 PRO<\/p>\n<\/li>\n<li data-start=\"1169\" data-end=\"1193\">\n<p data-start=\"1171\" data-end=\"1193\">1 \u00d7 ADJ Stinger Gobo<\/p>\n<\/li>\n<li data-start=\"1194\" data-end=\"1217\">\n<p data-start=\"1196\" data-end=\"1217\">2 \u00d7 ADJ UV Flood 36<\/p>\n<\/li>\n<li data-start=\"1218\" data-end=\"1239\">\n<p data-start=\"1220\" data-end=\"1239\">2 \u00d7 BeamZ BUV 463<\/p>\n<\/li>\n<li data-start=\"1240\" data-end=\"1272\">\n<p data-start=\"1242\" data-end=\"1272\">1 \u00d7 Eurolite UV-R\u00f6hre 120 cm<\/p>\n<\/li>\n<li data-start=\"1273\" data-end=\"1302\">\n<p data-start=\"1275\" data-end=\"1302\">1 \u00d7 Eurolite Mini D-5 RGB<\/p>\n<\/li>\n<li data-start=\"1303\" data-end=\"1327\">\n<p data-start=\"1305\" data-end=\"1327\"><strong data-start=\"1305\" data-end=\"1325\">4 \u00d7 Lichtstative<\/strong><\/p>\n<\/li>\n<li data-start=\"1328\" data-end=\"1353\">\n<p data-start=\"1330\" data-end=\"1353\"><strong data-start=\"1330\" data-end=\"1348\">DMX-Steuerung:<\/strong> Yes<\/p>\n<\/li>\n<\/ul>\n<p data-start=\"1356\" data-end=\"1381\"><strong data-start=\"1356\" data-end=\"1367\">Gesamt:<\/strong> 13 Fixtures<\/p>","protected":false},"excerpt":{"rendered":"<p>Neon Lounge Riot ist das ultimative Chillout-Set f\u00fcr gro\u00dfe R\u00e4ume, das Atmosph\u00e4re mit professioneller Kontrolle kombiniert.<br data-start=\"654\" data-end=\"657\" \/>Vier MaxiPars liefern satte Grundfarben, w\u00e4hrend zwei SMD 864 PRO-Strobes punktuelle Powerblitze setzen.<br data-start=\"761\" data-end=\"764\" \/>Dazu kommen zwei UV Floods und zwei BUV-Fluter, die die Umgebung in intensives Leuchten tauchen, w\u00e4hrend Stinger und Mini D-5 f\u00fcr Bewegung und Farbspiel sorgen.<br data-start=\"924\" data-end=\"927\" data-is-only-node=\"\" \/>Die UV-R\u00f6hre erg\u00e4nzt das Ganze mit sanftem Glow \u2014 ein harmonisch abgestimmtes Setup f\u00fcr stilvolle Lounges, Aftershows oder entspannte Clubabende mit dem gewissen Etwas.<\/p>","protected":false},"featured_media":1819,"comment_status":"open","ping_status":"closed","template":"","meta":{"_kad_post_transparent":"default","_kad_post_title":"","_kad_post_layout":"default","_kad_post_sidebar_id":"","_kad_post_content_style":"default","_kad_post_vertical_padding":"default","_kad_post_feature":"","_kad_post_feature_position":"","_kad_post_header":false,"_kad_post_footer":false,"_kad_post_classname":""},"product_brand":[],"product_cat":[243,339],"product_tag":[290,308],"class_list":{"0":"post-1673","1":"product","2":"type-product","3":"status-publish","4":"has-post-thumbnail","6":"product_cat-bundle","7":"product_cat-licht-sets","8":"product_tag-lights","9":"product_tag-pel","11":"first","12":"instock","13":"shipping-taxable","14":"purchasable","15":"product-type-redq_rental","16":"entry","17":"content-bg","18":"loop-entry"},"_links":{"self":[{"href":"http:\/\/www.pjevents.ch\/en\/wp-json\/wp\/v2\/product\/1673","targetHints":{"allow":["GET"]}}],"collection":[{"href":"http:\/\/www.pjevents.ch\/en\/wp-json\/wp\/v2\/product"}],"about":[{"href":"http:\/\/www.pjevents.ch\/en\/wp-json\/wp\/v2\/types\/product"}],"replies":[{"embeddable":true,"href":"http:\/\/www.pjevents.ch\/en\/wp-json\/wp\/v2\/comments?post=1673"}],"wp:featuredmedia":[{"embeddable":true,"href":"http:\/\/www.pjevents.ch\/en\/wp-json\/wp\/v2\/media\/1819"}],"wp:attachment":[{"href":"http:\/\/www.pjevents.ch\/en\/wp-json\/wp\/v2\/media?parent=1673"}],"wp:term":[{"taxonomy":"product_brand","embeddable":true,"href":"http:\/\/www.pjevents.ch\/en\/wp-json\/wp\/v2\/product_brand?post=1673"},{"taxonomy":"product_cat","embeddable":true,"href":"http:\/\/www.pjevents.ch\/en\/wp-json\/wp\/v2\/product_cat?post=1673"},{"taxonomy":"product_tag","embeddable":true,"href":"http:\/\/www.pjevents.ch\/en\/wp-json\/wp\/v2\/product_tag?post=1673"}],"curies":[{"name":"wp","href":"https:\/\/api.w.org\/{rel}","templated":true}]}}