{"id":1208,"date":"2025-09-23T21:24:44","date_gmt":"2025-09-23T19:24:44","guid":{"rendered":"https:\/\/www.pjevents.ch\/?post_type=product&#038;p=1208"},"modified":"2026-02-03T10:50:06","modified_gmt":"2026-02-03T09:50:06","slug":"adj-bubbletron","status":"publish","type":"product","link":"https:\/\/www.pjevents.ch\/en\/product\/adj-bubbletron\/","title":{"rendered":"ADJ Bubbletron"},"content":{"rendered":"<p>Der ADJ Bubbletron ist eine leichte, tragbare Seifenblasenmaschine mit robustem Kunststoffgeh\u00e4use. Mit ihrem leistungsstarken L\u00fcfter erzeugt sie in kurzer Zeit hunderte Blasen. Die Bedienung ist denkbar einfach: nur mit Fluid bef\u00fcllen und per On\/Off-Schalter starten. Perfekt f\u00fcr Geburtstage, Hochzeiten, Partys oder als Effekt in Kombination mit Lichtshows. Inklusive 1l Fluid<\/p>","protected":false},"excerpt":{"rendered":"<p>Kompakte Seifenblasenmaschine mit leistungsstarkem L\u00fcfter \u2013 produziert hunderte Blasen pro Minute f\u00fcr Partys und Events. Inklusive 1l Fluid<\/p>","protected":false},"featured_media":1209,"comment_status":"open","ping_status":"closed","template":"","meta":{"_kad_post_transparent":"default","_kad_post_title":"","_kad_post_layout":"default","_kad_post_sidebar_id":"","_kad_post_content_style":"default","_kad_post_vertical_padding":"default","_kad_post_feature":"","_kad_post_feature_position":"","_kad_post_header":false,"_kad_post_footer":false,"_kad_post_classname":""},"product_brand":[],"product_cat":[229,334],"product_tag":[242,224,332],"class_list":{"0":"post-1208","1":"product","2":"type-product","3":"status-publish","4":"has-post-thumbnail","6":"product_cat-effekte","7":"product_cat-bubble","8":"product_tag-bubble","9":"product_tag-effect","10":"product_tag-fill","12":"first","13":"instock","14":"shipping-taxable","15":"purchasable","16":"product-type-redq_rental","17":"entry","18":"content-bg","19":"loop-entry"},"_links":{"self":[{"href":"https:\/\/www.pjevents.ch\/en\/wp-json\/wp\/v2\/product\/1208","targetHints":{"allow":["GET"]}}],"collection":[{"href":"https:\/\/www.pjevents.ch\/en\/wp-json\/wp\/v2\/product"}],"about":[{"href":"https:\/\/www.pjevents.ch\/en\/wp-json\/wp\/v2\/types\/product"}],"replies":[{"embeddable":true,"href":"https:\/\/www.pjevents.ch\/en\/wp-json\/wp\/v2\/comments?post=1208"}],"wp:featuredmedia":[{"embeddable":true,"href":"https:\/\/www.pjevents.ch\/en\/wp-json\/wp\/v2\/media\/1209"}],"wp:attachment":[{"href":"https:\/\/www.pjevents.ch\/en\/wp-json\/wp\/v2\/media?parent=1208"}],"wp:term":[{"taxonomy":"product_brand","embeddable":true,"href":"https:\/\/www.pjevents.ch\/en\/wp-json\/wp\/v2\/product_brand?post=1208"},{"taxonomy":"product_cat","embeddable":true,"href":"https:\/\/www.pjevents.ch\/en\/wp-json\/wp\/v2\/product_cat?post=1208"},{"taxonomy":"product_tag","embeddable":true,"href":"https:\/\/www.pjevents.ch\/en\/wp-json\/wp\/v2\/product_tag?post=1208"}],"curies":[{"name":"wp","href":"https:\/\/api.w.org\/{rel}","templated":true}]}}