{"id":1256,"date":"2025-09-24T23:16:15","date_gmt":"2025-09-24T21:16:15","guid":{"rendered":"https:\/\/www.pjevents.ch\/?post_type=product&#038;p=1256"},"modified":"2026-02-03T10:51:35","modified_gmt":"2026-02-03T09:51:35","slug":"soundswitch","status":"publish","type":"product","link":"https:\/\/www.pjevents.ch\/en\/product\/soundswitch\/","title":{"rendered":"Soundswitch"},"content":{"rendered":"<p data-start=\"406\" data-end=\"511\">Mit dem SoundSwitch DMX-USB Adapter und dem bereitgestellten Laptop steuerst du deine Lichter flexibel:<\/p>\n<ol data-start=\"513\" data-end=\"1062\">\n<li data-start=\"513\" data-end=\"819\">\n<p data-start=\"516\" data-end=\"819\"><strong data-start=\"516\" data-end=\"529\">Autoloops<\/strong> \u2192 Du kannst eigene Autoloops programmieren oder die vorinstallierten nutzen (diese sind eher Standard und sollten f\u00fcr bessere Ergebnisse angepasst werden). Autoloops laufen beat-synchron, indem das Laptopmikrofon den Takt erkennt (auf Wunsch pr\u00e4ziser \u00fcber ein Behringer Audio-Interface). Die Programmierung von Autoloops kann je nach Ger\u00e4tezahl mehrere Stunden bis Tage in Anspruch nehmen. Sollte eine l\u00e4ngere Miete erw\u00fcnscht sein, bitte per Kontaktformular anfragen.<\/p>\n<\/li>\n<li data-start=\"820\" data-end=\"1062\">\n<p data-start=\"823\" data-end=\"1062\"><strong data-start=\"823\" data-end=\"847\">Synchrone Lichtshows<\/strong> \u2192 Mit <strong data-start=\"854\" data-end=\"867\">Serato DJ<\/strong> lassen sich Lichtshows exakt an deine Tracks koppeln. Andere Programme wie Virtual DJ sind kompatibel, bieten aber nicht die gleiche Pr\u00e4zision \u2013 f\u00fcr echte Synchronit\u00e4t ist Serato erforderlich.<\/p>\n<\/li>\n<\/ol>\n<p data-start=\"1064\" data-end=\"1190\">So hast du die Wahl: einfache Autoloops, die dem Beat folgen, oder professionelle Shows, die perfekt zu deinen Songs passen.<\/p>","protected":false},"excerpt":{"rendered":"<p>SoundSwitch DMX-Interface inkl. Laptop \u2013 erstelle oder nutze Autoloops die zum Beat laufen oder synchronisierte Lichtshows (synchrone Lichtshows nur mit Serato DJ Pro).<\/p>","protected":false},"featured_media":1257,"comment_status":"open","ping_status":"closed","template":"","meta":{"_kad_post_transparent":"default","_kad_post_title":"","_kad_post_layout":"default","_kad_post_sidebar_id":"","_kad_post_content_style":"default","_kad_post_vertical_padding":"default","_kad_post_feature":"","_kad_post_feature_position":"","_kad_post_header":false,"_kad_post_footer":false,"_kad_post_classname":""},"product_brand":[],"product_cat":[261,337],"product_tag":[264,269],"class_list":{"0":"post-1256","1":"product","2":"type-product","3":"status-publish","4":"has-post-thumbnail","6":"product_cat-controller","7":"product_cat-light","8":"product_tag-control","9":"product_tag-lightcontroller","11":"first","12":"instock","13":"shipping-taxable","14":"purchasable","15":"product-type-redq_rental","16":"entry","17":"content-bg","18":"loop-entry"},"_links":{"self":[{"href":"https:\/\/www.pjevents.ch\/en\/wp-json\/wp\/v2\/product\/1256","targetHints":{"allow":["GET"]}}],"collection":[{"href":"https:\/\/www.pjevents.ch\/en\/wp-json\/wp\/v2\/product"}],"about":[{"href":"https:\/\/www.pjevents.ch\/en\/wp-json\/wp\/v2\/types\/product"}],"replies":[{"embeddable":true,"href":"https:\/\/www.pjevents.ch\/en\/wp-json\/wp\/v2\/comments?post=1256"}],"wp:featuredmedia":[{"embeddable":true,"href":"https:\/\/www.pjevents.ch\/en\/wp-json\/wp\/v2\/media\/1257"}],"wp:attachment":[{"href":"https:\/\/www.pjevents.ch\/en\/wp-json\/wp\/v2\/media?parent=1256"}],"wp:term":[{"taxonomy":"product_brand","embeddable":true,"href":"https:\/\/www.pjevents.ch\/en\/wp-json\/wp\/v2\/product_brand?post=1256"},{"taxonomy":"product_cat","embeddable":true,"href":"https:\/\/www.pjevents.ch\/en\/wp-json\/wp\/v2\/product_cat?post=1256"},{"taxonomy":"product_tag","embeddable":true,"href":"https:\/\/www.pjevents.ch\/en\/wp-json\/wp\/v2\/product_tag?post=1256"}],"curies":[{"name":"wp","href":"https:\/\/api.w.org\/{rel}","templated":true}]}}