{"id":1274,"date":"2025-09-29T23:36:30","date_gmt":"2025-09-29T21:36:30","guid":{"rendered":"https:\/\/www.pjevents.ch\/?post_type=product&#038;p=1274"},"modified":"2026-02-03T16:23:14","modified_gmt":"2026-02-03T15:23:14","slug":"mobile-party","status":"publish","type":"product","link":"https:\/\/www.pjevents.ch\/en\/product\/mobile-party\/","title":{"rendered":"Mobile Party"},"content":{"rendered":"<p>Zwei mobile, akkubetriebene Teufel Rockster Air Lautsprecher im Doppelpack. Bis zu 30 Stunden Akkulaufzeit (moderate Lautst\u00e4rke) machen dich komplett unabh\u00e4ngig von Stromquellen \u2013 ideal f\u00fcr Partys im Freien, am See, im Park oder beim Grillfest. Die Rockster Air \u00fcberzeugen mit sattem Sound, starkem Bass und Bluetooth-Funktionalit\u00e4t. Im Doppelpack steigt Lautst\u00e4rke und Reichweite deutlich, perfekt f\u00fcr bis zu 50 G\u00e4ste. Robustes Geh\u00e4use, simple Bedienung und maximale Flexibilit\u00e4t. Boxenstative auf Anfrage.<br data-start=\"6719\" data-end=\"6722\" \/>\ud83d\udc49 <strong data-start=\"6725\" data-end=\"6745\">Prerequisites:<\/strong> Handy mit Bluetooth oder Mixer mit XLR\/Klinke. AUX-Anschluss ebenfalls m\u00f6glich.<\/p>","protected":false},"excerpt":{"rendered":"<p>Super mobil &amp; akkubetrieben. Perfekt f\u00fcr Partys bis 50 G\u00e4ste \u2013 ob im Park, am See oder im Wohnzimmer. Bluetooth an und los!<br data-start=\"313\" data-end=\"316\" \/><strong data-start=\"316\" data-end=\"330\">Enthalten:<\/strong> 2\u00d7 Teufel Rockster Air, alle ben\u00f6tigten Kabel<br data-start=\"353\" data-end=\"356\" \/>\ud83d\udc49 <strong data-start=\"359\" data-end=\"379\">Prerequisites:<\/strong> Handy mit Bluetooth oder Mixer (XLR\/Klinke). AUX ebenfalls m\u00f6glich.<\/p>","protected":false},"featured_media":1275,"comment_status":"open","ping_status":"closed","template":"","meta":{"_kad_post_transparent":"default","_kad_post_title":"","_kad_post_layout":"default","_kad_post_sidebar_id":"","_kad_post_content_style":"default","_kad_post_vertical_padding":"default","_kad_post_feature":"","_kad_post_feature_position":"","_kad_post_header":false,"_kad_post_footer":false,"_kad_post_classname":""},"product_brand":[],"product_cat":[243,338],"product_tag":[272,273,221],"class_list":{"0":"post-1274","1":"product","2":"type-product","3":"status-publish","4":"has-post-thumbnail","6":"product_cat-bundle","7":"product_cat-musikanlagen","8":"product_tag-m20","9":"product_tag-m50","10":"product_tag-music","12":"first","13":"instock","14":"shipping-taxable","15":"purchasable","16":"product-type-redq_rental","17":"entry","18":"content-bg","19":"loop-entry"},"_links":{"self":[{"href":"https:\/\/www.pjevents.ch\/en\/wp-json\/wp\/v2\/product\/1274","targetHints":{"allow":["GET"]}}],"collection":[{"href":"https:\/\/www.pjevents.ch\/en\/wp-json\/wp\/v2\/product"}],"about":[{"href":"https:\/\/www.pjevents.ch\/en\/wp-json\/wp\/v2\/types\/product"}],"replies":[{"embeddable":true,"href":"https:\/\/www.pjevents.ch\/en\/wp-json\/wp\/v2\/comments?post=1274"}],"wp:featuredmedia":[{"embeddable":true,"href":"https:\/\/www.pjevents.ch\/en\/wp-json\/wp\/v2\/media\/1275"}],"wp:attachment":[{"href":"https:\/\/www.pjevents.ch\/en\/wp-json\/wp\/v2\/media?parent=1274"}],"wp:term":[{"taxonomy":"product_brand","embeddable":true,"href":"https:\/\/www.pjevents.ch\/en\/wp-json\/wp\/v2\/product_brand?post=1274"},{"taxonomy":"product_cat","embeddable":true,"href":"https:\/\/www.pjevents.ch\/en\/wp-json\/wp\/v2\/product_cat?post=1274"},{"taxonomy":"product_tag","embeddable":true,"href":"https:\/\/www.pjevents.ch\/en\/wp-json\/wp\/v2\/product_tag?post=1274"}],"curies":[{"name":"wp","href":"https:\/\/api.w.org\/{rel}","templated":true}]}}