{"id":1289,"date":"2025-09-30T00:36:33","date_gmt":"2025-09-29T22:36:33","guid":{"rendered":"https:\/\/www.pjevents.ch\/?post_type=product&#038;p=1289"},"modified":"2026-02-03T16:22:54","modified_gmt":"2026-02-03T15:22:54","slug":"bassline-one","status":"publish","type":"product","link":"https:\/\/www.pjevents.ch\/en\/product\/bassline-one\/","title":{"rendered":"Bassline One"},"content":{"rendered":"<p>Dieses Bundle bringt mit zwei HK Tops und einem Subwoofer die perfekte Balance zwischen klaren H\u00f6hen, stabilen Mitten und sattem Bass. Optimal f\u00fcr Events mit <strong>100\u2013150 G\u00e4sten<\/strong> \u2013 von Geburtstagsfeiern \u00fcber Vereinsanl\u00e4sse bis hin zu kleineren Konzerten. Der Bass trennt sich nur \u00fcber den XLR-Eingang am Subwoofer sauber von den Tops, deshalb empfehlen wir Mixer oder XLR-Bluetooth-Adapter.<br data-start=\"1790\" data-end=\"1793\" \/>\ud83d\udc49 <strong data-start=\"1796\" data-end=\"1816\">Prerequisites:<\/strong> Handy mit Bluetooth oder Mixer (XLR\/Klinke). F\u00fcr besten Sound empfohlen: Mixer oder XLR-Bluetooth-Adapter (Trennung der B\u00e4sse nur per XLR m\u00f6glich).<\/p>","protected":false},"excerpt":{"rendered":"<p>Mehr Druck f\u00fcr 100\u2013150 G\u00e4ste. Saubere H\u00f6hen, kr\u00e4ftiger Bass \u2013 und die Tanzfl\u00e4che lebt!<br data-start=\"1214\" data-end=\"1217\" \/><strong data-start=\"1217\" data-end=\"1231\">Enthalten:<\/strong> 2\u00d7 HK Audio Tops, 1\u00d7 HK Sub, alle ben\u00f6tigten Kabel<br data-start=\"1259\" data-end=\"1262\" \/>\ud83d\udc49 <strong data-start=\"1265\" data-end=\"1285\">Prerequisites:<\/strong> Handy mit Bluetooth oder Mixer (XLR\/Klinke). F\u00fcr besten Sound empfohlen: Mixer oder XLR-Bluetooth-Adapter.<\/p>","protected":false},"featured_media":1290,"comment_status":"open","ping_status":"closed","template":"","meta":{"_kad_post_transparent":"default","_kad_post_title":"","_kad_post_layout":"default","_kad_post_sidebar_id":"","_kad_post_content_style":"default","_kad_post_vertical_padding":"default","_kad_post_feature":"","_kad_post_feature_position":"","_kad_post_header":false,"_kad_post_footer":false,"_kad_post_classname":""},"product_brand":[],"product_cat":[243,338],"product_tag":[274,275,273,221],"class_list":{"0":"post-1289","1":"product","2":"type-product","3":"status-publish","4":"has-post-thumbnail","6":"product_cat-bundle","7":"product_cat-musikanlagen","8":"product_tag-m100","9":"product_tag-m200","10":"product_tag-m50","11":"product_tag-music","13":"first","14":"instock","15":"shipping-taxable","16":"purchasable","17":"product-type-redq_rental","18":"entry","19":"content-bg","20":"loop-entry"},"_links":{"self":[{"href":"https:\/\/www.pjevents.ch\/en\/wp-json\/wp\/v2\/product\/1289","targetHints":{"allow":["GET"]}}],"collection":[{"href":"https:\/\/www.pjevents.ch\/en\/wp-json\/wp\/v2\/product"}],"about":[{"href":"https:\/\/www.pjevents.ch\/en\/wp-json\/wp\/v2\/types\/product"}],"replies":[{"embeddable":true,"href":"https:\/\/www.pjevents.ch\/en\/wp-json\/wp\/v2\/comments?post=1289"}],"wp:featuredmedia":[{"embeddable":true,"href":"https:\/\/www.pjevents.ch\/en\/wp-json\/wp\/v2\/media\/1290"}],"wp:attachment":[{"href":"https:\/\/www.pjevents.ch\/en\/wp-json\/wp\/v2\/media?parent=1289"}],"wp:term":[{"taxonomy":"product_brand","embeddable":true,"href":"https:\/\/www.pjevents.ch\/en\/wp-json\/wp\/v2\/product_brand?post=1289"},{"taxonomy":"product_cat","embeddable":true,"href":"https:\/\/www.pjevents.ch\/en\/wp-json\/wp\/v2\/product_cat?post=1289"},{"taxonomy":"product_tag","embeddable":true,"href":"https:\/\/www.pjevents.ch\/en\/wp-json\/wp\/v2\/product_tag?post=1289"}],"curies":[{"name":"wp","href":"https:\/\/api.w.org\/{rel}","templated":true}]}}