{"id":1291,"date":"2025-09-30T00:40:22","date_gmt":"2025-09-29T22:40:22","guid":{"rendered":"https:\/\/www.pjevents.ch\/?post_type=product&#038;p=1291"},"modified":"2026-02-03T16:22:49","modified_gmt":"2026-02-03T15:22:49","slug":"deep-impact","status":"publish","type":"product","link":"https:\/\/www.pjevents.ch\/en\/product\/deep-impact\/","title":{"rendered":"Deep Impact"},"content":{"rendered":"<p>Mit zwei HK Tops und gleich zwei Subwoofern bringt dieses Setup echten Club-Sound f\u00fcr Events mit <strong>150\u2013200 G\u00e4sten<\/strong>. Der doppelte Sub sorgt f\u00fcr massiven Druck im Tiefbass, w\u00e4hrend die Tops brillante H\u00f6hen und saubere Mitten liefern. Perfekt f\u00fcr elektronische Musik, Hip-Hop oder Partys mit grosser Tanzfl\u00e4che. Dank aktiver Komponenten ist das System leicht aufzubauen und sofort einsatzbereit.<br data-start=\"2679\" data-end=\"2682\" \/>\ud83d\udc49 <strong data-start=\"2685\" data-end=\"2705\">Prerequisites:<\/strong> Handy mit Bluetooth oder Mixer (XLR\/Klinke). F\u00fcr besten Sound empfohlen: Mixer oder XLR-Bluetooth-Adapter (saubere Bass\/Tops-Trennung nur per XLR). Hllao<\/p>","protected":false},"excerpt":{"rendered":"<p>Club-Feeling pur! Doppelter Subwoofer-Power f\u00fcr 150\u2013200 G\u00e4ste \u2013 hier bebt die Tanzfl\u00e4che.<br data-start=\"2097\" data-end=\"2100\" \/><strong data-start=\"2100\" data-end=\"2114\">Enthalten:<\/strong> 2\u00d7 HK Audio Tops, 2\u00d7 HK Subs, alle ben\u00f6tigten Kabel<br data-start=\"2143\" data-end=\"2146\" \/>\ud83d\udc49 <strong data-start=\"2149\" data-end=\"2169\">Prerequisites:<\/strong> Handy mit Bluetooth oder Mixer (XLR\/Klinke). F\u00fcr besten Sound empfohlen: Mixer oder XLR-Bluetooth-Adapter.<\/p>","protected":false},"featured_media":1292,"comment_status":"open","ping_status":"closed","template":"","meta":{"_kad_post_transparent":"default","_kad_post_title":"","_kad_post_layout":"default","_kad_post_sidebar_id":"","_kad_post_content_style":"default","_kad_post_vertical_padding":"default","_kad_post_feature":"","_kad_post_feature_position":"","_kad_post_header":false,"_kad_post_footer":false,"_kad_post_classname":""},"product_brand":[],"product_cat":[243,338],"product_tag":[274,275,273,221],"class_list":{"0":"post-1291","1":"product","2":"type-product","3":"status-publish","4":"has-post-thumbnail","6":"product_cat-bundle","7":"product_cat-musikanlagen","8":"product_tag-m100","9":"product_tag-m200","10":"product_tag-m50","11":"product_tag-music","13":"first","14":"instock","15":"shipping-taxable","16":"purchasable","17":"product-type-redq_rental","18":"entry","19":"content-bg","20":"loop-entry"},"_links":{"self":[{"href":"https:\/\/www.pjevents.ch\/en\/wp-json\/wp\/v2\/product\/1291","targetHints":{"allow":["GET"]}}],"collection":[{"href":"https:\/\/www.pjevents.ch\/en\/wp-json\/wp\/v2\/product"}],"about":[{"href":"https:\/\/www.pjevents.ch\/en\/wp-json\/wp\/v2\/types\/product"}],"replies":[{"embeddable":true,"href":"https:\/\/www.pjevents.ch\/en\/wp-json\/wp\/v2\/comments?post=1291"}],"wp:featuredmedia":[{"embeddable":true,"href":"https:\/\/www.pjevents.ch\/en\/wp-json\/wp\/v2\/media\/1292"}],"wp:attachment":[{"href":"https:\/\/www.pjevents.ch\/en\/wp-json\/wp\/v2\/media?parent=1291"}],"wp:term":[{"taxonomy":"product_brand","embeddable":true,"href":"https:\/\/www.pjevents.ch\/en\/wp-json\/wp\/v2\/product_brand?post=1291"},{"taxonomy":"product_cat","embeddable":true,"href":"https:\/\/www.pjevents.ch\/en\/wp-json\/wp\/v2\/product_cat?post=1291"},{"taxonomy":"product_tag","embeddable":true,"href":"https:\/\/www.pjevents.ch\/en\/wp-json\/wp\/v2\/product_tag?post=1291"}],"curies":[{"name":"wp","href":"https:\/\/api.w.org\/{rel}","templated":true}]}}