{"id":1294,"date":"2025-09-30T00:43:36","date_gmt":"2025-09-29T22:43:36","guid":{"rendered":"https:\/\/www.pjevents.ch\/?post_type=product&#038;p=1294"},"modified":"2026-02-03T16:22:43","modified_gmt":"2026-02-03T15:22:43","slug":"the-earthquake","status":"publish","type":"product","link":"https:\/\/www.pjevents.ch\/en\/product\/the-earthquake\/","title":{"rendered":"The Earthquake"},"content":{"rendered":"<p>Vier Subwoofer (2 HK, 2 MPA) und zwei HK Tops machen deinem Event alle Ehre: wuchtiger Bass, der bis ins Zwerchfell geht, und dennoch klare H\u00f6hen. Ideal f\u00fcr Techno, EDM oder Hip-Hop \u2013 wenn <strong>200\u2013250 G\u00e4ste<\/strong> feiern und die Tanzfl\u00e4che bebt. Die HK Tops bringen Pr\u00e4zision, die MPA Subs zus\u00e4tzlichen Druck. Perfekt f\u00fcr grosse Hallen oder Open-Air-Partys.<br data-start=\"3524\" data-end=\"3527\" \/>\ud83d\udc49 <strong data-start=\"3530\" data-end=\"3550\">Prerequisites:<\/strong> Handy mit Bluetooth oder Mixer (XLR\/Klinke). Empfohlen: Mixer mit XLR- und Klinke-Ausgang, damit die MPA Subs separat eingebunden werden k\u00f6nnen.<\/p>","protected":false},"excerpt":{"rendered":"<p>Sp\u00fcre den Bass bis in die Magengrube \u2013 200\u2013250 G\u00e4ste, die den Boden vibrieren f\u00fchlen.<br data-start=\"2985\" data-end=\"2988\" \/><strong data-start=\"2988\" data-end=\"3002\">Enthalten:<\/strong> 2\u00d7 HK Audio Tops, 2\u00d7 HK Subs, 2\u00d7 MPA Subs, alle ben\u00f6tigten Kabel<br data-start=\"3044\" data-end=\"3047\" \/>\ud83d\udc49 <strong data-start=\"3050\" data-end=\"3070\">Prerequisites:<\/strong> Handy mit Bluetooth oder Mixer (XLR\/Klinke). Empfohlen: Mixer mit XLR <strong data-start=\"3141\" data-end=\"3148\">and<\/strong> Klinke-Ausgang.<\/p>","protected":false},"featured_media":1295,"comment_status":"open","ping_status":"closed","template":"","meta":{"_kad_post_transparent":"default","_kad_post_title":"","_kad_post_layout":"default","_kad_post_sidebar_id":"","_kad_post_content_style":"default","_kad_post_vertical_padding":"default","_kad_post_feature":"","_kad_post_feature_position":"","_kad_post_header":false,"_kad_post_footer":false,"_kad_post_classname":""},"product_brand":[],"product_cat":[243,338],"product_tag":[274,275,276,221],"class_list":{"0":"post-1294","1":"product","2":"type-product","3":"status-publish","4":"has-post-thumbnail","6":"product_cat-bundle","7":"product_cat-musikanlagen","8":"product_tag-m100","9":"product_tag-m200","10":"product_tag-m300","11":"product_tag-music","13":"first","14":"instock","15":"shipping-taxable","16":"purchasable","17":"product-type-redq_rental","18":"entry","19":"content-bg","20":"loop-entry"},"_links":{"self":[{"href":"https:\/\/www.pjevents.ch\/en\/wp-json\/wp\/v2\/product\/1294","targetHints":{"allow":["GET"]}}],"collection":[{"href":"https:\/\/www.pjevents.ch\/en\/wp-json\/wp\/v2\/product"}],"about":[{"href":"https:\/\/www.pjevents.ch\/en\/wp-json\/wp\/v2\/types\/product"}],"replies":[{"embeddable":true,"href":"https:\/\/www.pjevents.ch\/en\/wp-json\/wp\/v2\/comments?post=1294"}],"wp:featuredmedia":[{"embeddable":true,"href":"https:\/\/www.pjevents.ch\/en\/wp-json\/wp\/v2\/media\/1295"}],"wp:attachment":[{"href":"https:\/\/www.pjevents.ch\/en\/wp-json\/wp\/v2\/media?parent=1294"}],"wp:term":[{"taxonomy":"product_brand","embeddable":true,"href":"https:\/\/www.pjevents.ch\/en\/wp-json\/wp\/v2\/product_brand?post=1294"},{"taxonomy":"product_cat","embeddable":true,"href":"https:\/\/www.pjevents.ch\/en\/wp-json\/wp\/v2\/product_cat?post=1294"},{"taxonomy":"product_tag","embeddable":true,"href":"https:\/\/www.pjevents.ch\/en\/wp-json\/wp\/v2\/product_tag?post=1294"}],"curies":[{"name":"wp","href":"https:\/\/api.w.org\/{rel}","templated":true}]}}