{"id":1296,"date":"2025-09-30T00:46:47","date_gmt":"2025-09-29T22:46:47","guid":{"rendered":"https:\/\/www.pjevents.ch\/?post_type=product&#038;p=1296"},"modified":"2026-02-03T16:20:01","modified_gmt":"2026-02-03T15:20:01","slug":"sound-fortress","status":"publish","type":"product","link":"https:\/\/www.pjevents.ch\/en\/product\/sound-fortress\/","title":{"rendered":"Sound Fortress"},"content":{"rendered":"<p><strong data-start=\"4015\" data-end=\"4024\">Lang:<\/strong> Das ultimative Komplettpaket f\u00fcr bis zu 300 G\u00e4ste. Mit HK Tops und Subs sowie MPA Tops und Subs bietet dieses Bundle alles: brillante H\u00f6hen, kr\u00e4ftige Mitten und B\u00e4sse, die selbst Open-Air jede Tanzfl\u00e4che dominieren. Ideal f\u00fcr grosse Vereinsfeste, Indoor-Partys oder Raves unter freiem Himmel. Der Mix aus HK-Pr\u00e4zision und MPA-Druck sorgt f\u00fcr kompromisslose Power und vollen Sound.<br data-start=\"4405\" data-end=\"4408\" \/>\ud83d\udc49 <strong data-start=\"4411\" data-end=\"4431\">Prerequisites:<\/strong> Handy mit Bluetooth oder Mixer (XLR\/Klinke). Optimal: Mixer mit XLR- und Klinke-Ausgang, um die MPA Subs separat anzuschliessen.<\/p>","protected":false},"excerpt":{"rendered":"<p>Deine Festung des Sounds \u2013 m\u00e4chtig, laut und klar. Perfekt f\u00fcr 250\u2013300 G\u00e4ste.<br data-start=\"3819\" data-end=\"3822\" \/><strong data-start=\"3822\" data-end=\"3836\">Enthalten:<\/strong> 2\u00d7 HK Audio Tops, 2\u00d7 HK Subs, 2\u00d7 MPA Tops, 2\u00d7 MPA Subs, alle ben\u00f6tigten Kabel<br data-start=\"3891\" data-end=\"3894\" \/>\ud83d\udc49 <strong data-start=\"3897\" data-end=\"3917\">Prerequisites:<\/strong> Handy mit Bluetooth oder Mixer (XLR\/Klinke). Empfohlen: Mixer mit XLR <strong data-start=\"3988\" data-end=\"3995\">and<\/strong> Klinke-Ausgang.<\/p>","protected":false},"featured_media":1297,"comment_status":"open","ping_status":"closed","template":"","meta":{"_kad_post_transparent":"default","_kad_post_title":"","_kad_post_layout":"default","_kad_post_sidebar_id":"","_kad_post_content_style":"default","_kad_post_vertical_padding":"default","_kad_post_feature":"","_kad_post_feature_position":"","_kad_post_header":false,"_kad_post_footer":false,"_kad_post_classname":""},"product_brand":[],"product_cat":[243,338],"product_tag":[274,275,276,221],"class_list":{"0":"post-1296","1":"product","2":"type-product","3":"status-publish","4":"has-post-thumbnail","6":"product_cat-bundle","7":"product_cat-musikanlagen","8":"product_tag-m100","9":"product_tag-m200","10":"product_tag-m300","11":"product_tag-music","13":"first","14":"instock","15":"shipping-taxable","16":"purchasable","17":"product-type-redq_rental","18":"entry","19":"content-bg","20":"loop-entry"},"_links":{"self":[{"href":"https:\/\/www.pjevents.ch\/en\/wp-json\/wp\/v2\/product\/1296","targetHints":{"allow":["GET"]}}],"collection":[{"href":"https:\/\/www.pjevents.ch\/en\/wp-json\/wp\/v2\/product"}],"about":[{"href":"https:\/\/www.pjevents.ch\/en\/wp-json\/wp\/v2\/types\/product"}],"replies":[{"embeddable":true,"href":"https:\/\/www.pjevents.ch\/en\/wp-json\/wp\/v2\/comments?post=1296"}],"wp:featuredmedia":[{"embeddable":true,"href":"https:\/\/www.pjevents.ch\/en\/wp-json\/wp\/v2\/media\/1297"}],"wp:attachment":[{"href":"https:\/\/www.pjevents.ch\/en\/wp-json\/wp\/v2\/media?parent=1296"}],"wp:term":[{"taxonomy":"product_brand","embeddable":true,"href":"https:\/\/www.pjevents.ch\/en\/wp-json\/wp\/v2\/product_brand?post=1296"},{"taxonomy":"product_cat","embeddable":true,"href":"https:\/\/www.pjevents.ch\/en\/wp-json\/wp\/v2\/product_cat?post=1296"},{"taxonomy":"product_tag","embeddable":true,"href":"https:\/\/www.pjevents.ch\/en\/wp-json\/wp\/v2\/product_tag?post=1296"}],"curies":[{"name":"wp","href":"https:\/\/api.w.org\/{rel}","templated":true}]}}