{"id":1579,"date":"2025-10-27T16:29:18","date_gmt":"2025-10-27T15:29:18","guid":{"rendered":"https:\/\/www.pjevents.ch\/?post_type=product&#038;p=1579"},"modified":"2026-02-03T11:07:04","modified_gmt":"2026-02-03T10:07:04","slug":"aurora-burst-dmx","status":"publish","type":"product","link":"https:\/\/www.pjevents.ch\/en\/product\/aurora-burst-dmx\/","title":{"rendered":"Aurora Burst (DMX)"},"content":{"rendered":"<p data-start=\"245\" data-end=\"331\"><strong data-start=\"245\" data-end=\"259\">Raumgr\u00f6\u00dfe:<\/strong> Gro\u00df (L) \u2013 <strong data-start=\"271\" data-end=\"285\">120\u2013250 m\u00b2<\/strong><br data-start=\"285\" data-end=\"288\" \/><strong data-start=\"288\" data-end=\"298\">Genre:<\/strong> Chillout<br data-start=\"307\" data-end=\"310\" \/><strong data-start=\"310\" data-end=\"319\">Vibe:<\/strong> Relaxed<\/p>\n<p data-start=\"333\" data-end=\"757\">\u26a0\ufe0f <strong data-start=\"336\" data-end=\"348\">ACHTUNG:<\/strong> Dieses Bundle enth\u00e4lt ein <strong data-start=\"375\" data-end=\"395\">DMX-Steuerger\u00e4t.<\/strong><br data-start=\"395\" data-end=\"398\" \/>Die <strong data-start=\"402\" data-end=\"426\">Eurolite SMD 864 PRO<\/strong> muss dar\u00fcber gesteuert werden; alle anderen Lichter laufen automatisch oder mit Musiksteuerung.<br data-start=\"522\" data-end=\"525\" \/>Ich erkl\u00e4re dir gern kurz die <strong data-start=\"555\" data-end=\"569\">DMX-Basics<\/strong> oder richte dir eine einfache Steuerung ein.<br data-start=\"614\" data-end=\"617\" \/>\ud83d\udc49 Eine <strong data-start=\"625\" data-end=\"644\">kurze Bedienung<\/strong> (z. B. Szenenwechsel) bleibt n\u00f6tig, du kannst aber auch feste Effekte oder <strong data-start=\"720\" data-end=\"742\">automatische Loops<\/strong> laufen lassen.<\/p>\n<p data-start=\"759\" data-end=\"973\"><strong data-start=\"759\" data-end=\"776\">Beschreibung:<\/strong><br data-start=\"776\" data-end=\"779\" \/>Perfekt f\u00fcr gro\u00dfe Chillout-R\u00e4ume oder Lounges mit entspannter Atmosph\u00e4re. Warme, weiche Lichteffekte kombiniert mit dynamischen Akzenten \u2013 ideal f\u00fcr ruhige, aber visuell eindrucksvolle Events.<\/p>\n<p data-start=\"975\" data-end=\"988\"><strong data-start=\"975\" data-end=\"986\">Inhalt:<\/strong><\/p>\n<ul data-start=\"989\" data-end=\"1153\">\n<li data-start=\"989\" data-end=\"1014\">\n<p data-start=\"991\" data-end=\"1014\">2 \u00d7 Cameo Superfly XS<\/p>\n<\/li>\n<li data-start=\"1015\" data-end=\"1041\">\n<p data-start=\"1017\" data-end=\"1041\">4 \u00d7 Cameo MaxiPar Quad<\/p>\n<\/li>\n<li data-start=\"1042\" data-end=\"1085\">\n<p data-start=\"1044\" data-end=\"1085\">2 \u00d7 Eurolite LED Strobe SMD PRO 864 RGB<\/p>\n<\/li>\n<li data-start=\"1086\" data-end=\"1102\">\n<p data-start=\"1088\" data-end=\"1102\">2 \u00d7 LED Pole<\/p>\n<\/li>\n<li data-start=\"1103\" data-end=\"1127\">\n<p data-start=\"1105\" data-end=\"1127\"><strong data-start=\"1105\" data-end=\"1125\">4 \u00d7 Lichtstative<\/strong><\/p>\n<\/li>\n<li data-start=\"1128\" data-end=\"1153\">\n<p data-start=\"1130\" data-end=\"1153\"><strong data-start=\"1130\" data-end=\"1148\">DMX-Steuerung:<\/strong> Yes<\/p>\n<\/li>\n<\/ul>\n<p data-start=\"1155\" data-end=\"1254\"><strong data-start=\"1155\" data-end=\"1166\">Gesamt:<\/strong> 13 Fixtures<\/p>","protected":false},"excerpt":{"rendered":"<p data-start=\"245\" data-end=\"331\">Perfekt f\u00fcr gro\u00dfe Chillout-R\u00e4ume oder Lounges mit entspannter Atmosph\u00e4re. Warme, weiche Lichteffekte kombiniert mit dynamischen Akzenten \u2013 ideal f\u00fcr ruhige, aber visuell eindrucksvolle Events.<\/p>","protected":false},"featured_media":1764,"comment_status":"open","ping_status":"closed","template":"","meta":{"_kad_post_transparent":"default","_kad_post_title":"","_kad_post_layout":"default","_kad_post_sidebar_id":"","_kad_post_content_style":"default","_kad_post_vertical_padding":"default","_kad_post_feature":"","_kad_post_feature_position":"","_kad_post_header":false,"_kad_post_footer":false,"_kad_post_classname":""},"product_brand":[],"product_cat":[243,339],"product_tag":[286,290],"class_list":{"0":"post-1579","1":"product","2":"type-product","3":"status-publish","4":"has-post-thumbnail","6":"product_cat-bundle","7":"product_cat-licht-sets","8":"product_tag-cel","9":"product_tag-lights","11":"first","12":"instock","13":"shipping-taxable","14":"purchasable","15":"product-type-redq_rental","16":"entry","17":"content-bg","18":"loop-entry"},"_links":{"self":[{"href":"https:\/\/www.pjevents.ch\/en\/wp-json\/wp\/v2\/product\/1579","targetHints":{"allow":["GET"]}}],"collection":[{"href":"https:\/\/www.pjevents.ch\/en\/wp-json\/wp\/v2\/product"}],"about":[{"href":"https:\/\/www.pjevents.ch\/en\/wp-json\/wp\/v2\/types\/product"}],"replies":[{"embeddable":true,"href":"https:\/\/www.pjevents.ch\/en\/wp-json\/wp\/v2\/comments?post=1579"}],"wp:featuredmedia":[{"embeddable":true,"href":"https:\/\/www.pjevents.ch\/en\/wp-json\/wp\/v2\/media\/1764"}],"wp:attachment":[{"href":"https:\/\/www.pjevents.ch\/en\/wp-json\/wp\/v2\/media?parent=1579"}],"wp:term":[{"taxonomy":"product_brand","embeddable":true,"href":"https:\/\/www.pjevents.ch\/en\/wp-json\/wp\/v2\/product_brand?post=1579"},{"taxonomy":"product_cat","embeddable":true,"href":"https:\/\/www.pjevents.ch\/en\/wp-json\/wp\/v2\/product_cat?post=1579"},{"taxonomy":"product_tag","embeddable":true,"href":"https:\/\/www.pjevents.ch\/en\/wp-json\/wp\/v2\/product_tag?post=1579"}],"curies":[{"name":"wp","href":"https:\/\/api.w.org\/{rel}","templated":true}]}}