{"id":1594,"date":"2025-10-27T17:06:39","date_gmt":"2025-10-27T16:06:39","guid":{"rendered":"https:\/\/www.pjevents.ch\/?post_type=product&#038;p=1594"},"modified":"2026-03-22T13:15:16","modified_gmt":"2026-03-22T12:15:16","slug":"cameo-superfly-xs-2x","status":"publish","type":"product","link":"https:\/\/www.pjevents.ch\/en\/product\/cameo-superfly-xs-2x\/","title":{"rendered":"Cameo Superfly XS 2x"},"content":{"rendered":"<p>Zwei Superflys \u2013 doppelte Bewegung!<br data-start=\"234\" data-end=\"237\" \/>Das Set sorgt f\u00fcr ein energiegeladenes Lichtspektakel mit rot-gr\u00fcn-blauen Strahlen, die sich st\u00e4ndig kreuzen und rotieren.<br data-start=\"359\" data-end=\"362\" \/>Ideal f\u00fcr dynamische Dancefloors, kleine Clubs oder Partykeller.<br data-start=\"426\" data-end=\"429\" \/>Einfach einschalten, auf Musiksteuerung stellen \u2013 schon verwandelt sich jeder Raum in eine bewegte Lichtshow mit kr\u00e4ftigen Farben und schneller Bewegung.<\/p>","protected":false},"excerpt":{"rendered":"<p>Zwei Superflys \u2013 doppelte Bewegung!<br data-start=\"234\" data-end=\"237\" \/>Das Set sorgt f\u00fcr ein energiegeladenes Lichtspektakel mit rot-gr\u00fcn-blauen Strahlen, die sich st\u00e4ndig kreuzen und rotieren.<br data-start=\"359\" data-end=\"362\" \/>Ideal f\u00fcr dynamische Dancefloors, kleine Clubs oder Partykeller.<br data-start=\"426\" data-end=\"429\" \/>Einfach einschalten, auf Musiksteuerung stellen \u2013 schon verwandelt sich jeder Raum in eine bewegte Lichtshow mit kr\u00e4ftigen Farben und schneller Bewegung.<\/p>\n[video width=\"1920\" height=\"1080\" mp4=\"http:\/\/www.pjevents.ch\/wp-content\/uploads\/2025\/09\/Superfly-2.mp4\"][\/video]\n","protected":false},"featured_media":731,"comment_status":"open","ping_status":"closed","template":"","meta":{"_kad_post_transparent":"default","_kad_post_title":"","_kad_post_layout":"default","_kad_post_sidebar_id":"","_kad_post_content_style":"default","_kad_post_vertical_padding":"default","_kad_post_feature":"","_kad_post_feature_position":"","_kad_post_header":false,"_kad_post_footer":false,"_kad_post_classname":""},"product_brand":[],"product_cat":[333,22],"product_tag":[240],"class_list":{"0":"post-1594","1":"product","2":"type-product","3":"status-publish","4":"has-post-thumbnail","6":"product_cat-derby","7":"product_cat-licht","8":"product_tag-derby","10":"first","11":"instock","12":"shipping-taxable","13":"purchasable","14":"product-type-redq_rental","15":"entry","16":"content-bg","17":"loop-entry"},"_links":{"self":[{"href":"https:\/\/www.pjevents.ch\/en\/wp-json\/wp\/v2\/product\/1594","targetHints":{"allow":["GET"]}}],"collection":[{"href":"https:\/\/www.pjevents.ch\/en\/wp-json\/wp\/v2\/product"}],"about":[{"href":"https:\/\/www.pjevents.ch\/en\/wp-json\/wp\/v2\/types\/product"}],"replies":[{"embeddable":true,"href":"https:\/\/www.pjevents.ch\/en\/wp-json\/wp\/v2\/comments?post=1594"}],"wp:featuredmedia":[{"embeddable":true,"href":"https:\/\/www.pjevents.ch\/en\/wp-json\/wp\/v2\/media\/731"}],"wp:attachment":[{"href":"https:\/\/www.pjevents.ch\/en\/wp-json\/wp\/v2\/media?parent=1594"}],"wp:term":[{"taxonomy":"product_brand","embeddable":true,"href":"https:\/\/www.pjevents.ch\/en\/wp-json\/wp\/v2\/product_brand?post=1594"},{"taxonomy":"product_cat","embeddable":true,"href":"https:\/\/www.pjevents.ch\/en\/wp-json\/wp\/v2\/product_cat?post=1594"},{"taxonomy":"product_tag","embeddable":true,"href":"https:\/\/www.pjevents.ch\/en\/wp-json\/wp\/v2\/product_tag?post=1594"}],"curies":[{"name":"wp","href":"https:\/\/api.w.org\/{rel}","templated":true}]}}