{"id":1597,"date":"2025-10-27T17:16:58","date_gmt":"2025-10-27T16:16:58","guid":{"rendered":"https:\/\/www.pjevents.ch\/?post_type=product&#038;p=1597"},"modified":"2026-03-22T13:15:10","modified_gmt":"2026-03-22T12:15:10","slug":"beamz-buv-463-2x","status":"publish","type":"product","link":"https:\/\/www.pjevents.ch\/en\/product\/beamz-buv-463-2x\/","title":{"rendered":"BeamZ BUV 463 2x"},"content":{"rendered":"<p>Maximale Schwarzlicht-Leistung mit Sound-Reaktivit\u00e4t!<br data-start=\"1073\" data-end=\"1076\" \/>Das BeamZ BUV 463 Double Set kombiniert zwei starke UV-Bars mit Musiksteuerung \u2013 ideal f\u00fcr mittlere R\u00e4ume oder B\u00fchnen.<br data-start=\"1194\" data-end=\"1197\" \/>Durch die breite Abstrahlung bekommst du gleichm\u00e4ssiges UV-Licht auf Tanzfl\u00e4che, W\u00e4nde oder Dekorationen.<br data-start=\"1302\" data-end=\"1305\" \/>Perfekt f\u00fcr Neonpartys, Techno-Events oder k\u00fcnstlerische Lichtinstallationen.<\/p>","protected":false},"excerpt":{"rendered":"<p>Maximale Schwarzlicht-Leistung mit Sound-Reaktivit\u00e4t!<br data-start=\"1073\" data-end=\"1076\" \/>Das BeamZ BUV 463 Double Set kombiniert zwei starke UV-Bars mit Musiksteuerung \u2013 ideal f\u00fcr mittlere R\u00e4ume oder B\u00fchnen.<br data-start=\"1194\" data-end=\"1197\" \/>Durch die breite Abstrahlung bekommst du gleichm\u00e4ssiges UV-Licht auf Tanzfl\u00e4che, W\u00e4nde oder Dekorationen.<br data-start=\"1302\" data-end=\"1305\" \/>Perfekt f\u00fcr Neonpartys, Techno-Events oder k\u00fcnstlerische Lichtinstallationen.<\/p>\n[video width=\"1920\" height=\"1080\" mp4=\"http:\/\/www.pjevents.ch\/wp-content\/uploads\/2025\/09\/BUV-Strobe.mp4\"][\/video]\n","protected":false},"featured_media":716,"comment_status":"open","ping_status":"closed","template":"","meta":{"_kad_post_transparent":"default","_kad_post_title":"","_kad_post_layout":"default","_kad_post_sidebar_id":"","_kad_post_content_style":"default","_kad_post_vertical_padding":"default","_kad_post_feature":"","_kad_post_feature_position":"","_kad_post_header":false,"_kad_post_footer":false,"_kad_post_classname":""},"product_brand":[],"product_cat":[22,23],"product_tag":[239],"class_list":{"0":"post-1597","1":"product","2":"type-product","3":"status-publish","4":"has-post-thumbnail","6":"product_cat-licht","7":"product_cat-uv","8":"product_tag-uv","10":"first","11":"instock","12":"shipping-taxable","13":"purchasable","14":"product-type-redq_rental","15":"entry","16":"content-bg","17":"loop-entry"},"_links":{"self":[{"href":"https:\/\/www.pjevents.ch\/en\/wp-json\/wp\/v2\/product\/1597","targetHints":{"allow":["GET"]}}],"collection":[{"href":"https:\/\/www.pjevents.ch\/en\/wp-json\/wp\/v2\/product"}],"about":[{"href":"https:\/\/www.pjevents.ch\/en\/wp-json\/wp\/v2\/types\/product"}],"replies":[{"embeddable":true,"href":"https:\/\/www.pjevents.ch\/en\/wp-json\/wp\/v2\/comments?post=1597"}],"wp:featuredmedia":[{"embeddable":true,"href":"https:\/\/www.pjevents.ch\/en\/wp-json\/wp\/v2\/media\/716"}],"wp:attachment":[{"href":"https:\/\/www.pjevents.ch\/en\/wp-json\/wp\/v2\/media?parent=1597"}],"wp:term":[{"taxonomy":"product_brand","embeddable":true,"href":"https:\/\/www.pjevents.ch\/en\/wp-json\/wp\/v2\/product_brand?post=1597"},{"taxonomy":"product_cat","embeddable":true,"href":"https:\/\/www.pjevents.ch\/en\/wp-json\/wp\/v2\/product_cat?post=1597"},{"taxonomy":"product_tag","embeddable":true,"href":"https:\/\/www.pjevents.ch\/en\/wp-json\/wp\/v2\/product_tag?post=1597"}],"curies":[{"name":"wp","href":"https:\/\/api.w.org\/{rel}","templated":true}]}}