{"id":1599,"date":"2025-10-27T17:23:27","date_gmt":"2025-10-27T16:23:27","guid":{"rendered":"https:\/\/www.pjevents.ch\/?post_type=product&#038;p=1599"},"modified":"2026-03-22T13:16:03","modified_gmt":"2026-03-22T12:16:03","slug":"eurolite-led-strobe-smd-pro-864-rgb-2","status":"publish","type":"product","link":"https:\/\/www.pjevents.ch\/en\/product\/eurolite-led-strobe-smd-pro-864-rgb-2\/","title":{"rendered":"Eurolite LED Strobe SMD PRO 864 RGB 2x"},"content":{"rendered":"<p>Zwei Profi-RGB-Strobes f\u00fcr maximale Kontrolle und Festival-Feeling!<br data-start=\"2029\" data-end=\"2032\" \/>Leistungsstarke RGB-Blitze mit klaren Farbverl\u00e4ufen und Stroboskop-Power, ideal f\u00fcr B\u00fchnen, gr\u00f6ssere Events oder Raves.<br data-start=\"2151\" data-end=\"2154\" \/>Dank DMX-Steuerung lassen sich Tempo, Farbe und Intensit\u00e4t exakt abstimmen \u2013 oder automatisch auf Musik laufen lassen. (DMX-Steuerung separat buchbar)<\/p>","protected":false},"excerpt":{"rendered":"<p>Zwei Profi-RGB-Strobes f\u00fcr maximale Kontrolle und Festival-Feeling!<br data-start=\"2029\" data-end=\"2032\" \/>Leistungsstarke RGB-Blitze mit klaren Farbverl\u00e4ufen und Stroboskop-Power, ideal f\u00fcr B\u00fchnen, gr\u00f6ssere Events oder Raves.<br data-start=\"2151\" data-end=\"2154\" \/>Dank DMX-Steuerung lassen sich Tempo, Farbe und Intensit\u00e4t exakt abstimmen \u2013 oder automatisch auf Musik laufen lassen.<\/p>\n[video width=\"1920\" height=\"1080\" mp4=\"http:\/\/www.pjevents.ch\/wp-content\/uploads\/2025\/09\/SMD-2.mp4\"][\/video]\n","protected":false},"featured_media":682,"comment_status":"open","ping_status":"closed","template":"","meta":{"_kad_post_transparent":"default","_kad_post_title":"","_kad_post_layout":"default","_kad_post_sidebar_id":"","_kad_post_content_style":"default","_kad_post_vertical_padding":"default","_kad_post_feature":"","_kad_post_feature_position":"","_kad_post_header":false,"_kad_post_footer":false,"_kad_post_classname":""},"product_brand":[],"product_cat":[22,24,238],"product_tag":[236,237],"class_list":{"0":"post-1599","1":"product","2":"type-product","3":"status-publish","4":"has-post-thumbnail","6":"product_cat-licht","7":"product_cat-strobe","8":"product_cat-wash","9":"product_tag-strobe","10":"product_tag-wash","12":"first","13":"instock","14":"shipping-taxable","15":"purchasable","16":"product-type-redq_rental","17":"entry","18":"content-bg","19":"loop-entry"},"_links":{"self":[{"href":"https:\/\/www.pjevents.ch\/en\/wp-json\/wp\/v2\/product\/1599","targetHints":{"allow":["GET"]}}],"collection":[{"href":"https:\/\/www.pjevents.ch\/en\/wp-json\/wp\/v2\/product"}],"about":[{"href":"https:\/\/www.pjevents.ch\/en\/wp-json\/wp\/v2\/types\/product"}],"replies":[{"embeddable":true,"href":"https:\/\/www.pjevents.ch\/en\/wp-json\/wp\/v2\/comments?post=1599"}],"wp:featuredmedia":[{"embeddable":true,"href":"https:\/\/www.pjevents.ch\/en\/wp-json\/wp\/v2\/media\/682"}],"wp:attachment":[{"href":"https:\/\/www.pjevents.ch\/en\/wp-json\/wp\/v2\/media?parent=1599"}],"wp:term":[{"taxonomy":"product_brand","embeddable":true,"href":"https:\/\/www.pjevents.ch\/en\/wp-json\/wp\/v2\/product_brand?post=1599"},{"taxonomy":"product_cat","embeddable":true,"href":"https:\/\/www.pjevents.ch\/en\/wp-json\/wp\/v2\/product_cat?post=1599"},{"taxonomy":"product_tag","embeddable":true,"href":"https:\/\/www.pjevents.ch\/en\/wp-json\/wp\/v2\/product_tag?post=1599"}],"curies":[{"name":"wp","href":"https:\/\/api.w.org\/{rel}","templated":true}]}}