{"id":1600,"date":"2025-10-27T17:24:53","date_gmt":"2025-10-27T16:24:53","guid":{"rendered":"https:\/\/www.pjevents.ch\/?post_type=product&#038;p=1600"},"modified":"2026-03-22T13:12:21","modified_gmt":"2026-03-22T12:12:21","slug":"mini-blitzlicht-2x","status":"publish","type":"product","link":"https:\/\/www.pjevents.ch\/en\/product\/mini-blitzlicht-2x\/","title":{"rendered":"Mini Blitzlicht 2x"},"content":{"rendered":"<p>Klein, aber heftig!<br data-start=\"194\" data-end=\"197\" \/>Zwei Mini-Strobes sorgen f\u00fcr schnelle, intensive Blitz-Effekte im klassischen Stroboskop-Stil.<br data-start=\"291\" data-end=\"294\" \/>Perfekt als Erg\u00e4nzung zu anderen Lichtern oder f\u00fcr kleine R\u00e4ume, in denen du mit wenig Aufwand maximale Dynamik erzeugen willst.<br data-start=\"422\" data-end=\"425\" \/>Einfach einstecken und abfeiern \u2013 kein Setup n\u00f6tig, pure Party-Energy!<\/p>","protected":false},"excerpt":{"rendered":"<p>Klein, aber heftig!<br data-start=\"194\" data-end=\"197\" \/>Zwei Mini-Strobes sorgen f\u00fcr schnelle, intensive Blitz-Effekte im klassischen Stroboskop-Stil.<br data-start=\"291\" data-end=\"294\" \/>Perfekt als Erg\u00e4nzung zu anderen Lichtern oder f\u00fcr kleine R\u00e4ume, in denen du mit wenig Aufwand maximale Dynamik erzeugen willst.<br data-start=\"422\" data-end=\"425\" \/>Einfach einstecken und abfeiern \u2013 kein Setup n\u00f6tig, pure Party-Energy!<\/p>\n[video width=\"1920\" height=\"1080\" mp4=\"http:\/\/www.pjevents.ch\/wp-content\/uploads\/2025\/09\/Mini-Blitz.mp4\"][\/video]\n","protected":false},"featured_media":1199,"comment_status":"open","ping_status":"closed","template":"","meta":{"_kad_post_transparent":"default","_kad_post_title":"","_kad_post_layout":"default","_kad_post_sidebar_id":"","_kad_post_content_style":"default","_kad_post_vertical_padding":"default","_kad_post_feature":"","_kad_post_feature_position":"","_kad_post_header":false,"_kad_post_footer":false,"_kad_post_classname":""},"product_brand":[],"product_cat":[22,24],"product_tag":[332,236],"class_list":{"0":"post-1600","1":"product","2":"type-product","3":"status-publish","4":"has-post-thumbnail","6":"product_cat-licht","7":"product_cat-strobe","8":"product_tag-fill","9":"product_tag-strobe","11":"first","12":"instock","13":"shipping-taxable","14":"purchasable","15":"product-type-redq_rental","16":"entry","17":"content-bg","18":"loop-entry"},"_links":{"self":[{"href":"https:\/\/www.pjevents.ch\/en\/wp-json\/wp\/v2\/product\/1600","targetHints":{"allow":["GET"]}}],"collection":[{"href":"https:\/\/www.pjevents.ch\/en\/wp-json\/wp\/v2\/product"}],"about":[{"href":"https:\/\/www.pjevents.ch\/en\/wp-json\/wp\/v2\/types\/product"}],"replies":[{"embeddable":true,"href":"https:\/\/www.pjevents.ch\/en\/wp-json\/wp\/v2\/comments?post=1600"}],"wp:featuredmedia":[{"embeddable":true,"href":"https:\/\/www.pjevents.ch\/en\/wp-json\/wp\/v2\/media\/1199"}],"wp:attachment":[{"href":"https:\/\/www.pjevents.ch\/en\/wp-json\/wp\/v2\/media?parent=1600"}],"wp:term":[{"taxonomy":"product_brand","embeddable":true,"href":"https:\/\/www.pjevents.ch\/en\/wp-json\/wp\/v2\/product_brand?post=1600"},{"taxonomy":"product_cat","embeddable":true,"href":"https:\/\/www.pjevents.ch\/en\/wp-json\/wp\/v2\/product_cat?post=1600"},{"taxonomy":"product_tag","embeddable":true,"href":"https:\/\/www.pjevents.ch\/en\/wp-json\/wp\/v2\/product_tag?post=1600"}],"curies":[{"name":"wp","href":"https:\/\/api.w.org\/{rel}","templated":true}]}}