{"id":1605,"date":"2025-10-27T17:40:38","date_gmt":"2025-10-27T16:40:38","guid":{"rendered":"https:\/\/www.pjevents.ch\/?post_type=product&#038;p=1605"},"modified":"2026-02-03T10:52:27","modified_gmt":"2026-02-03T09:52:27","slug":"beamz-rage600-led-2x","status":"publish","type":"product","link":"https:\/\/www.pjevents.ch\/en\/product\/beamz-rage600-led-2x\/","title":{"rendered":"BeamZ Rage600 LED Nebelmaschine 2x"},"content":{"rendered":"<p>Zwei Nebelmaschinen mit integrierter LED-Beleuchtung \u2013 f\u00fcr dichten Nebel und leuchtende Farben!<br data-start=\"711\" data-end=\"714\" \/>Die Kombination erzeugt einen kraftvollen B\u00fchnen- oder Partylook mit farbig illuminiertem Nebelstrahl.<br data-start=\"816\" data-end=\"819\" \/>Perfekt f\u00fcr kleinere bis mittlere R\u00e4ume oder zum Flankieren von B\u00fchnen und Tanzfl\u00e4chen.<br data-start=\"906\" data-end=\"909\" \/>Einstecken, vorheizen, los \u2013 kein DMX n\u00f6tig.<\/p>","protected":false},"excerpt":{"rendered":"<p>Zwei Nebelmaschinen mit integrierter LED-Beleuchtung \u2013 f\u00fcr dichten Nebel und leuchtende Farben!<br data-start=\"711\" data-end=\"714\" \/>Die Kombination erzeugt einen kraftvollen B\u00fchnen- oder Partylook mit farbig illuminiertem Nebelstrahl.<br data-start=\"816\" data-end=\"819\" \/>Perfekt f\u00fcr kleinere bis mittlere R\u00e4ume oder zum Flankieren von B\u00fchnen und Tanzfl\u00e4chen.<br data-start=\"906\" data-end=\"909\" \/>Einstecken, vorheizen, los \u2013 kein DMX n\u00f6tig.<\/p>","protected":false},"featured_media":739,"comment_status":"open","ping_status":"closed","template":"","meta":{"_kad_post_transparent":"default","_kad_post_title":"","_kad_post_layout":"default","_kad_post_sidebar_id":"","_kad_post_content_style":"default","_kad_post_vertical_padding":"default","_kad_post_feature":"","_kad_post_feature_position":"","_kad_post_header":false,"_kad_post_footer":false,"_kad_post_classname":""},"product_brand":[],"product_cat":[229,25],"product_tag":[291,278,246],"class_list":{"0":"post-1605","1":"product","2":"type-product","3":"status-publish","4":"has-post-thumbnail","6":"product_cat-effekte","7":"product_cat-nebel","8":"product_tag-fog","9":"product_tag-fog_s","10":"product_tag-nebel","12":"first","13":"instock","14":"shipping-taxable","15":"purchasable","16":"product-type-redq_rental","17":"entry","18":"content-bg","19":"loop-entry"},"_links":{"self":[{"href":"https:\/\/www.pjevents.ch\/en\/wp-json\/wp\/v2\/product\/1605","targetHints":{"allow":["GET"]}}],"collection":[{"href":"https:\/\/www.pjevents.ch\/en\/wp-json\/wp\/v2\/product"}],"about":[{"href":"https:\/\/www.pjevents.ch\/en\/wp-json\/wp\/v2\/types\/product"}],"replies":[{"embeddable":true,"href":"https:\/\/www.pjevents.ch\/en\/wp-json\/wp\/v2\/comments?post=1605"}],"wp:featuredmedia":[{"embeddable":true,"href":"https:\/\/www.pjevents.ch\/en\/wp-json\/wp\/v2\/media\/739"}],"wp:attachment":[{"href":"https:\/\/www.pjevents.ch\/en\/wp-json\/wp\/v2\/media?parent=1605"}],"wp:term":[{"taxonomy":"product_brand","embeddable":true,"href":"https:\/\/www.pjevents.ch\/en\/wp-json\/wp\/v2\/product_brand?post=1605"},{"taxonomy":"product_cat","embeddable":true,"href":"https:\/\/www.pjevents.ch\/en\/wp-json\/wp\/v2\/product_cat?post=1605"},{"taxonomy":"product_tag","embeddable":true,"href":"https:\/\/www.pjevents.ch\/en\/wp-json\/wp\/v2\/product_tag?post=1605"}],"curies":[{"name":"wp","href":"https:\/\/api.w.org\/{rel}","templated":true}]}}