{"id":1606,"date":"2025-10-27T17:46:26","date_gmt":"2025-10-27T16:46:26","guid":{"rendered":"https:\/\/www.pjevents.ch\/?post_type=product&#038;p=1606"},"modified":"2026-02-03T10:52:27","modified_gmt":"2026-02-03T09:52:27","slug":"nebel-bundle-l","status":"publish","type":"product","link":"https:\/\/www.pjevents.ch\/en\/product\/nebel-bundle-l\/","title":{"rendered":"Nebel Bundle L"},"content":{"rendered":"<p data-start=\"216\" data-end=\"655\">Volle Nebel-Power im Dreier-Setup!<br data-start=\"250\" data-end=\"253\" \/>Zwei <strong data-start=\"258\" data-end=\"279\">BeamZ Rage600 LED<\/strong> sorgen f\u00fcr farbig beleuchtete Nebelschwaden, w\u00e4hrend die <strong data-start=\"337\" data-end=\"351\">ADJ VF1600<\/strong> mit massivem Nebelausstoss das Zentrum der Show bildet.<br data-start=\"407\" data-end=\"410\" \/>Gemeinsam f\u00fcllen sie selbst grosse R\u00e4ume oder B\u00fchnen mit dichtem Nebel, ideal f\u00fcr Laser, Lichtshows und Festivals.<br data-start=\"524\" data-end=\"527\" \/>Einstecken, vorheizen, und dein Event bekommt sofort den professionellen B\u00fchnenlook \u2013 von sanftem Dunst bis dichter Nebelwand.<\/p>\n<p data-start=\"657\" data-end=\"805\">\u2728 <strong data-start=\"659\" data-end=\"668\">Tipp:<\/strong> Platziere die VF1600 zentral und die Rage600 leicht seitlich \u2013 so entsteht eine beeindruckende Tiefenwirkung mit farbigem Nebel-Licht.<\/p>","protected":false},"excerpt":{"rendered":"<p data-start=\"216\" data-end=\"655\">Volle Nebel-Power im Dreier-Setup!<br data-start=\"250\" data-end=\"253\" \/>Zwei <strong data-start=\"258\" data-end=\"279\">BeamZ Rage600 LED<\/strong> sorgen f\u00fcr farbig beleuchtete Nebelschwaden, w\u00e4hrend die <strong data-start=\"337\" data-end=\"351\">ADJ VF1600<\/strong> mit massivem Nebelausstoss das Zentrum der Show bildet.<br data-start=\"407\" data-end=\"410\" \/>Gemeinsam f\u00fcllen sie selbst grosse R\u00e4ume oder B\u00fchnen mit dichtem Nebel, ideal f\u00fcr Laser, Lichtshows und Festivals.<br data-start=\"524\" data-end=\"527\" \/>Einstecken, vorheizen, und dein Event bekommt sofort den professionellen B\u00fchnenlook \u2013 von sanftem Dunst bis dichter Nebelwand.<\/p>\n<p data-start=\"657\" data-end=\"805\">\u2728 <strong data-start=\"659\" data-end=\"668\">Tipp:<\/strong> Platziere die VF1600 zentral und die Rage600 leicht seitlich \u2013 so entsteht eine beeindruckende Tiefenwirkung mit farbigem Nebel-Licht.<\/p>","protected":false},"featured_media":740,"comment_status":"open","ping_status":"closed","template":"","meta":{"_kad_post_transparent":"default","_kad_post_title":"","_kad_post_layout":"default","_kad_post_sidebar_id":"","_kad_post_content_style":"default","_kad_post_vertical_padding":"default","_kad_post_feature":"","_kad_post_feature_position":"","_kad_post_header":false,"_kad_post_footer":false,"_kad_post_classname":""},"product_brand":[],"product_cat":[243,229,25],"product_tag":[224,291,285,246],"class_list":{"0":"post-1606","1":"product","2":"type-product","3":"status-publish","4":"has-post-thumbnail","6":"product_cat-bundle","7":"product_cat-effekte","8":"product_cat-nebel","9":"product_tag-effect","10":"product_tag-fog","11":"product_tag-fog_l","12":"product_tag-nebel","14":"first","15":"instock","16":"shipping-taxable","17":"purchasable","18":"product-type-redq_rental","19":"entry","20":"content-bg","21":"loop-entry"},"_links":{"self":[{"href":"https:\/\/www.pjevents.ch\/en\/wp-json\/wp\/v2\/product\/1606","targetHints":{"allow":["GET"]}}],"collection":[{"href":"https:\/\/www.pjevents.ch\/en\/wp-json\/wp\/v2\/product"}],"about":[{"href":"https:\/\/www.pjevents.ch\/en\/wp-json\/wp\/v2\/types\/product"}],"replies":[{"embeddable":true,"href":"https:\/\/www.pjevents.ch\/en\/wp-json\/wp\/v2\/comments?post=1606"}],"wp:featuredmedia":[{"embeddable":true,"href":"https:\/\/www.pjevents.ch\/en\/wp-json\/wp\/v2\/media\/740"}],"wp:attachment":[{"href":"https:\/\/www.pjevents.ch\/en\/wp-json\/wp\/v2\/media?parent=1606"}],"wp:term":[{"taxonomy":"product_brand","embeddable":true,"href":"https:\/\/www.pjevents.ch\/en\/wp-json\/wp\/v2\/product_brand?post=1606"},{"taxonomy":"product_cat","embeddable":true,"href":"https:\/\/www.pjevents.ch\/en\/wp-json\/wp\/v2\/product_cat?post=1606"},{"taxonomy":"product_tag","embeddable":true,"href":"https:\/\/www.pjevents.ch\/en\/wp-json\/wp\/v2\/product_tag?post=1606"}],"curies":[{"name":"wp","href":"https:\/\/api.w.org\/{rel}","templated":true}]}}