{"id":1613,"date":"2025-10-29T20:28:21","date_gmt":"2025-10-29T19:28:21","guid":{"rendered":"https:\/\/www.pjevents.ch\/?post_type=product&#038;p=1613"},"modified":"2026-02-03T11:08:09","modified_gmt":"2026-02-03T10:08:09","slug":"blacklight-inferno-dmx","status":"publish","type":"product","link":"https:\/\/www.pjevents.ch\/en\/product\/blacklight-inferno-dmx\/","title":{"rendered":"Blacklight Inferno (DMX)"},"content":{"rendered":"<p data-start=\"210\" data-end=\"300\"><strong data-start=\"210\" data-end=\"224\">Raumgr\u00f6\u00dfe:<\/strong> Gro\u00df (L) \u2013 <strong data-start=\"236\" data-end=\"250\">120\u2013250 m\u00b2<\/strong><br data-start=\"250\" data-end=\"253\" \/><strong data-start=\"253\" data-end=\"263\">Genre:<\/strong> Electronic<br data-start=\"276\" data-end=\"279\" \/><strong data-start=\"279\" data-end=\"288\">Vibe:<\/strong> Neon party<\/p>\n<p data-start=\"302\" data-end=\"726\">\u26a0\ufe0f <strong data-start=\"305\" data-end=\"317\">ACHTUNG:<\/strong> Dieses Bundle enth\u00e4lt ein <strong data-start=\"344\" data-end=\"364\">DMX-Steuerger\u00e4t.<\/strong><br data-start=\"364\" data-end=\"367\" \/>Die <strong data-start=\"371\" data-end=\"395\">Eurolite SMD 864 PRO<\/strong> muss dar\u00fcber gesteuert werden; alle anderen Lichter laufen automatisch oder mit Musiksteuerung.<br data-start=\"491\" data-end=\"494\" \/>Ich erkl\u00e4re dir gern kurz die <strong data-start=\"524\" data-end=\"538\">DMX-Basics<\/strong> oder richte dir eine einfache Steuerung ein.<br data-start=\"583\" data-end=\"586\" \/>\ud83d\udc49 Eine <strong data-start=\"594\" data-end=\"613\">kurze Bedienung<\/strong> (z. B. Szenenwechsel) bleibt n\u00f6tig, du kannst aber auch feste Effekte oder <strong data-start=\"689\" data-end=\"711\">automatische Loops<\/strong> laufen lassen.<\/p>\n<p data-start=\"728\" data-end=\"916\"><strong data-start=\"728\" data-end=\"745\">Beschreibung:<\/strong><br data-start=\"745\" data-end=\"748\" \/>Blacklight Inferno ist pure Neon-Ekstase \u2013 das Bundle f\u00fcr N\u00e4chte, in denen alles leuchtet. Intensive UV-Fluter, grelle Strobes und farbige Beams verwandeln jeden Raum in eine leuchtende B\u00fchne. Wei\u00dfe Shirts, Neonfarben, Drinks \u2013 alles f\u00e4ngt an zu gl\u00fchen, w\u00e4hrend das Licht im Takt pulsiert. Perfekt f\u00fcr Techno-, Electro- oder Glow-Partys, bei denen Atmosph\u00e4re wichtiger ist als Perfektion. Dieses Set bringt dir das Gef\u00fchl eines Underground-Clubs direkt nach Hause \u2013 laut, intensiv und komplett elektrisierend.<\/p>\n<p data-start=\"918\" data-end=\"931\"><strong data-start=\"918\" data-end=\"929\">Inhalt:<\/strong><\/p>\n<ul data-start=\"932\" data-end=\"1175\">\n<li data-start=\"932\" data-end=\"957\">\n<p data-start=\"934\" data-end=\"957\">2 \u00d7 Cameo Superfly XS<\/p>\n<\/li>\n<li data-start=\"958\" data-end=\"987\">\n<p data-start=\"960\" data-end=\"987\">2 \u00d7 Eurolite SL-98 Strobe<\/p>\n<\/li>\n<li data-start=\"988\" data-end=\"1007\">\n<p data-start=\"990\" data-end=\"1007\">2 \u00d7 Mini Strobe<\/p>\n<\/li>\n<li data-start=\"1008\" data-end=\"1034\">\n<p data-start=\"1010\" data-end=\"1034\">2 \u00d7 Cameo MaxiPar Quad<\/p>\n<\/li>\n<li data-start=\"1035\" data-end=\"1078\">\n<p data-start=\"1037\" data-end=\"1078\">2 \u00d7 Eurolite LED Strobe SMD PRO 864 RGB<\/p>\n<\/li>\n<li data-start=\"1079\" data-end=\"1102\">\n<p data-start=\"1081\" data-end=\"1102\">2 \u00d7 ADJ UV Flood 36<\/p>\n<\/li>\n<li data-start=\"1103\" data-end=\"1124\">\n<p data-start=\"1105\" data-end=\"1124\">2 \u00d7 BeamZ BUV 463<\/p>\n<\/li>\n<li data-start=\"1103\" data-end=\"1124\">\n<p data-start=\"1105\" data-end=\"1124\">1 \u00d7 Eurolite UV R\u00f6hre 120cm<\/p>\n<\/li>\n<li data-start=\"1125\" data-end=\"1149\">\n<p data-start=\"1127\" data-end=\"1149\"><strong data-start=\"1127\" data-end=\"1147\">4 \u00d7 Lichtstative<\/strong><\/p>\n<\/li>\n<li data-start=\"1150\" data-end=\"1175\">\n<p data-start=\"1152\" data-end=\"1175\"><strong data-start=\"1152\" data-end=\"1170\">DMX-Steuerung:<\/strong> Yes<\/p>\n<\/li>\n<\/ul>\n<p data-start=\"1177\" data-end=\"1295\"><strong data-start=\"1177\" data-end=\"1188\">Gesamt:<\/strong> 15 Fixtures<\/p>","protected":false},"excerpt":{"rendered":"<p>Blacklight Inferno ist pure Neon-Ekstase \u2013 das Bundle f\u00fcr N\u00e4chte, in denen alles leuchtet. Intensive UV-Fluter, grelle Strobes und farbige Beams verwandeln jeden Raum in eine leuchtende B\u00fchne. Wei\u00dfe Shirts, Neonfarben, Drinks \u2013 alles f\u00e4ngt an zu gl\u00fchen, w\u00e4hrend das Licht im Takt pulsiert. Perfekt f\u00fcr Techno-, Electro- oder Glow-Partys, bei denen Atmosph\u00e4re wichtiger ist als Perfektion. Dieses Set bringt dir das Gef\u00fchl eines Underground-Clubs direkt nach Hause \u2013 laut, intensiv und komplett elektrisierend.<\/p>","protected":false},"featured_media":1767,"comment_status":"open","ping_status":"closed","template":"","meta":{"_kad_post_transparent":"default","_kad_post_title":"","_kad_post_layout":"default","_kad_post_sidebar_id":"","_kad_post_content_style":"default","_kad_post_vertical_padding":"default","_kad_post_feature":"","_kad_post_feature_position":"","_kad_post_header":false,"_kad_post_footer":false,"_kad_post_classname":""},"product_brand":[],"product_cat":[243,339],"product_tag":[289,290],"class_list":{"0":"post-1613","1":"product","2":"type-product","3":"status-publish","4":"has-post-thumbnail","6":"product_cat-bundle","7":"product_cat-licht-sets","8":"product_tag-enl","9":"product_tag-lights","11":"first","12":"instock","13":"shipping-taxable","14":"purchasable","15":"product-type-redq_rental","16":"entry","17":"content-bg","18":"loop-entry"},"_links":{"self":[{"href":"https:\/\/www.pjevents.ch\/en\/wp-json\/wp\/v2\/product\/1613","targetHints":{"allow":["GET"]}}],"collection":[{"href":"https:\/\/www.pjevents.ch\/en\/wp-json\/wp\/v2\/product"}],"about":[{"href":"https:\/\/www.pjevents.ch\/en\/wp-json\/wp\/v2\/types\/product"}],"replies":[{"embeddable":true,"href":"https:\/\/www.pjevents.ch\/en\/wp-json\/wp\/v2\/comments?post=1613"}],"wp:featuredmedia":[{"embeddable":true,"href":"https:\/\/www.pjevents.ch\/en\/wp-json\/wp\/v2\/media\/1767"}],"wp:attachment":[{"href":"https:\/\/www.pjevents.ch\/en\/wp-json\/wp\/v2\/media?parent=1613"}],"wp:term":[{"taxonomy":"product_brand","embeddable":true,"href":"https:\/\/www.pjevents.ch\/en\/wp-json\/wp\/v2\/product_brand?post=1613"},{"taxonomy":"product_cat","embeddable":true,"href":"https:\/\/www.pjevents.ch\/en\/wp-json\/wp\/v2\/product_cat?post=1613"},{"taxonomy":"product_tag","embeddable":true,"href":"https:\/\/www.pjevents.ch\/en\/wp-json\/wp\/v2\/product_tag?post=1613"}],"curies":[{"name":"wp","href":"https:\/\/api.w.org\/{rel}","templated":true}]}}