{"id":1627,"date":"2025-10-30T13:01:32","date_gmt":"2025-10-30T12:01:32","guid":{"rendered":"https:\/\/www.pjevents.ch\/?post_type=product&#038;p=1627"},"modified":"2026-02-03T11:07:35","modified_gmt":"2026-02-03T10:07:35","slug":"electric-aura","status":"publish","type":"product","link":"https:\/\/www.pjevents.ch\/en\/product\/electric-aura\/","title":{"rendered":"Electric Aura"},"content":{"rendered":"<p data-start=\"459\" data-end=\"550\"><strong data-start=\"459\" data-end=\"473\">Raumgr\u00f6\u00dfe:<\/strong> Mittel (M) \u2013 <strong data-start=\"487\" data-end=\"500\">40\u2013120 m\u00b2<\/strong><br data-start=\"500\" data-end=\"503\" \/><strong data-start=\"503\" data-end=\"513\">Genre:<\/strong> Electronic<br data-start=\"526\" data-end=\"529\" \/><strong data-start=\"529\" data-end=\"538\">Vibe:<\/strong> Neon party<\/p>\n<p data-start=\"552\" data-end=\"723\"><strong data-start=\"552\" data-end=\"569\">Beschreibung:<\/strong><br data-start=\"569\" data-end=\"572\" \/>Electric Aura bringt den Neon-Vibe in jede Location.<br data-start=\"466\" data-end=\"469\" \/>Kompakt aufgebaut und auf Effekt getrimmt, sorgt das Set f\u00fcr kr\u00e4ftige UV-Farben, leuchtende W\u00e4nde und tanzende Schatten.<br data-start=\"589\" data-end=\"592\" \/>Die UV-R\u00f6hre erzeugt eine gleichm\u00e4\u00dfige Grundbeleuchtung, w\u00e4hrend der Rest des Raums im weichen Glow verschwindet \u2013 perfekt f\u00fcr mittlere R\u00e4ume, Chillout-Zonen oder elektronische Pre-Partys.<br data-start=\"780\" data-end=\"783\" \/>Ideal, wenn du mit wenig Aufwand ein richtig starkes Ambiente schaffen willst.<br data-start=\"861\" data-end=\"864\" \/>Aufstellen, Licht an, und dein Raum lebt \u2013 simple, stylisch, intensiv.<\/p>\n<p data-start=\"725\" data-end=\"752\"><strong data-start=\"725\" data-end=\"750\">Inhalt:<\/strong><\/p>\n<ul data-start=\"753\" data-end=\"884\">\n<li data-start=\"753\" data-end=\"776\">\n<p data-start=\"755\" data-end=\"776\">2 \u00d7 ADJ UV Flood 36<\/p>\n<\/li>\n<li data-start=\"777\" data-end=\"798\">\n<p data-start=\"779\" data-end=\"798\">2 \u00d7 BeamZ BUV 463<\/p>\n<\/li>\n<li data-start=\"799\" data-end=\"831\">\n<p data-start=\"801\" data-end=\"831\">1 \u00d7 Eurolite UV-R\u00f6hre 120 cm<\/p>\n<\/li>\n<li data-start=\"832\" data-end=\"856\">\n<p data-start=\"834\" data-end=\"856\"><strong data-start=\"834\" data-end=\"854\">2 \u00d7 Lichtstative<\/strong><\/p>\n<\/li>\n<li data-start=\"857\" data-end=\"884\">\n<p data-start=\"859\" data-end=\"884\"><strong data-start=\"859\" data-end=\"877\">DMX-Steuerung:<\/strong> No<\/p>\n<\/li>\n<\/ul>\n<p data-start=\"886\" data-end=\"1001\"><strong data-start=\"886\" data-end=\"897\">Gesamt:<\/strong> 5 Fixtures<\/p>","protected":false},"excerpt":{"rendered":"<p>Electric Aura bringt den Neon-Vibe in jede Location.<br data-start=\"466\" data-end=\"469\" \/>Kompakt aufgebaut und auf Effekt getrimmt, sorgt das Set f\u00fcr kr\u00e4ftige UV-Farben, leuchtende W\u00e4nde und tanzende Schatten.<br data-start=\"589\" data-end=\"592\" \/>Die UV-R\u00f6hre erzeugt eine gleichm\u00e4\u00dfige Grundbeleuchtung, w\u00e4hrend der Rest des Raums im weichen Glow verschwindet \u2013 perfekt f\u00fcr mittlere R\u00e4ume, Chillout-Zonen oder elektronische Pre-Partys.<br data-start=\"780\" data-end=\"783\" \/>Ideal, wenn du mit wenig Aufwand ein richtig starkes Ambiente schaffen willst.<br data-start=\"861\" data-end=\"864\" \/>Aufstellen, Licht an, und dein Raum lebt \u2013 simple, stylisch, intensiv.<\/p>","protected":false},"featured_media":1772,"comment_status":"open","ping_status":"closed","template":"","meta":{"_kad_post_transparent":"default","_kad_post_title":"","_kad_post_layout":"default","_kad_post_sidebar_id":"","_kad_post_content_style":"default","_kad_post_vertical_padding":"default","_kad_post_feature":"","_kad_post_feature_position":"","_kad_post_header":false,"_kad_post_footer":false,"_kad_post_classname":""},"product_brand":[],"product_cat":[243,339],"product_tag":[294,290],"class_list":{"0":"post-1627","1":"product","2":"type-product","3":"status-publish","4":"has-post-thumbnail","6":"product_cat-bundle","7":"product_cat-licht-sets","8":"product_tag-enm","9":"product_tag-lights","11":"first","12":"instock","13":"shipping-taxable","14":"purchasable","15":"product-type-redq_rental","16":"entry","17":"content-bg","18":"loop-entry"},"_links":{"self":[{"href":"https:\/\/www.pjevents.ch\/en\/wp-json\/wp\/v2\/product\/1627","targetHints":{"allow":["GET"]}}],"collection":[{"href":"https:\/\/www.pjevents.ch\/en\/wp-json\/wp\/v2\/product"}],"about":[{"href":"https:\/\/www.pjevents.ch\/en\/wp-json\/wp\/v2\/types\/product"}],"replies":[{"embeddable":true,"href":"https:\/\/www.pjevents.ch\/en\/wp-json\/wp\/v2\/comments?post=1627"}],"wp:featuredmedia":[{"embeddable":true,"href":"https:\/\/www.pjevents.ch\/en\/wp-json\/wp\/v2\/media\/1772"}],"wp:attachment":[{"href":"https:\/\/www.pjevents.ch\/en\/wp-json\/wp\/v2\/media?parent=1627"}],"wp:term":[{"taxonomy":"product_brand","embeddable":true,"href":"https:\/\/www.pjevents.ch\/en\/wp-json\/wp\/v2\/product_brand?post=1627"},{"taxonomy":"product_cat","embeddable":true,"href":"https:\/\/www.pjevents.ch\/en\/wp-json\/wp\/v2\/product_cat?post=1627"},{"taxonomy":"product_tag","embeddable":true,"href":"https:\/\/www.pjevents.ch\/en\/wp-json\/wp\/v2\/product_tag?post=1627"}],"curies":[{"name":"wp","href":"https:\/\/api.w.org\/{rel}","templated":true}]}}