{"id":1630,"date":"2025-10-30T16:54:24","date_gmt":"2025-10-30T15:54:24","guid":{"rendered":"https:\/\/www.pjevents.ch\/?post_type=product&#038;p=1630"},"modified":"2026-02-03T11:06:49","modified_gmt":"2026-02-03T10:06:49","slug":"flash-club-riot-dmx","status":"publish","type":"product","link":"https:\/\/www.pjevents.ch\/en\/product\/flash-club-riot-dmx\/","title":{"rendered":"Flash Club Riot (DMX)"},"content":{"rendered":"<p data-start=\"223\" data-end=\"311\"><strong data-start=\"223\" data-end=\"237\">Raumgr\u00f6\u00dfe:<\/strong> Gro\u00df (L) \u2013 <strong data-start=\"249\" data-end=\"263\">120\u2013250 m\u00b2<\/strong><br data-start=\"263\" data-end=\"266\" \/><strong data-start=\"266\" data-end=\"276\">Genre:<\/strong> Chillout<br data-start=\"285\" data-end=\"288\" \/><strong data-start=\"288\" data-end=\"297\">Vibe:<\/strong> Dance Party<\/p>\n<p data-start=\"313\" data-end=\"737\">\u26a0\ufe0f <strong data-start=\"316\" data-end=\"328\">ACHTUNG:<\/strong> Dieses Bundle enth\u00e4lt ein <strong data-start=\"355\" data-end=\"375\">DMX-Steuerger\u00e4t.<\/strong><br data-start=\"375\" data-end=\"378\" \/>Die <strong data-start=\"382\" data-end=\"406\">Eurolite SMD 864 PRO<\/strong> muss dar\u00fcber gesteuert werden; alle anderen Lichter laufen automatisch oder mit Musiksteuerung.<br data-start=\"502\" data-end=\"505\" \/>Ich erkl\u00e4re dir gern kurz die <strong data-start=\"535\" data-end=\"549\">DMX-Basics<\/strong> oder richte dir eine einfache Steuerung ein.<br data-start=\"594\" data-end=\"597\" \/>\ud83d\udc49 Eine <strong data-start=\"605\" data-end=\"624\">kurze Bedienung<\/strong> (z. B. Szenenwechsel) bleibt n\u00f6tig, du kannst aber auch feste Effekte oder <strong data-start=\"700\" data-end=\"722\">automatische Loops<\/strong> laufen lassen.<\/p>\n<p data-start=\"739\" data-end=\"899\"><strong data-start=\"739\" data-end=\"756\">Beschreibung:<\/strong><br data-start=\"756\" data-end=\"759\" \/>Hier beginnt die Eskalation.<br data-start=\"2065\" data-end=\"2068\" \/>Flash Club Riot ist gemacht f\u00fcr gro\u00dfe R\u00e4ume und wilde N\u00e4chte \u2013 satte Farben, schnelle Wechsel, starke Beams.<br data-start=\"2176\" data-end=\"2179\" \/>Die Superflys werfen Licht durch den Raum, die SMD-Strobes blitzen im Takt, und der Stinger bringt Bewegung.<br data-start=\"2287\" data-end=\"2290\" \/>Ein echtes Club-Setup, das mit Nebel zur absoluten Lichtwand wird.<br data-start=\"2356\" data-end=\"2359\" \/>DMX-f\u00e4hig f\u00fcr volle Kontrolle oder einfach mit Musiksteuerung \u2013 du entscheidest, wie intensiv es wird.<\/p>\n<p data-start=\"901\" data-end=\"928\"><strong data-start=\"901\" data-end=\"926\">Inhalt:<\/strong><\/p>\n<ul data-start=\"929\" data-end=\"1133\">\n<li data-start=\"929\" data-end=\"954\">\n<p data-start=\"931\" data-end=\"954\">2 \u00d7 Cameo Superfly XS<\/p>\n<\/li>\n<li data-start=\"955\" data-end=\"981\">\n<p data-start=\"957\" data-end=\"981\">4 \u00d7 Cameo MaxiPar Quad<\/p>\n<\/li>\n<li data-start=\"982\" data-end=\"1010\">\n<p data-start=\"984\" data-end=\"1010\">2 \u00d7 Eurolite SMD 864 PRO<\/p>\n<\/li>\n<li data-start=\"1011\" data-end=\"1035\">\n<p data-start=\"1013\" data-end=\"1035\">1 \u00d7 ADJ Stinger Gobo<\/p>\n<\/li>\n<li data-start=\"1036\" data-end=\"1065\">\n<p data-start=\"1038\" data-end=\"1065\">1 \u00d7 Eurolite Mini D-5 RGB<\/p>\n<\/li>\n<li data-start=\"1066\" data-end=\"1082\">\n<p data-start=\"1068\" data-end=\"1082\">2 \u00d7 LED Pole<\/p>\n<\/li>\n<li data-start=\"1083\" data-end=\"1107\">\n<p data-start=\"1085\" data-end=\"1107\"><strong data-start=\"1085\" data-end=\"1105\">4 \u00d7 Lichtstative<\/strong><\/p>\n<\/li>\n<li data-start=\"1108\" data-end=\"1133\">\n<p data-start=\"1110\" data-end=\"1133\"><strong data-start=\"1110\" data-end=\"1128\">DMX-Steuerung:<\/strong> Yes<\/p>\n<\/li>\n<\/ul>\n<p data-start=\"1135\" data-end=\"1253\"><strong data-start=\"1135\" data-end=\"1146\">Gesamt:<\/strong> 12 Fixtures<\/p>","protected":false},"excerpt":{"rendered":"<p>Hier beginnt die Eskalation.<br data-start=\"2065\" data-end=\"2068\" \/>Flash Club Riot ist gemacht f\u00fcr gro\u00dfe R\u00e4ume und wilde N\u00e4chte \u2013 satte Farben, schnelle Wechsel, starke Beams.<br data-start=\"2176\" data-end=\"2179\" \/>Die Superflys werfen Licht durch den Raum, die SMD-Strobes blitzen im Takt, und der Stinger bringt Bewegung.<br data-start=\"2287\" data-end=\"2290\" \/>Ein echtes Club-Setup, das mit Nebel zur absoluten Lichtwand wird.<br data-start=\"2356\" data-end=\"2359\" \/>DMX-f\u00e4hig f\u00fcr volle Kontrolle oder einfach mit Musiksteuerung \u2013 du entscheidest, wie intensiv es wird.<\/p>","protected":false},"featured_media":1776,"comment_status":"open","ping_status":"closed","template":"","meta":{"_kad_post_transparent":"default","_kad_post_title":"","_kad_post_layout":"default","_kad_post_sidebar_id":"","_kad_post_content_style":"default","_kad_post_vertical_padding":"default","_kad_post_feature":"","_kad_post_feature_position":"","_kad_post_header":false,"_kad_post_footer":false,"_kad_post_classname":""},"product_brand":[],"product_cat":[243,339],"product_tag":[297,290],"class_list":{"0":"post-1630","1":"product","2":"type-product","3":"status-publish","4":"has-post-thumbnail","6":"product_cat-bundle","7":"product_cat-licht-sets","8":"product_tag-cdl","9":"product_tag-lights","11":"first","12":"instock","13":"shipping-taxable","14":"purchasable","15":"product-type-redq_rental","16":"entry","17":"content-bg","18":"loop-entry"},"_links":{"self":[{"href":"https:\/\/www.pjevents.ch\/en\/wp-json\/wp\/v2\/product\/1630","targetHints":{"allow":["GET"]}}],"collection":[{"href":"https:\/\/www.pjevents.ch\/en\/wp-json\/wp\/v2\/product"}],"about":[{"href":"https:\/\/www.pjevents.ch\/en\/wp-json\/wp\/v2\/types\/product"}],"replies":[{"embeddable":true,"href":"https:\/\/www.pjevents.ch\/en\/wp-json\/wp\/v2\/comments?post=1630"}],"wp:featuredmedia":[{"embeddable":true,"href":"https:\/\/www.pjevents.ch\/en\/wp-json\/wp\/v2\/media\/1776"}],"wp:attachment":[{"href":"https:\/\/www.pjevents.ch\/en\/wp-json\/wp\/v2\/media?parent=1630"}],"wp:term":[{"taxonomy":"product_brand","embeddable":true,"href":"https:\/\/www.pjevents.ch\/en\/wp-json\/wp\/v2\/product_brand?post=1630"},{"taxonomy":"product_cat","embeddable":true,"href":"https:\/\/www.pjevents.ch\/en\/wp-json\/wp\/v2\/product_cat?post=1630"},{"taxonomy":"product_tag","embeddable":true,"href":"https:\/\/www.pjevents.ch\/en\/wp-json\/wp\/v2\/product_tag?post=1630"}],"curies":[{"name":"wp","href":"https:\/\/api.w.org\/{rel}","templated":true}]}}