{"id":1654,"date":"2025-10-30T17:48:33","date_gmt":"2025-10-30T16:48:33","guid":{"rendered":"https:\/\/www.pjevents.ch\/?post_type=product&#038;p=1654"},"modified":"2026-02-03T11:05:39","modified_gmt":"2026-02-03T10:05:39","slug":"light-club-drift","status":"publish","type":"product","link":"https:\/\/www.pjevents.ch\/en\/product\/light-club-drift\/","title":{"rendered":"Light Club Drift"},"content":{"rendered":"<p data-start=\"0\" data-end=\"84\"><strong data-start=\"0\" data-end=\"14\">Raumgr\u00f6\u00dfe:<\/strong> Gro\u00df (L) \u2013 120\u2013250 m\u00b2<br data-start=\"36\" data-end=\"39\" \/><strong data-start=\"39\" data-end=\"49\">Genre:<\/strong> Pop\/Rock<br data-start=\"58\" data-end=\"61\" data-is-only-node=\"\" \/><strong data-start=\"61\" data-end=\"70\">Vibe:<\/strong> Dance Party<\/p>\n<p data-start=\"86\" data-end=\"587\"><strong data-start=\"86\" data-end=\"103\">Beschreibung:<\/strong><br data-start=\"103\" data-end=\"106\" \/>Drift ist dein gro\u00dffl\u00e4chiges Party-Licht f\u00fcr Bandn\u00e4chte, Clubsounds und volle Dancefloors.<br data-start=\"196\" data-end=\"199\" \/>Die beiden Superflys f\u00fcllen den Raum mit rotierenden Beams, w\u00e4hrend die SL-98 Strobes knackige Akzente im Takt setzen.<br data-start=\"321\" data-end=\"324\" \/>Zwei MaxiPars legen eine satte Farbfl\u00e4che unter alles, der Stinger bringt bewegte Spots und der Mini D-5 setzt glitzernde Highlights.<br data-start=\"469\" data-end=\"472\" \/>Ideal, wenn Pop\/Rock auf Energie trifft: klare Farben, schnelle Wechsel, richtig B\u00fchne \u2013 ohne komplizierten Aufbau.<\/p>\n<p data-start=\"589\" data-end=\"602\"><strong data-start=\"589\" data-end=\"600\">Inhalt:<\/strong><\/p>\n<ul data-start=\"603\" data-end=\"818\" data-is-last-node=\"\" data-is-only-node=\"\">\n<li data-start=\"603\" data-end=\"628\">\n<p data-start=\"605\" data-end=\"628\">2 \u00d7 Cameo Superfly XS<\/p>\n<\/li>\n<li data-start=\"629\" data-end=\"658\">\n<p data-start=\"631\" data-end=\"658\">2 \u00d7 Eurolite SL-98 Strobe<\/p>\n<\/li>\n<li data-start=\"659\" data-end=\"685\">\n<p data-start=\"661\" data-end=\"685\">2 \u00d7 Cameo MaxiPar Quad<\/p>\n<\/li>\n<li data-start=\"686\" data-end=\"710\">\n<p data-start=\"688\" data-end=\"710\">1 \u00d7 ADJ Stinger Gobo<\/p>\n<\/li>\n<li data-start=\"711\" data-end=\"740\">\n<p data-start=\"713\" data-end=\"740\">1 \u00d7 Eurolite Mini D-5 RGB<\/p>\n<\/li>\n<li data-start=\"741\" data-end=\"765\">\n<p data-start=\"743\" data-end=\"765\"><strong data-start=\"743\" data-end=\"763\">4 \u00d7 Lichtstative<\/strong><\/p>\n<\/li>\n<li data-start=\"766\" data-end=\"793\">\n<p data-start=\"768\" data-end=\"793\"><strong data-start=\"768\" data-end=\"786\">DMX-Steuerung:<\/strong> No<\/p>\n<\/li>\n<\/ul>\n<p data-start=\"796\" data-end=\"818\" data-is-last-node=\"\"><strong data-start=\"796\" data-end=\"807\">Gesamt:<\/strong> 8 Fixtures<\/p>","protected":false},"excerpt":{"rendered":"<p>Drift ist dein gro\u00dffl\u00e4chiges Party-Licht f\u00fcr Bandn\u00e4chte, Clubsounds und volle Dancefloors.<br data-start=\"196\" data-end=\"199\" \/>Die beiden Superflys f\u00fcllen den Raum mit rotierenden Beams, w\u00e4hrend die SL-98 Strobes knackige Akzente im Takt setzen.<br data-start=\"321\" data-end=\"324\" \/>Zwei MaxiPars legen eine satte Farbfl\u00e4che unter alles, der Stinger bringt bewegte Spots und der Mini D-5 setzt glitzernde Highlights.<br data-start=\"469\" data-end=\"472\" \/>Ideal, wenn Pop\/Rock auf Energie trifft: klare Farben, schnelle Wechsel, richtig B\u00fchne \u2013 ohne komplizierten Aufbau.<\/p>","protected":false},"featured_media":1786,"comment_status":"open","ping_status":"closed","template":"","meta":{"_kad_post_transparent":"default","_kad_post_title":"","_kad_post_layout":"default","_kad_post_sidebar_id":"","_kad_post_content_style":"default","_kad_post_vertical_padding":"default","_kad_post_feature":"","_kad_post_feature_position":"","_kad_post_header":false,"_kad_post_footer":false,"_kad_post_classname":""},"product_brand":[],"product_cat":[243,339],"product_tag":[290,298],"class_list":{"0":"post-1654","1":"product","2":"type-product","3":"status-publish","4":"has-post-thumbnail","6":"product_cat-bundle","7":"product_cat-licht-sets","8":"product_tag-lights","9":"product_tag-pdl","11":"first","12":"instock","13":"shipping-taxable","14":"purchasable","15":"product-type-redq_rental","16":"entry","17":"content-bg","18":"loop-entry"},"_links":{"self":[{"href":"https:\/\/www.pjevents.ch\/en\/wp-json\/wp\/v2\/product\/1654","targetHints":{"allow":["GET"]}}],"collection":[{"href":"https:\/\/www.pjevents.ch\/en\/wp-json\/wp\/v2\/product"}],"about":[{"href":"https:\/\/www.pjevents.ch\/en\/wp-json\/wp\/v2\/types\/product"}],"replies":[{"embeddable":true,"href":"https:\/\/www.pjevents.ch\/en\/wp-json\/wp\/v2\/comments?post=1654"}],"wp:featuredmedia":[{"embeddable":true,"href":"https:\/\/www.pjevents.ch\/en\/wp-json\/wp\/v2\/media\/1786"}],"wp:attachment":[{"href":"https:\/\/www.pjevents.ch\/en\/wp-json\/wp\/v2\/media?parent=1654"}],"wp:term":[{"taxonomy":"product_brand","embeddable":true,"href":"https:\/\/www.pjevents.ch\/en\/wp-json\/wp\/v2\/product_brand?post=1654"},{"taxonomy":"product_cat","embeddable":true,"href":"https:\/\/www.pjevents.ch\/en\/wp-json\/wp\/v2\/product_cat?post=1654"},{"taxonomy":"product_tag","embeddable":true,"href":"https:\/\/www.pjevents.ch\/en\/wp-json\/wp\/v2\/product_tag?post=1654"}],"curies":[{"name":"wp","href":"https:\/\/api.w.org\/{rel}","templated":true}]}}