{"id":1655,"date":"2025-10-30T17:50:58","date_gmt":"2025-10-30T16:50:58","guid":{"rendered":"https:\/\/www.pjevents.ch\/?post_type=product&#038;p=1655"},"modified":"2026-02-03T11:06:36","modified_gmt":"2026-02-03T10:06:36","slug":"light-club-echo","status":"publish","type":"product","link":"https:\/\/www.pjevents.ch\/en\/product\/light-club-echo\/","title":{"rendered":"Light Club Echo"},"content":{"rendered":"<article class=\"text-token-text-primary w-full focus:outline-none [--shadow-height:45px] has-data-writing-block:pointer-events-none has-data-writing-block:-mt-(--shadow-height) has-data-writing-block:pt-(--shadow-height) [&amp;:has([data-writing-block])&gt;*]:pointer-events-auto scroll-mt-(--header-height)\" dir=\"auto\" tabindex=\"-1\" data-turn-id=\"d5e24f43-13f6-42de-90d2-f49ceb3e9969\" data-testid=\"conversation-turn-112\" data-scroll-anchor=\"false\" data-turn=\"user\">\n<div class=\"text-base my-auto mx-auto pt-12 [--thread-content-margin:--spacing(4)] thread-sm:[--thread-content-margin:--spacing(6)] thread-lg:[--thread-content-margin:--spacing(16)] px-(--thread-content-margin)\">\n<div class=\"[--thread-content-max-width:40rem] thread-lg:[--thread-content-max-width:48rem] mx-auto max-w-(--thread-content-max-width) flex-1 group\/turn-messages focus-visible:outline-hidden relative flex w-full min-w-0 flex-col\" tabindex=\"-1\">\n<div class=\"flex max-w-full flex-col grow\">\n<div class=\"min-h-8 text-message relative flex w-full flex-col items-end gap-2 text-start break-words whitespace-normal [.text-message+&amp;]:mt-1\" dir=\"auto\" data-message-author-role=\"user\" data-message-id=\"d5e24f43-13f6-42de-90d2-f49ceb3e9969\">\n<div class=\"flex w-full flex-col gap-1 empty:hidden items-end rtl:items-start\">\n<div class=\"user-message-bubble-color relative rounded-[18px] px-4 py-1.5 data-[multiline]:py-3 max-w-[var(--user-chat-width,70%)]\">\n<div class=\"whitespace-pre-wrap\"><\/div>\n<\/div>\n<\/div>\n<\/div>\n<\/div>\n<\/div>\n<\/div>\n<\/article>\n<article class=\"text-token-text-primary w-full focus:outline-none [--shadow-height:45px] has-data-writing-block:pointer-events-none has-data-writing-block:-mt-(--shadow-height) has-data-writing-block:pt-(--shadow-height) [&amp;:has([data-writing-block])&gt;*]:pointer-events-auto [content-visibility:auto] supports-[content-visibility:auto]:[contain-intrinsic-size:auto_100lvh] scroll-mt-[calc(var(--header-height)+min(200px,max(70px,20svh)))]\" dir=\"auto\" tabindex=\"-1\" data-turn-id=\"f0c7242b-1053-4ec5-8efa-2d162df358c4\" data-testid=\"conversation-turn-113\" data-scroll-anchor=\"true\" data-turn=\"assistant\">\n<div class=\"text-base my-auto mx-auto pb-10 [--thread-content-margin:--spacing(4)] thread-sm:[--thread-content-margin:--spacing(6)] thread-lg:[--thread-content-margin:--spacing(16)] px-(--thread-content-margin)\">\n<div class=\"[--thread-content-max-width:40rem] thread-lg:[--thread-content-max-width:48rem] mx-auto max-w-(--thread-content-max-width) flex-1 group\/turn-messages focus-visible:outline-hidden relative flex w-full min-w-0 flex-col agent-turn\" tabindex=\"-1\">\n<div class=\"flex max-w-full flex-col grow\">\n<div class=\"min-h-8 text-message relative flex w-full flex-col items-end gap-2 text-start break-words whitespace-normal [.text-message+&amp;]:mt-1\" dir=\"auto\" data-message-author-role=\"assistant\" data-message-id=\"0c6f9ff0-bb93-47a1-b1e5-264bf4c19d74\" data-message-model-slug=\"gpt-5\">\n<div class=\"flex w-full flex-col gap-1 empty:hidden first:pt-[1px]\">\n<div class=\"markdown prose dark:prose-invert w-full break-words light markdown-new-styling\">\n<p data-start=\"0\" data-end=\"85\"><strong data-start=\"0\" data-end=\"14\">Raumgr\u00f6\u00dfe:<\/strong> Mittel (M) \u2013 40\u2013120 m\u00b2<br data-start=\"37\" data-end=\"40\" \/><strong data-start=\"40\" data-end=\"50\">Genre:<\/strong> Pop\/Rock<br data-start=\"59\" data-end=\"62\" data-is-only-node=\"\" \/><strong data-start=\"62\" data-end=\"71\">Vibe:<\/strong> Dance Party<\/p>\n<p data-start=\"87\" data-end=\"618\"><strong data-start=\"87\" data-end=\"104\">Beschreibung:<\/strong><br data-start=\"104\" data-end=\"107\" \/>Light Club Echo liefert kompaktes, aber eindrucksvolles B\u00fchnenlicht f\u00fcr mittlere R\u00e4ume und kleine Gigs.<br data-start=\"210\" data-end=\"213\" \/>Die Superflys erzeugen kr\u00e4ftige, rotierende Beams, w\u00e4hrend der Stinger Bewegung und Farbe auf die Tanzfl\u00e4che bringt.<br data-start=\"329\" data-end=\"332\" \/>Der Mini D-5 erg\u00e4nzt das Ganze mit rhythmischen Farbakzenten und sorgt f\u00fcr das gewisse Funkeln im Raum.<br data-start=\"435\" data-end=\"438\" \/>Ideal f\u00fcr Bands, DJs oder Pop\/Rock-Partys, bei denen Licht mit der Musik verschmelzen soll.<br data-start=\"529\" data-end=\"532\" \/>Schnell aufgebaut, zuverl\u00e4ssig im Betrieb \u2013 ein kleines Setup mit gro\u00dfem Showeffekt.<\/p>\n<p data-start=\"620\" data-end=\"633\"><strong data-start=\"620\" data-end=\"631\">Inhalt:<\/strong><\/p>\n<ul data-start=\"634\" data-end=\"832\" data-is-last-node=\"\" data-is-only-node=\"\">\n<li data-start=\"634\" data-end=\"659\">\n<p data-start=\"636\" data-end=\"659\">2 \u00d7 Cameo Superfly XS<\/p>\n<\/li>\n<li data-start=\"660\" data-end=\"684\">\n<p data-start=\"662\" data-end=\"684\">1 \u00d7 ADJ Stinger Gobo<\/p>\n<\/li>\n<li data-start=\"685\" data-end=\"714\">\n<p data-start=\"687\" data-end=\"714\">1 \u00d7 Eurolite Mini D-5 RGB<\/p>\n<\/li>\n<li data-start=\"715\" data-end=\"739\">\n<p data-start=\"717\" data-end=\"739\"><strong data-start=\"717\" data-end=\"737\">2 \u00d7 Lichtstative<\/strong><\/p>\n<\/li>\n<li data-start=\"740\" data-end=\"767\">\n<p data-start=\"742\" data-end=\"767\"><strong data-start=\"742\" data-end=\"760\">DMX-Steuerung:<\/strong> Nein<\/p>\n<\/li>\n<\/ul>\n<p data-start=\"770\" data-end=\"832\" data-is-last-node=\"\"><strong data-start=\"770\" data-end=\"781\">Gesamt:<\/strong> 4 Fixtures<\/p>\n<\/div>\n<\/div>\n<\/div>\n<\/div>\n<\/div>\n<\/div>\n<\/article>\n","protected":false},"excerpt":{"rendered":"<p>Light Club Echo liefert kompaktes, aber eindrucksvolles B\u00fchnenlicht f\u00fcr mittlere R\u00e4ume und kleine Gigs.<br data-start=\"210\" data-end=\"213\" \/>Die Superflys erzeugen kr\u00e4ftige, rotierende Beams, w\u00e4hrend der Stinger Bewegung und Farbe auf die Tanzfl\u00e4che bringt.<br data-start=\"329\" data-end=\"332\" \/>Der Mini D-5 erg\u00e4nzt das Ganze mit rhythmischen Farbakzenten und sorgt f\u00fcr das gewisse Funkeln im Raum.<br data-start=\"435\" data-end=\"438\" \/>Ideal f\u00fcr Bands, DJs oder Pop\/Rock-Partys, bei denen Licht mit der Musik verschmelzen soll.<br data-start=\"529\" data-end=\"532\" \/>Schnell aufgebaut, zuverl\u00e4ssig im Betrieb \u2013 ein kleines Setup mit gro\u00dfem Showeffekt.<\/p>","protected":false},"featured_media":1787,"comment_status":"open","ping_status":"closed","template":"","meta":{"_kad_post_transparent":"default","_kad_post_title":"","_kad_post_layout":"default","_kad_post_sidebar_id":"","_kad_post_content_style":"default","_kad_post_vertical_padding":"default","_kad_post_feature":"","_kad_post_feature_position":"","_kad_post_header":false,"_kad_post_footer":false,"_kad_post_classname":""},"product_brand":[],"product_cat":[243,339],"product_tag":[290,299],"class_list":{"0":"post-1655","1":"product","2":"type-product","3":"status-publish","4":"has-post-thumbnail","6":"product_cat-bundle","7":"product_cat-licht-sets","8":"product_tag-lights","9":"product_tag-pdm","11":"first","12":"instock","13":"shipping-taxable","14":"purchasable","15":"product-type-redq_rental","16":"entry","17":"content-bg","18":"loop-entry"},"_links":{"self":[{"href":"https:\/\/www.pjevents.ch\/en\/wp-json\/wp\/v2\/product\/1655","targetHints":{"allow":["GET"]}}],"collection":[{"href":"https:\/\/www.pjevents.ch\/en\/wp-json\/wp\/v2\/product"}],"about":[{"href":"https:\/\/www.pjevents.ch\/en\/wp-json\/wp\/v2\/types\/product"}],"replies":[{"embeddable":true,"href":"https:\/\/www.pjevents.ch\/en\/wp-json\/wp\/v2\/comments?post=1655"}],"wp:featuredmedia":[{"embeddable":true,"href":"https:\/\/www.pjevents.ch\/en\/wp-json\/wp\/v2\/media\/1787"}],"wp:attachment":[{"href":"https:\/\/www.pjevents.ch\/en\/wp-json\/wp\/v2\/media?parent=1655"}],"wp:term":[{"taxonomy":"product_brand","embeddable":true,"href":"https:\/\/www.pjevents.ch\/en\/wp-json\/wp\/v2\/product_brand?post=1655"},{"taxonomy":"product_cat","embeddable":true,"href":"https:\/\/www.pjevents.ch\/en\/wp-json\/wp\/v2\/product_cat?post=1655"},{"taxonomy":"product_tag","embeddable":true,"href":"https:\/\/www.pjevents.ch\/en\/wp-json\/wp\/v2\/product_tag?post=1655"}],"curies":[{"name":"wp","href":"https:\/\/api.w.org\/{rel}","templated":true}]}}