{"id":1658,"date":"2025-10-30T17:58:39","date_gmt":"2025-10-30T16:58:39","guid":{"rendered":"https:\/\/www.pjevents.ch\/?post_type=product&#038;p=1658"},"modified":"2026-02-03T11:06:14","modified_gmt":"2026-02-03T10:06:14","slug":"light-club-storm-dmx","status":"publish","type":"product","link":"https:\/\/www.pjevents.ch\/en\/product\/light-club-storm-dmx\/","title":{"rendered":"Light Club Storm (DMX)"},"content":{"rendered":"<p data-start=\"0\" data-end=\"85\"><strong data-start=\"0\" data-end=\"14\">Raumgr\u00f6\u00dfe:<\/strong> Mittel (M) \u2013 40\u2013120 m\u00b2<br data-start=\"37\" data-end=\"40\" \/><strong data-start=\"40\" data-end=\"50\">Genre:<\/strong> Chillout<br data-start=\"59\" data-end=\"62\" \/><strong data-start=\"62\" data-end=\"71\" data-is-only-node=\"\">Vibe:<\/strong> Dance Party<\/p>\n<p data-start=\"87\" data-end=\"513\">\u26a0\ufe0f <strong data-start=\"90\" data-end=\"102\">ACHTUNG:<\/strong> Dieses Bundle enth\u00e4lt ein <strong data-start=\"129\" data-end=\"149\">DMX-Steuerger\u00e4t.<\/strong><br data-start=\"149\" data-end=\"152\" \/>Die <strong data-start=\"156\" data-end=\"180\">Eurolite SMD 864 PRO<\/strong> muss dar\u00fcber gesteuert werden; alle anderen Lichter laufen automatisch oder mit Musiksteuerung.<br data-start=\"276\" data-end=\"279\" \/>Ich erkl\u00e4re dir gern kurz die <strong data-start=\"309\" data-end=\"323\">DMX-Basics<\/strong> oder richte dir eine einfache Steuerung ein.<br data-start=\"368\" data-end=\"371\" \/>\ud83d\udc49 Eine <strong data-start=\"379\" data-end=\"398\">kurze Bedienung<\/strong> (z. B. Szenenwechsel) bleibt n\u00f6tig, du kannst aber auch feste Effekte oder <strong data-start=\"474\" data-end=\"496\">automatische Loops<\/strong> laufen lassen.<\/p>\n<p data-start=\"515\" data-end=\"1124\"><strong data-start=\"515\" data-end=\"532\">Beschreibung:<\/strong><br data-start=\"532\" data-end=\"535\" \/>Light Club Storm kombiniert weiche Farben mit echten Club-Effekten \u2013 perfekt f\u00fcr entspannte Abende mit Bewegung im Licht.<br data-start=\"656\" data-end=\"659\" \/>Zwei MaxiPars liefern kr\u00e4ftige Grundfarben, w\u00e4hrend der Stinger Gobo f\u00fcr Bewegung und der Mini D-5 f\u00fcr rhythmische Akzente sorgt.<br data-start=\"788\" data-end=\"791\" \/>Die beiden LED-Poles bringen Tiefe ins Setup, w\u00e4hrend die SMD 864 PRO das Ganze mit Strobe- und Farbpower kr\u00f6nt.<br data-start=\"903\" data-end=\"906\" \/>Ein vielseitiges, mittleres Set f\u00fcr Chillout-Events, kleinere Clubs oder stilvolle Tanzfl\u00e4chen mit Anspruch.<br data-start=\"1014\" data-end=\"1017\" \/>Schnell aufgebaut und DMX-f\u00e4hig \u2013 ideal, wenn du Licht gezielt steuern oder einfach laufen lassen willst.<\/p>\n<p data-start=\"1126\" data-end=\"1139\"><strong data-start=\"1126\" data-end=\"1137\">Inhalt:<\/strong><\/p>\n<ul data-start=\"1140\" data-end=\"1383\" data-is-last-node=\"\" data-is-only-node=\"\">\n<li data-start=\"1140\" data-end=\"1166\">\n<p data-start=\"1142\" data-end=\"1166\">2 \u00d7 Cameo MaxiPar Quad<\/p>\n<\/li>\n<li data-start=\"1167\" data-end=\"1195\">\n<p data-start=\"1169\" data-end=\"1195\">1 \u00d7 Eurolite SMD 864 PRO<\/p>\n<\/li>\n<li data-start=\"1196\" data-end=\"1220\">\n<p data-start=\"1198\" data-end=\"1220\">1 \u00d7 ADJ Stinger Gobo<\/p>\n<\/li>\n<li data-start=\"1221\" data-end=\"1250\">\n<p data-start=\"1223\" data-end=\"1250\">1 \u00d7 Eurolite Mini D-5 RGB<\/p>\n<\/li>\n<li data-start=\"1251\" data-end=\"1267\">\n<p data-start=\"1253\" data-end=\"1267\">2 \u00d7 LED Pole<\/p>\n<\/li>\n<li data-start=\"1268\" data-end=\"1292\">\n<p data-start=\"1270\" data-end=\"1292\"><strong data-start=\"1270\" data-end=\"1290\">3 \u00d7 Lichtstative<\/strong><\/p>\n<\/li>\n<li data-start=\"1293\" data-end=\"1318\">\n<p data-start=\"1295\" data-end=\"1318\"><strong data-start=\"1295\" data-end=\"1313\">DMX-Steuerung:<\/strong> Yes<\/p>\n<\/li>\n<li data-start=\"1319\" data-end=\"1383\" data-is-last-node=\"\">\n<p data-start=\"1321\" data-end=\"1383\" data-is-last-node=\"\"><strong data-start=\"1321\" data-end=\"1332\">Gesamt:<\/strong> 7 Fixtures<\/p>\n<\/li>\n<\/ul>","protected":false},"excerpt":{"rendered":"<p>Light Club Storm kombiniert weiche Farben mit echten Club-Effekten \u2013 perfekt f\u00fcr entspannte Abende mit Bewegung im Licht.<br data-start=\"656\" data-end=\"659\" \/>Zwei MaxiPars liefern kr\u00e4ftige Grundfarben, w\u00e4hrend der Stinger Gobo f\u00fcr Bewegung und der Mini D-5 f\u00fcr rhythmische Akzente sorgt.<br data-start=\"788\" data-end=\"791\" \/>Die beiden LED-Poles bringen Tiefe ins Setup, w\u00e4hrend die SMD 864 PRO das Ganze mit Strobe- und Farbpower kr\u00f6nt.<br data-start=\"903\" data-end=\"906\" \/>Ein vielseitiges, mittleres Set f\u00fcr Chillout-Events, kleinere Clubs oder stilvolle Tanzfl\u00e4chen mit Anspruch.<br data-start=\"1014\" data-end=\"1017\" \/>Schnell aufgebaut und DMX-f\u00e4hig \u2013 ideal, wenn du Licht gezielt steuern oder einfach laufen lassen willst.<\/p>","protected":false},"featured_media":1790,"comment_status":"open","ping_status":"closed","template":"","meta":{"_kad_post_transparent":"default","_kad_post_title":"","_kad_post_layout":"default","_kad_post_sidebar_id":"","_kad_post_content_style":"default","_kad_post_vertical_padding":"default","_kad_post_feature":"","_kad_post_feature_position":"","_kad_post_header":false,"_kad_post_footer":false,"_kad_post_classname":""},"product_brand":[],"product_cat":[243,339],"product_tag":[296,290],"class_list":{"0":"post-1658","1":"product","2":"type-product","3":"status-publish","4":"has-post-thumbnail","6":"product_cat-bundle","7":"product_cat-licht-sets","8":"product_tag-cdm","9":"product_tag-lights","11":"first","12":"instock","13":"shipping-taxable","14":"purchasable","15":"product-type-redq_rental","16":"entry","17":"content-bg","18":"loop-entry"},"_links":{"self":[{"href":"https:\/\/www.pjevents.ch\/en\/wp-json\/wp\/v2\/product\/1658","targetHints":{"allow":["GET"]}}],"collection":[{"href":"https:\/\/www.pjevents.ch\/en\/wp-json\/wp\/v2\/product"}],"about":[{"href":"https:\/\/www.pjevents.ch\/en\/wp-json\/wp\/v2\/types\/product"}],"replies":[{"embeddable":true,"href":"https:\/\/www.pjevents.ch\/en\/wp-json\/wp\/v2\/comments?post=1658"}],"wp:featuredmedia":[{"embeddable":true,"href":"https:\/\/www.pjevents.ch\/en\/wp-json\/wp\/v2\/media\/1790"}],"wp:attachment":[{"href":"https:\/\/www.pjevents.ch\/en\/wp-json\/wp\/v2\/media?parent=1658"}],"wp:term":[{"taxonomy":"product_brand","embeddable":true,"href":"https:\/\/www.pjevents.ch\/en\/wp-json\/wp\/v2\/product_brand?post=1658"},{"taxonomy":"product_cat","embeddable":true,"href":"https:\/\/www.pjevents.ch\/en\/wp-json\/wp\/v2\/product_cat?post=1658"},{"taxonomy":"product_tag","embeddable":true,"href":"https:\/\/www.pjevents.ch\/en\/wp-json\/wp\/v2\/product_tag?post=1658"}],"curies":[{"name":"wp","href":"https:\/\/api.w.org\/{rel}","templated":true}]}}