{"id":1661,"date":"2025-10-30T18:05:33","date_gmt":"2025-10-30T17:05:33","guid":{"rendered":"https:\/\/www.pjevents.ch\/?post_type=product&#038;p=1661"},"modified":"2026-02-03T11:06:12","modified_gmt":"2026-02-03T10:06:12","slug":"light-crypt","status":"publish","type":"product","link":"https:\/\/www.pjevents.ch\/en\/product\/light-crypt\/","title":{"rendered":"Light Crypt"},"content":{"rendered":"<p data-start=\"0\" data-end=\"89\"><strong data-start=\"0\" data-end=\"14\">Raumgr\u00f6\u00dfe:<\/strong> Gro\u00df (L) \u2013 120\u2013250 m\u00b2<br data-start=\"36\" data-end=\"39\" \/><strong data-start=\"39\" data-end=\"49\">Genre:<\/strong> Electronic<br data-start=\"62\" data-end=\"65\" data-is-only-node=\"\" \/><strong data-start=\"65\" data-end=\"74\">Vibe:<\/strong> Technobunker<\/p>\n<p data-start=\"91\" data-end=\"667\"><strong data-start=\"91\" data-end=\"108\">Beschreibung:<\/strong><br data-start=\"108\" data-end=\"111\" \/>Light Crypt ist pures Untergrund-Gef\u00fchl \u2013 dunkel, hart und direkt auf den Beat abgestimmt.<br data-start=\"201\" data-end=\"204\" \/>Die beiden Superflys werfen rotierende Beams \u00fcber den Raum, w\u00e4hrend die SL-98 Strobes im Takt der Musik blitzen und die Szene zum Pulsieren bringen.<br data-start=\"352\" data-end=\"355\" \/>Zwei UV Floods verst\u00e4rken den kalten Look und sorgen daf\u00fcr, dass Outfits, Drinks und Details im Schwarzlicht gl\u00fchen.<br data-start=\"471\" data-end=\"474\" \/>Ideal f\u00fcr Techno-, Hardstyle- oder Rave-N\u00e4chte, bei denen das Licht mit der Musik verschmilzt.<br data-start=\"568\" data-end=\"571\" \/>Schnell aufgebaut, kompromisslos in der Wirkung \u2013 der perfekte Mix aus Minimalismus und Druck.<\/p>\n<p data-start=\"669\" data-end=\"682\"><strong data-start=\"669\" data-end=\"680\">Inhalt:<\/strong><\/p>\n<ul data-start=\"683\" data-end=\"880\" data-is-last-node=\"\" data-is-only-node=\"\">\n<li data-start=\"683\" data-end=\"708\">\n<p data-start=\"685\" data-end=\"708\">2 \u00d7 Cameo Superfly XS<\/p>\n<\/li>\n<li data-start=\"709\" data-end=\"738\">\n<p data-start=\"711\" data-end=\"738\">2 \u00d7 Eurolite SL-98 Strobe<\/p>\n<\/li>\n<li data-start=\"739\" data-end=\"762\">\n<p data-start=\"741\" data-end=\"762\">2 \u00d7 ADJ UV Flood 36<\/p>\n<\/li>\n<li data-start=\"763\" data-end=\"787\">\n<p data-start=\"765\" data-end=\"787\"><strong data-start=\"765\" data-end=\"785\">3 \u00d7 Lichtstative<\/strong><\/p>\n<\/li>\n<li data-start=\"788\" data-end=\"815\">\n<p data-start=\"790\" data-end=\"815\"><strong data-start=\"790\" data-end=\"808\">DMX-Steuerung:<\/strong> No<\/p>\n<\/li>\n<\/ul>\n<p data-start=\"818\" data-end=\"880\" data-is-last-node=\"\"><strong data-start=\"818\" data-end=\"829\">Gesamt:<\/strong> 6 Fixtures<\/p>","protected":false},"excerpt":{"rendered":"<p>Light Crypt ist pures Untergrund-Gef\u00fchl \u2013 dunkel, hart und direkt auf den Beat abgestimmt.<br data-start=\"201\" data-end=\"204\" \/>Die beiden Superflys werfen rotierende Beams \u00fcber den Raum, w\u00e4hrend die SL-98 Strobes im Takt der Musik blitzen und die Szene zum Pulsieren bringen.<br data-start=\"352\" data-end=\"355\" \/>Zwei UV Floods verst\u00e4rken den kalten Look und sorgen daf\u00fcr, dass Outfits, Drinks und Details im Schwarzlicht gl\u00fchen.<br data-start=\"471\" data-end=\"474\" \/>Ideal f\u00fcr Techno-, Hardstyle- oder Rave-N\u00e4chte, bei denen das Licht mit der Musik verschmilzt.<br data-start=\"568\" data-end=\"571\" \/>Schnell aufgebaut, kompromisslos in der Wirkung \u2013 der perfekte Mix aus Minimalismus und Druck.<\/p>","protected":false},"featured_media":1792,"comment_status":"open","ping_status":"closed","template":"","meta":{"_kad_post_transparent":"default","_kad_post_title":"","_kad_post_layout":"default","_kad_post_sidebar_id":"","_kad_post_content_style":"default","_kad_post_vertical_padding":"default","_kad_post_feature":"","_kad_post_feature_position":"","_kad_post_header":false,"_kad_post_footer":false,"_kad_post_classname":""},"product_brand":[],"product_cat":[243,339],"product_tag":[305,290],"class_list":{"0":"post-1661","1":"product","2":"type-product","3":"status-publish","4":"has-post-thumbnail","6":"product_cat-bundle","7":"product_cat-licht-sets","8":"product_tag-etl","9":"product_tag-lights","11":"first","12":"instock","13":"shipping-taxable","14":"purchasable","15":"product-type-redq_rental","16":"entry","17":"content-bg","18":"loop-entry"},"_links":{"self":[{"href":"https:\/\/www.pjevents.ch\/en\/wp-json\/wp\/v2\/product\/1661","targetHints":{"allow":["GET"]}}],"collection":[{"href":"https:\/\/www.pjevents.ch\/en\/wp-json\/wp\/v2\/product"}],"about":[{"href":"https:\/\/www.pjevents.ch\/en\/wp-json\/wp\/v2\/types\/product"}],"replies":[{"embeddable":true,"href":"https:\/\/www.pjevents.ch\/en\/wp-json\/wp\/v2\/comments?post=1661"}],"wp:featuredmedia":[{"embeddable":true,"href":"https:\/\/www.pjevents.ch\/en\/wp-json\/wp\/v2\/media\/1792"}],"wp:attachment":[{"href":"https:\/\/www.pjevents.ch\/en\/wp-json\/wp\/v2\/media?parent=1661"}],"wp:term":[{"taxonomy":"product_brand","embeddable":true,"href":"https:\/\/www.pjevents.ch\/en\/wp-json\/wp\/v2\/product_brand?post=1661"},{"taxonomy":"product_cat","embeddable":true,"href":"https:\/\/www.pjevents.ch\/en\/wp-json\/wp\/v2\/product_cat?post=1661"},{"taxonomy":"product_tag","embeddable":true,"href":"https:\/\/www.pjevents.ch\/en\/wp-json\/wp\/v2\/product_tag?post=1661"}],"curies":[{"name":"wp","href":"https:\/\/api.w.org\/{rel}","templated":true}]}}