{"id":1665,"date":"2025-10-30T18:15:36","date_gmt":"2025-10-30T17:15:36","guid":{"rendered":"https:\/\/www.pjevents.ch\/?post_type=product&#038;p=1665"},"modified":"2026-02-03T11:05:45","modified_gmt":"2026-02-03T10:05:45","slug":"neon-apocalypse-dmx","status":"publish","type":"product","link":"https:\/\/www.pjevents.ch\/en\/product\/neon-apocalypse-dmx\/","title":{"rendered":"Neon Apocalypse (DMX)"},"content":{"rendered":"<p data-start=\"0\" data-end=\"88\"><strong data-start=\"0\" data-end=\"14\">Raumgr\u00f6\u00dfe:<\/strong> Gro\u00df (L) \u2013 120\u2013250 m\u00b2<br data-start=\"36\" data-end=\"39\" \/><strong data-start=\"39\" data-end=\"49\">Genre:<\/strong> Electronic<br data-start=\"62\" data-end=\"65\" \/><strong data-start=\"65\" data-end=\"74\" data-is-only-node=\"\">Vibe:<\/strong> Dance Party<\/p>\n<p data-start=\"90\" data-end=\"516\">\u26a0\ufe0f <strong data-start=\"93\" data-end=\"105\">ACHTUNG:<\/strong> Dieses Bundle enth\u00e4lt ein <strong data-start=\"132\" data-end=\"152\">DMX-Steuerger\u00e4t.<\/strong><br data-start=\"152\" data-end=\"155\" \/>Die <strong data-start=\"159\" data-end=\"183\">Eurolite SMD 864 PRO<\/strong> muss dar\u00fcber gesteuert werden; alle anderen Lichter laufen automatisch oder mit Musiksteuerung.<br data-start=\"279\" data-end=\"282\" \/>Ich erkl\u00e4re dir gern kurz die <strong data-start=\"312\" data-end=\"326\">DMX-Basics<\/strong> oder richte dir eine einfache Steuerung ein.<br data-start=\"371\" data-end=\"374\" \/>\ud83d\udc49 Eine <strong data-start=\"382\" data-end=\"401\">kurze Bedienung<\/strong> (z. B. Szenenwechsel) bleibt n\u00f6tig, du kannst aber auch feste Effekte oder <strong data-start=\"477\" data-end=\"499\">automatische Loops<\/strong> laufen lassen.<\/p>\n<p data-start=\"518\" data-end=\"1131\"><strong data-start=\"518\" data-end=\"535\">Beschreibung:<\/strong><br data-start=\"535\" data-end=\"538\" \/>Neon Apocalypse ist das ultimative Lichtpaket f\u00fcr elektronische Gro\u00dfevents \u2013 kompromisslos, laut und voller Energie.<br data-start=\"654\" data-end=\"657\" \/>Zwei Superflys sorgen f\u00fcr Bewegung, vier MaxiPars liefern satte Farbfl\u00e4chen, w\u00e4hrend die beiden SMD 864 PRO Strobes den Beat sichtbar machen.<br data-start=\"798\" data-end=\"801\" \/>Die Kombination aus UV Floods, BUV-Flutern und Mini-Strobes erzeugt ein extremes, fast \u00fcbernat\u00fcrliches Leuchten \u2013 perfekt f\u00fcr Raves, Neonpartys oder Festivals.<br data-start=\"960\" data-end=\"963\" \/>Ein Setup, das R\u00e4ume in Licht taucht, Nebel durchschneidet und jede Tanzfl\u00e4che zum Beben bringt.<br data-start=\"1059\" data-end=\"1062\" \/>Wenn du maximale Power willst, ohne Kompromisse \u2013 das ist dein Set.<\/p>\n<p data-start=\"1133\" data-end=\"1146\"><strong data-start=\"1133\" data-end=\"1144\">Inhalt:<\/strong><\/p>\n<ul data-start=\"1147\" data-end=\"1411\" data-is-last-node=\"\" data-is-only-node=\"\">\n<li data-start=\"1147\" data-end=\"1172\">\n<p data-start=\"1149\" data-end=\"1172\">2 \u00d7 Cameo Superfly XS<\/p>\n<\/li>\n<li data-start=\"1173\" data-end=\"1192\">\n<p data-start=\"1175\" data-end=\"1192\">2 \u00d7 Mini Strobe<\/p>\n<\/li>\n<li data-start=\"1193\" data-end=\"1219\">\n<p data-start=\"1195\" data-end=\"1219\">4 \u00d7 Cameo MaxiPar Quad<\/p>\n<\/li>\n<li data-start=\"1220\" data-end=\"1248\">\n<p data-start=\"1222\" data-end=\"1248\">2 \u00d7 Eurolite SMD 864 PRO<\/p>\n<\/li>\n<li data-start=\"1249\" data-end=\"1272\">\n<p data-start=\"1251\" data-end=\"1272\">2 \u00d7 ADJ UV Flood 36<\/p>\n<\/li>\n<li data-start=\"1273\" data-end=\"1294\">\n<p data-start=\"1275\" data-end=\"1294\">2 \u00d7 BeamZ BUV 463<\/p>\n<\/li>\n<li data-start=\"1295\" data-end=\"1319\">\n<p data-start=\"1297\" data-end=\"1319\"><strong data-start=\"1297\" data-end=\"1317\">4 \u00d7 Lichtstative<\/strong><\/p>\n<\/li>\n<li data-start=\"1320\" data-end=\"1345\">\n<p data-start=\"1322\" data-end=\"1345\"><strong data-start=\"1322\" data-end=\"1340\">DMX-Steuerung:<\/strong> Yes<\/p>\n<\/li>\n<\/ul>\n<p data-start=\"1348\" data-end=\"1411\" data-is-last-node=\"\"><strong data-start=\"1348\" data-end=\"1359\">Gesamt:<\/strong> 14 Fixtures<\/p>","protected":false},"excerpt":{"rendered":"<p>Neon Apocalypse ist das ultimative Lichtpaket f\u00fcr elektronische Gro\u00dfevents \u2013 kompromisslos, laut und voller Energie.<br data-start=\"654\" data-end=\"657\" \/>Zwei Superflys sorgen f\u00fcr Bewegung, vier MaxiPars liefern satte Farbfl\u00e4chen, w\u00e4hrend die beiden SMD 864 PRO Strobes den Beat sichtbar machen.<br data-start=\"798\" data-end=\"801\" \/>Die Kombination aus UV Floods, BUV-Flutern und Mini-Strobes erzeugt ein extremes, fast \u00fcbernat\u00fcrliches Leuchten \u2013 perfekt f\u00fcr Raves, Neonpartys oder Festivals.<br data-start=\"960\" data-end=\"963\" \/>Ein Setup, das R\u00e4ume in Licht taucht, Nebel durchschneidet und jede Tanzfl\u00e4che zum Beben bringt.<br data-start=\"1059\" data-end=\"1062\" \/>Wenn du maximale Power willst, ohne Kompromisse \u2013 das ist dein Set.<\/p>","protected":false},"featured_media":1796,"comment_status":"open","ping_status":"closed","template":"","meta":{"_kad_post_transparent":"default","_kad_post_title":"","_kad_post_layout":"default","_kad_post_sidebar_id":"","_kad_post_content_style":"default","_kad_post_vertical_padding":"default","_kad_post_feature":"","_kad_post_feature_position":"","_kad_post_header":false,"_kad_post_footer":false,"_kad_post_classname":""},"product_brand":[],"product_cat":[243,339],"product_tag":[306,290],"class_list":{"0":"post-1665","1":"product","2":"type-product","3":"status-publish","4":"has-post-thumbnail","6":"product_cat-bundle","7":"product_cat-licht-sets","8":"product_tag-edl","9":"product_tag-lights","11":"first","12":"instock","13":"shipping-taxable","14":"purchasable","15":"product-type-redq_rental","16":"entry","17":"content-bg","18":"loop-entry"},"_links":{"self":[{"href":"https:\/\/www.pjevents.ch\/en\/wp-json\/wp\/v2\/product\/1665","targetHints":{"allow":["GET"]}}],"collection":[{"href":"https:\/\/www.pjevents.ch\/en\/wp-json\/wp\/v2\/product"}],"about":[{"href":"https:\/\/www.pjevents.ch\/en\/wp-json\/wp\/v2\/types\/product"}],"replies":[{"embeddable":true,"href":"https:\/\/www.pjevents.ch\/en\/wp-json\/wp\/v2\/comments?post=1665"}],"wp:featuredmedia":[{"embeddable":true,"href":"https:\/\/www.pjevents.ch\/en\/wp-json\/wp\/v2\/media\/1796"}],"wp:attachment":[{"href":"https:\/\/www.pjevents.ch\/en\/wp-json\/wp\/v2\/media?parent=1665"}],"wp:term":[{"taxonomy":"product_brand","embeddable":true,"href":"https:\/\/www.pjevents.ch\/en\/wp-json\/wp\/v2\/product_brand?post=1665"},{"taxonomy":"product_cat","embeddable":true,"href":"https:\/\/www.pjevents.ch\/en\/wp-json\/wp\/v2\/product_cat?post=1665"},{"taxonomy":"product_tag","embeddable":true,"href":"https:\/\/www.pjevents.ch\/en\/wp-json\/wp\/v2\/product_tag?post=1665"}],"curies":[{"name":"wp","href":"https:\/\/api.w.org\/{rel}","templated":true}]}}