{"id":1667,"date":"2025-10-30T18:24:50","date_gmt":"2025-10-30T17:24:50","guid":{"rendered":"https:\/\/www.pjevents.ch\/?post_type=product&#038;p=1667"},"modified":"2026-02-03T11:05:42","modified_gmt":"2026-02-03T10:05:42","slug":"neon-club-inferno","status":"publish","type":"product","link":"https:\/\/www.pjevents.ch\/en\/product\/neon-club-inferno\/","title":{"rendered":"Pop Club Inferno"},"content":{"rendered":"<p data-start=\"0\" data-end=\"85\"><strong data-start=\"0\" data-end=\"14\">Raumgr\u00f6\u00dfe:<\/strong> Mittel (M) \u2013 40\u2013120 m\u00b2<br data-start=\"37\" data-end=\"40\" \/><strong data-start=\"40\" data-end=\"50\">Genre:<\/strong> Pop\/Rock<br data-start=\"59\" data-end=\"62\" data-is-only-node=\"\" \/><strong data-start=\"62\" data-end=\"71\">Vibe:<\/strong> Dance Party<\/p>\n<p data-start=\"87\" data-end=\"603\"><strong data-start=\"87\" data-end=\"104\">Beschreibung:<\/strong><br data-start=\"104\" data-end=\"107\" \/>Pop Club Inferno bringt echtes B\u00fchnenlicht in mittlere R\u00e4ume \u2013 farbstark, beweglich und sofort partytauglich.<br data-start=\"217\" data-end=\"220\" \/>Zwei Superflys sorgen f\u00fcr kr\u00e4ftige Beams, die sich durch den Raum drehen, w\u00e4hrend vier MaxiPars die Fl\u00e4che in intensive Farben tauchen.<br data-start=\"355\" data-end=\"358\" \/>Der Stinger bringt Bewegung ins Spiel und der Mini D-5 erg\u00e4nzt das Ganze mit rhythmischen Highlights.<br data-start=\"459\" data-end=\"462\" \/>Ein Bundle f\u00fcr volle Tanzfl\u00e4chen, das Pop- und Rockmusik perfekt in Szene setzt \u2013 schnell aufgebaut, einfach zu bedienen, maximaler Effekt.<\/p>\n<p data-start=\"605\" data-end=\"618\"><strong data-start=\"605\" data-end=\"616\">Inhalt:<\/strong><\/p>\n<ul data-start=\"619\" data-end=\"844\" data-is-last-node=\"\" data-is-only-node=\"\">\n<li data-start=\"619\" data-end=\"644\">\n<p data-start=\"621\" data-end=\"644\">2 \u00d7 Cameo Superfly XS<\/p>\n<\/li>\n<li data-start=\"645\" data-end=\"671\">\n<p data-start=\"647\" data-end=\"671\">4 \u00d7 Cameo MaxiPar Quad<\/p>\n<\/li>\n<li data-start=\"672\" data-end=\"696\">\n<p data-start=\"674\" data-end=\"696\">1 \u00d7 ADJ Stinger Gobo<\/p>\n<\/li>\n<li data-start=\"697\" data-end=\"726\">\n<p data-start=\"699\" data-end=\"726\">1 \u00d7 Eurolite Mini D-5 RGB<\/p>\n<\/li>\n<li data-start=\"727\" data-end=\"751\">\n<p data-start=\"729\" data-end=\"751\"><strong data-start=\"729\" data-end=\"749\">3 \u00d7 Lichtstative<\/strong><\/p>\n<\/li>\n<li data-start=\"752\" data-end=\"779\">\n<p data-start=\"754\" data-end=\"779\"><strong data-start=\"754\" data-end=\"772\">DMX-Steuerung:<\/strong> No<\/p>\n<\/li>\n<\/ul>\n<p data-start=\"782\" data-end=\"844\" data-is-last-node=\"\"><strong data-start=\"782\" data-end=\"793\">Gesamt:<\/strong> 8 Fixtures<\/p>","protected":false},"excerpt":{"rendered":"<p>Pop Club Inferno bringt echtes B\u00fchnenlicht in mittlere R\u00e4ume \u2013 farbstark, beweglich und sofort partytauglich.<br data-start=\"217\" data-end=\"220\" \/>Zwei Superflys sorgen f\u00fcr kr\u00e4ftige Beams, die sich durch den Raum drehen, w\u00e4hrend vier MaxiPars die Fl\u00e4che in intensive Farben tauchen.<br data-start=\"355\" data-end=\"358\" \/>Der Stinger bringt Bewegung ins Spiel und der Mini D-5 erg\u00e4nzt das Ganze mit rhythmischen Highlights.<br data-start=\"459\" data-end=\"462\" \/>Ein Bundle f\u00fcr volle Tanzfl\u00e4chen, das Pop- und Rockmusik perfekt in Szene setzt \u2013 schnell aufgebaut, einfach zu bedienen, maximaler Effekt.<\/p>","protected":false},"featured_media":1801,"comment_status":"open","ping_status":"closed","template":"","meta":{"_kad_post_transparent":"default","_kad_post_title":"","_kad_post_layout":"default","_kad_post_sidebar_id":"","_kad_post_content_style":"default","_kad_post_vertical_padding":"default","_kad_post_feature":"","_kad_post_feature_position":"","_kad_post_header":false,"_kad_post_footer":false,"_kad_post_classname":""},"product_brand":[],"product_cat":[243,339],"product_tag":[290,299],"class_list":{"0":"post-1667","1":"product","2":"type-product","3":"status-publish","4":"has-post-thumbnail","6":"product_cat-bundle","7":"product_cat-licht-sets","8":"product_tag-lights","9":"product_tag-pdm","11":"first","12":"instock","13":"shipping-taxable","14":"purchasable","15":"product-type-redq_rental","16":"entry","17":"content-bg","18":"loop-entry"},"_links":{"self":[{"href":"https:\/\/www.pjevents.ch\/en\/wp-json\/wp\/v2\/product\/1667","targetHints":{"allow":["GET"]}}],"collection":[{"href":"https:\/\/www.pjevents.ch\/en\/wp-json\/wp\/v2\/product"}],"about":[{"href":"https:\/\/www.pjevents.ch\/en\/wp-json\/wp\/v2\/types\/product"}],"replies":[{"embeddable":true,"href":"https:\/\/www.pjevents.ch\/en\/wp-json\/wp\/v2\/comments?post=1667"}],"wp:featuredmedia":[{"embeddable":true,"href":"https:\/\/www.pjevents.ch\/en\/wp-json\/wp\/v2\/media\/1801"}],"wp:attachment":[{"href":"https:\/\/www.pjevents.ch\/en\/wp-json\/wp\/v2\/media?parent=1667"}],"wp:term":[{"taxonomy":"product_brand","embeddable":true,"href":"https:\/\/www.pjevents.ch\/en\/wp-json\/wp\/v2\/product_brand?post=1667"},{"taxonomy":"product_cat","embeddable":true,"href":"https:\/\/www.pjevents.ch\/en\/wp-json\/wp\/v2\/product_cat?post=1667"},{"taxonomy":"product_tag","embeddable":true,"href":"https:\/\/www.pjevents.ch\/en\/wp-json\/wp\/v2\/product_tag?post=1667"}],"curies":[{"name":"wp","href":"https:\/\/api.w.org\/{rel}","templated":true}]}}