{"id":1669,"date":"2025-10-30T18:40:47","date_gmt":"2025-10-30T17:40:47","guid":{"rendered":"https:\/\/www.pjevents.ch\/?post_type=product&#038;p=1669"},"modified":"2026-02-03T11:05:31","modified_gmt":"2026-02-03T10:05:31","slug":"neon-flash-glow","status":"publish","type":"product","link":"https:\/\/www.pjevents.ch\/en\/product\/neon-flash-glow\/","title":{"rendered":"Neon Flash Glow"},"content":{"rendered":"<p data-start=\"0\" data-end=\"86\"><strong data-start=\"0\" data-end=\"14\">Raumgr\u00f6\u00dfe:<\/strong> Klein (S) \u2013 bis 40 m\u00b2<br data-start=\"36\" data-end=\"39\" \/><strong data-start=\"39\" data-end=\"49\">Genre:<\/strong> Electronic<br data-start=\"62\" data-end=\"65\" \/><strong data-start=\"65\" data-end=\"74\" data-is-only-node=\"\">Vibe:<\/strong> Neon party<\/p>\n<p data-start=\"88\" data-end=\"607\"><strong data-start=\"88\" data-end=\"105\">Beschreibung:<\/strong><br data-start=\"105\" data-end=\"108\" \/>Neon Flash Glow ist ein minimalistisches, aber extrem effektives UV-Setup f\u00fcr kleine R\u00e4ume.<br data-start=\"199\" data-end=\"202\" \/>Zwei UV Floods erzeugen intensives Schwarzlicht, das alles zum Leuchten bringt \u2013 Kleidung, Deko, Drinks und Gesichter.<br data-start=\"320\" data-end=\"323\" \/>Die UV-R\u00f6hre erg\u00e4nzt das Setup mit gleichm\u00e4\u00dfigem Grundlicht und sorgt f\u00fcr eine durchgehende Glow-Atmosph\u00e4re.<br data-start=\"431\" data-end=\"434\" \/>Ideal f\u00fcr Neonpartys, kleine Raves oder WG-Abende mit elektronischem Sound.<br data-start=\"509\" data-end=\"512\" \/>Einfach, hell und mit starkem visuellen Effekt \u2013 das Set f\u00fcr maximalen Glow auf kleinem Raum.<\/p>\n<p data-start=\"609\" data-end=\"622\"><strong data-start=\"609\" data-end=\"620\">Inhalt:<\/strong><\/p>\n<ul data-start=\"623\" data-end=\"758\">\n<li data-start=\"623\" data-end=\"646\">\n<p data-start=\"625\" data-end=\"646\">2 \u00d7 ADJ UV Flood 36<\/p>\n<\/li>\n<li data-start=\"647\" data-end=\"679\">\n<p data-start=\"649\" data-end=\"679\">1 \u00d7 Eurolite UV-R\u00f6hre 120 cm<\/p>\n<\/li>\n<li data-start=\"680\" data-end=\"703\">\n<p data-start=\"682\" data-end=\"703\"><strong data-start=\"682\" data-end=\"701\">1 \u00d7 Lichtstativ<\/strong><\/p>\n<\/li>\n<li data-start=\"704\" data-end=\"731\">\n<p data-start=\"706\" data-end=\"731\"><strong data-start=\"706\" data-end=\"724\">DMX-Steuerung:<\/strong> No<\/p>\n<\/li>\n<\/ul>\n<p data-start=\"734\" data-end=\"758\"><strong data-start=\"734\" data-end=\"745\">Gesamt:<\/strong> 3 Fixtures<\/p>","protected":false},"excerpt":{"rendered":"<p>Neon Flash Glow ist ein minimalistisches, aber extrem effektives UV-Setup f\u00fcr kleine R\u00e4ume.<br data-start=\"199\" data-end=\"202\" \/>Zwei UV Floods erzeugen intensives Schwarzlicht, das alles zum Leuchten bringt \u2013 Kleidung, Deko, Drinks und Gesichter.<br data-start=\"320\" data-end=\"323\" \/>Die UV-R\u00f6hre erg\u00e4nzt das Setup mit gleichm\u00e4\u00dfigem Grundlicht und sorgt f\u00fcr eine durchgehende Glow-Atmosph\u00e4re.<br data-start=\"431\" data-end=\"434\" \/>Ideal f\u00fcr Neonpartys, kleine Raves oder WG-Abende mit elektronischem Sound.<br data-start=\"509\" data-end=\"512\" \/>Einfach, hell und mit starkem visuellen Effekt \u2013 das Set f\u00fcr maximalen Glow auf kleinem Raum.<\/p>","protected":false},"featured_media":1808,"comment_status":"open","ping_status":"closed","template":"","meta":{"_kad_post_transparent":"default","_kad_post_title":"","_kad_post_layout":"default","_kad_post_sidebar_id":"","_kad_post_content_style":"default","_kad_post_vertical_padding":"default","_kad_post_feature":"","_kad_post_feature_position":"","_kad_post_header":false,"_kad_post_footer":false,"_kad_post_classname":""},"product_brand":[],"product_cat":[243,339],"product_tag":[303,290],"class_list":{"0":"post-1669","1":"product","2":"type-product","3":"status-publish","4":"has-post-thumbnail","6":"product_cat-bundle","7":"product_cat-licht-sets","8":"product_tag-ens","9":"product_tag-lights","11":"first","12":"instock","13":"shipping-taxable","14":"purchasable","15":"product-type-redq_rental","16":"entry","17":"content-bg","18":"loop-entry"},"_links":{"self":[{"href":"https:\/\/www.pjevents.ch\/en\/wp-json\/wp\/v2\/product\/1669","targetHints":{"allow":["GET"]}}],"collection":[{"href":"https:\/\/www.pjevents.ch\/en\/wp-json\/wp\/v2\/product"}],"about":[{"href":"https:\/\/www.pjevents.ch\/en\/wp-json\/wp\/v2\/types\/product"}],"replies":[{"embeddable":true,"href":"https:\/\/www.pjevents.ch\/en\/wp-json\/wp\/v2\/comments?post=1669"}],"wp:featuredmedia":[{"embeddable":true,"href":"https:\/\/www.pjevents.ch\/en\/wp-json\/wp\/v2\/media\/1808"}],"wp:attachment":[{"href":"https:\/\/www.pjevents.ch\/en\/wp-json\/wp\/v2\/media?parent=1669"}],"wp:term":[{"taxonomy":"product_brand","embeddable":true,"href":"https:\/\/www.pjevents.ch\/en\/wp-json\/wp\/v2\/product_brand?post=1669"},{"taxonomy":"product_cat","embeddable":true,"href":"https:\/\/www.pjevents.ch\/en\/wp-json\/wp\/v2\/product_cat?post=1669"},{"taxonomy":"product_tag","embeddable":true,"href":"https:\/\/www.pjevents.ch\/en\/wp-json\/wp\/v2\/product_tag?post=1669"}],"curies":[{"name":"wp","href":"https:\/\/api.w.org\/{rel}","templated":true}]}}