{"id":1670,"date":"2025-10-30T18:42:56","date_gmt":"2025-10-30T17:42:56","guid":{"rendered":"https:\/\/www.pjevents.ch\/?post_type=product&#038;p=1670"},"modified":"2026-02-03T11:04:11","modified_gmt":"2026-02-03T10:04:11","slug":"neon-lounge-glow","status":"publish","type":"product","link":"https:\/\/www.pjevents.ch\/en\/product\/neon-lounge-glow\/","title":{"rendered":"Pop Glow"},"content":{"rendered":"<article class=\"text-token-text-primary w-full focus:outline-none [--shadow-height:45px] has-data-writing-block:pointer-events-none has-data-writing-block:-mt-(--shadow-height) has-data-writing-block:pt-(--shadow-height) [&amp;:has([data-writing-block])&gt;*]:pointer-events-auto scroll-mt-(--header-height)\" dir=\"auto\" tabindex=\"-1\" data-turn-id=\"67346918-054e-4e5d-8589-1d81dd0573eb\" data-testid=\"conversation-turn-162\" data-scroll-anchor=\"false\" data-turn=\"user\">\n<div class=\"text-base my-auto mx-auto pt-12 [--thread-content-margin:--spacing(4)] thread-sm:[--thread-content-margin:--spacing(6)] thread-lg:[--thread-content-margin:--spacing(16)] px-(--thread-content-margin)\">\n<div class=\"[--thread-content-max-width:40rem] thread-lg:[--thread-content-max-width:48rem] mx-auto max-w-(--thread-content-max-width) flex-1 group\/turn-messages focus-visible:outline-hidden relative flex w-full min-w-0 flex-col\" tabindex=\"-1\">\n<div class=\"flex max-w-full flex-col grow\">\n<div class=\"min-h-8 text-message relative flex w-full flex-col items-end gap-2 text-start break-words whitespace-normal [.text-message+&amp;]:mt-1\" dir=\"auto\" data-message-author-role=\"user\" data-message-id=\"67346918-054e-4e5d-8589-1d81dd0573eb\">\n<div class=\"flex w-full flex-col gap-1 empty:hidden items-end rtl:items-start\">\n<div class=\"user-message-bubble-color relative rounded-[18px] px-4 py-1.5 data-[multiline]:py-3 max-w-[var(--user-chat-width,70%)]\"><\/div>\n<\/div>\n<\/div>\n<\/div>\n<\/div>\n<\/div>\n<\/article>\n<article class=\"text-token-text-primary w-full focus:outline-none [--shadow-height:45px] has-data-writing-block:pointer-events-none has-data-writing-block:-mt-(--shadow-height) has-data-writing-block:pt-(--shadow-height) [&amp;:has([data-writing-block])&gt;*]:pointer-events-auto [content-visibility:auto] supports-[content-visibility:auto]:[contain-intrinsic-size:auto_100lvh] scroll-mt-[calc(var(--header-height)+min(200px,max(70px,20svh)))]\" dir=\"auto\" tabindex=\"-1\" data-turn-id=\"8c3d0306-9e66-45e3-87bd-4df8a44eb8eb\" data-testid=\"conversation-turn-163\" data-scroll-anchor=\"true\" data-turn=\"assistant\">\n<h6 class=\"sr-only\"><\/h6>\n<div class=\"text-base my-auto mx-auto pb-10 [--thread-content-margin:--spacing(4)] thread-sm:[--thread-content-margin:--spacing(6)] thread-lg:[--thread-content-margin:--spacing(16)] px-(--thread-content-margin)\">\n<div class=\"[--thread-content-max-width:40rem] thread-lg:[--thread-content-max-width:48rem] mx-auto max-w-(--thread-content-max-width) flex-1 group\/turn-messages focus-visible:outline-hidden relative flex w-full min-w-0 flex-col agent-turn\" tabindex=\"-1\">\n<div class=\"flex max-w-full flex-col grow\">\n<div class=\"min-h-8 text-message relative flex w-full flex-col items-end gap-2 text-start break-words whitespace-normal [.text-message+&amp;]:mt-1\" dir=\"auto\" data-message-author-role=\"assistant\" data-message-id=\"68b40acc-c603-43c8-b607-2a10d48b7435\" data-message-model-slug=\"gpt-5\">\n<div class=\"flex w-full flex-col gap-1 empty:hidden first:pt-[1px]\">\n<div class=\"markdown prose dark:prose-invert w-full break-words light markdown-new-styling\">\n<p data-start=\"0\" data-end=\"82\"><strong data-start=\"0\" data-end=\"14\">Raumgr\u00f6\u00dfe:<\/strong> Gro\u00df (L) \u2013 120\u2013250 m\u00b2<br data-start=\"36\" data-end=\"39\" \/><strong data-start=\"39\" data-end=\"49\">Genre:<\/strong> Pop\/Rock<br data-start=\"58\" data-end=\"61\" \/><strong data-start=\"61\" data-end=\"70\" data-is-only-node=\"\">Vibe:<\/strong> Entspannt<\/p>\n<p data-start=\"84\" data-end=\"628\"><strong data-start=\"84\" data-end=\"101\">Beschreibung:<\/strong><br data-start=\"101\" data-end=\"104\" \/>Pop Glow ist das Set f\u00fcr gro\u00dfe, gem\u00fctliche R\u00e4ume mit stilvoller Lichtstimmung.<br data-start=\"190\" data-end=\"193\" \/>Vier MaxiPars erzeugen sanfte, warme Farbfl\u00e4chen, w\u00e4hrend der Stinger Bewegung und Struktur ins Licht bringt.<br data-start=\"302\" data-end=\"305\" \/>Der Mini D-5 erg\u00e4nzt das Ganze mit feinen, farbigen Akzenten und verleiht dem Raum subtile Lebendigkeit.<br data-start=\"409\" data-end=\"412\" \/>Ideal f\u00fcr Chillout-Bereiche, Aftershows oder elegante Events, bei denen Atmosph\u00e4re wichtiger ist als Helligkeit.<br data-start=\"524\" data-end=\"527\" \/>Schnell aufgebaut, harmonisch abgestimmt \u2013 perfekt f\u00fcr entspannte Abende mit einem Hauch Clubflair.<\/p>\n<p data-start=\"630\" data-end=\"643\"><strong data-start=\"630\" data-end=\"641\">Inhalt:<\/strong><\/p>\n<ul data-start=\"644\" data-end=\"805\">\n<li data-start=\"644\" data-end=\"670\">\n<p data-start=\"646\" data-end=\"670\">4 \u00d7 Cameo MaxiPar Quad<\/p>\n<\/li>\n<li data-start=\"671\" data-end=\"695\">\n<p data-start=\"673\" data-end=\"695\">1 \u00d7 ADJ Stinger Gobo<\/p>\n<\/li>\n<li data-start=\"696\" data-end=\"725\">\n<p data-start=\"698\" data-end=\"725\">1 \u00d7 Eurolite Mini D-5 RGB<\/p>\n<\/li>\n<li data-start=\"726\" data-end=\"750\">\n<p data-start=\"728\" data-end=\"750\"><strong data-start=\"728\" data-end=\"748\">3 \u00d7 Lichtstative<\/strong><\/p>\n<\/li>\n<li data-start=\"751\" data-end=\"778\">\n<p data-start=\"753\" data-end=\"778\"><strong data-start=\"753\" data-end=\"771\">DMX-Steuerung:<\/strong> Nein<\/p>\n<\/li>\n<\/ul>\n<p data-start=\"781\" data-end=\"805\"><strong data-start=\"781\" data-end=\"792\">Gesamt:<\/strong> 6 Fixtures<\/p>\n<\/div>\n<\/div>\n<\/div>\n<\/div>\n<\/div>\n<\/div>\n<\/article>\n","protected":false},"excerpt":{"rendered":"<p>Pop Glow ist das Set f\u00fcr gro\u00dfe, gem\u00fctliche R\u00e4ume mit stilvoller Lichtstimmung.<br data-start=\"190\" data-end=\"193\" \/>Vier MaxiPars erzeugen sanfte, warme Farbfl\u00e4chen, w\u00e4hrend der Stinger Bewegung und Struktur ins Licht bringt.<br data-start=\"302\" data-end=\"305\" \/>Der Mini D-5 erg\u00e4nzt das Ganze mit feinen, farbigen Akzenten und verleiht dem Raum subtile Lebendigkeit.<br data-start=\"409\" data-end=\"412\" \/>Ideal f\u00fcr Chillout-Bereiche, Aftershows oder elegante Events, bei denen Atmosph\u00e4re wichtiger ist als Helligkeit.<br data-start=\"524\" data-end=\"527\" \/>Schnell aufgebaut, harmonisch abgestimmt \u2013 perfekt f\u00fcr entspannte Abende mit einem Hauch Clubflair.<\/p>","protected":false},"featured_media":1812,"comment_status":"open","ping_status":"closed","template":"","meta":{"_kad_post_transparent":"default","_kad_post_title":"","_kad_post_layout":"default","_kad_post_sidebar_id":"","_kad_post_content_style":"default","_kad_post_vertical_padding":"default","_kad_post_feature":"","_kad_post_feature_position":"","_kad_post_header":false,"_kad_post_footer":false,"_kad_post_classname":""},"product_brand":[],"product_cat":[243,339],"product_tag":[290,308],"class_list":{"0":"post-1670","1":"product","2":"type-product","3":"status-publish","4":"has-post-thumbnail","6":"product_cat-bundle","7":"product_cat-licht-sets","8":"product_tag-lights","9":"product_tag-pel","11":"first","12":"instock","13":"shipping-taxable","14":"purchasable","15":"product-type-redq_rental","16":"entry","17":"content-bg","18":"loop-entry"},"_links":{"self":[{"href":"https:\/\/www.pjevents.ch\/en\/wp-json\/wp\/v2\/product\/1670","targetHints":{"allow":["GET"]}}],"collection":[{"href":"https:\/\/www.pjevents.ch\/en\/wp-json\/wp\/v2\/product"}],"about":[{"href":"https:\/\/www.pjevents.ch\/en\/wp-json\/wp\/v2\/types\/product"}],"replies":[{"embeddable":true,"href":"https:\/\/www.pjevents.ch\/en\/wp-json\/wp\/v2\/comments?post=1670"}],"wp:featuredmedia":[{"embeddable":true,"href":"https:\/\/www.pjevents.ch\/en\/wp-json\/wp\/v2\/media\/1812"}],"wp:attachment":[{"href":"https:\/\/www.pjevents.ch\/en\/wp-json\/wp\/v2\/media?parent=1670"}],"wp:term":[{"taxonomy":"product_brand","embeddable":true,"href":"https:\/\/www.pjevents.ch\/en\/wp-json\/wp\/v2\/product_brand?post=1670"},{"taxonomy":"product_cat","embeddable":true,"href":"https:\/\/www.pjevents.ch\/en\/wp-json\/wp\/v2\/product_cat?post=1670"},{"taxonomy":"product_tag","embeddable":true,"href":"https:\/\/www.pjevents.ch\/en\/wp-json\/wp\/v2\/product_tag?post=1670"}],"curies":[{"name":"wp","href":"https:\/\/api.w.org\/{rel}","templated":true}]}}