{"id":1671,"date":"2025-10-30T18:45:21","date_gmt":"2025-10-30T17:45:21","guid":{"rendered":"https:\/\/www.pjevents.ch\/?post_type=product&#038;p=1671"},"modified":"2026-02-03T11:04:11","modified_gmt":"2026-02-03T10:04:11","slug":"neon-lounge-inferno","status":"publish","type":"product","link":"https:\/\/www.pjevents.ch\/en\/product\/neon-lounge-inferno\/","title":{"rendered":"Low Pop Inferno"},"content":{"rendered":"<p data-start=\"0\" data-end=\"82\"><strong data-start=\"0\" data-end=\"14\">Raumgr\u00f6\u00dfe:<\/strong> Klein (S) \u2013 bis 40 m\u00b2<br data-start=\"36\" data-end=\"39\" \/><strong data-start=\"39\" data-end=\"49\">Genre:<\/strong> Pop\/Rock<br data-start=\"58\" data-end=\"61\" \/><strong data-start=\"61\" data-end=\"70\" data-is-only-node=\"\">Vibe:<\/strong> Relaxed<\/p>\n<p data-start=\"84\" data-end=\"588\"><strong data-start=\"84\" data-end=\"101\">Beschreibung:<\/strong><br data-start=\"101\" data-end=\"104\" \/>Neon Lounge Inferno ist dein warmes, ruhiges Lichtkonzept f\u00fcr kleine Chillout- oder Akustik-Sessions.<br data-start=\"205\" data-end=\"208\" \/>Vier MaxiPars sorgen f\u00fcr harmonische Farbfl\u00e4chen, die sich sanft mit der Musik ver\u00e4ndern, w\u00e4hrend der Mini D-5 dezente Bewegung und Glanzpunkte hinzuf\u00fcgt.<br data-start=\"362\" data-end=\"365\" \/>Ideal f\u00fcr Wohnzimmer, kleine Lounges oder entspannte Afterpartys \u2013 wo Licht Atmosph\u00e4re schafft, statt zu blenden.<br data-start=\"478\" data-end=\"481\" \/>Schnell aufgebaut, leise im Betrieb und mit weicher Lichtstimmung, die jeden Raum gem\u00fctlich wirken l\u00e4sst.<\/p>\n<p data-start=\"590\" data-end=\"603\"><strong data-start=\"590\" data-end=\"601\">Inhalt:<\/strong><\/p>\n<ul data-start=\"604\" data-end=\"740\">\n<li data-start=\"604\" data-end=\"630\">\n<p data-start=\"606\" data-end=\"630\">4 \u00d7 Cameo MaxiPar Quad<\/p>\n<\/li>\n<li data-start=\"631\" data-end=\"660\">\n<p data-start=\"633\" data-end=\"660\">1 \u00d7 Eurolite Mini D-5 RGB<\/p>\n<\/li>\n<li data-start=\"661\" data-end=\"685\">\n<p data-start=\"663\" data-end=\"685\"><strong data-start=\"663\" data-end=\"683\">2 \u00d7 Lichtstative<\/strong><\/p>\n<\/li>\n<li data-start=\"686\" data-end=\"713\">\n<p data-start=\"688\" data-end=\"713\"><strong data-start=\"688\" data-end=\"706\">DMX-Steuerung:<\/strong> No<\/p>\n<\/li>\n<\/ul>\n<p data-start=\"716\" data-end=\"740\"><strong data-start=\"716\" data-end=\"727\">Gesamt:<\/strong> 5 Fixtures<\/p>","protected":false},"excerpt":{"rendered":"<p>Low Pop Inferno ist dein warmes, ruhiges Lichtkonzept f\u00fcr kleine Chillout- oder Akustik-Sessions.<br data-start=\"205\" data-end=\"208\" \/>Vier MaxiPars sorgen f\u00fcr harmonische Farbfl\u00e4chen, die sich sanft mit der Musik ver\u00e4ndern, w\u00e4hrend der Mini D-5 dezente Bewegung und Glanzpunkte hinzuf\u00fcgt.<br data-start=\"362\" data-end=\"365\" \/>Ideal f\u00fcr Wohnzimmer, kleine Lounges oder entspannte Afterpartys \u2013 wo Licht Atmosph\u00e4re schafft, statt zu blenden.<br data-start=\"478\" data-end=\"481\" \/>Schnell aufgebaut, leise im Betrieb und mit weicher Lichtstimmung, die jeden Raum gem\u00fctlich wirken l\u00e4sst.<\/p>","protected":false},"featured_media":1814,"comment_status":"open","ping_status":"closed","template":"","meta":{"_kad_post_transparent":"default","_kad_post_title":"","_kad_post_layout":"default","_kad_post_sidebar_id":"","_kad_post_content_style":"default","_kad_post_vertical_padding":"default","_kad_post_feature":"","_kad_post_feature_position":"","_kad_post_header":false,"_kad_post_footer":false,"_kad_post_classname":""},"product_brand":[],"product_cat":[243,339],"product_tag":[290,301],"class_list":{"0":"post-1671","1":"product","2":"type-product","3":"status-publish","4":"has-post-thumbnail","6":"product_cat-bundle","7":"product_cat-licht-sets","8":"product_tag-lights","9":"product_tag-pes","11":"first","12":"instock","13":"shipping-taxable","14":"purchasable","15":"product-type-redq_rental","16":"entry","17":"content-bg","18":"loop-entry"},"_links":{"self":[{"href":"https:\/\/www.pjevents.ch\/en\/wp-json\/wp\/v2\/product\/1671","targetHints":{"allow":["GET"]}}],"collection":[{"href":"https:\/\/www.pjevents.ch\/en\/wp-json\/wp\/v2\/product"}],"about":[{"href":"https:\/\/www.pjevents.ch\/en\/wp-json\/wp\/v2\/types\/product"}],"replies":[{"embeddable":true,"href":"https:\/\/www.pjevents.ch\/en\/wp-json\/wp\/v2\/comments?post=1671"}],"wp:featuredmedia":[{"embeddable":true,"href":"https:\/\/www.pjevents.ch\/en\/wp-json\/wp\/v2\/media\/1814"}],"wp:attachment":[{"href":"https:\/\/www.pjevents.ch\/en\/wp-json\/wp\/v2\/media?parent=1671"}],"wp:term":[{"taxonomy":"product_brand","embeddable":true,"href":"https:\/\/www.pjevents.ch\/en\/wp-json\/wp\/v2\/product_brand?post=1671"},{"taxonomy":"product_cat","embeddable":true,"href":"https:\/\/www.pjevents.ch\/en\/wp-json\/wp\/v2\/product_cat?post=1671"},{"taxonomy":"product_tag","embeddable":true,"href":"https:\/\/www.pjevents.ch\/en\/wp-json\/wp\/v2\/product_tag?post=1671"}],"curies":[{"name":"wp","href":"https:\/\/api.w.org\/{rel}","templated":true}]}}