{"id":1672,"date":"2025-10-30T18:47:20","date_gmt":"2025-10-30T17:47:20","guid":{"rendered":"https:\/\/www.pjevents.ch\/?post_type=product&#038;p=1672"},"modified":"2026-02-03T11:04:10","modified_gmt":"2026-02-03T10:04:10","slug":"neon-lounge-overdrive","status":"publish","type":"product","link":"https:\/\/www.pjevents.ch\/en\/product\/neon-lounge-overdrive\/","title":{"rendered":"Holiday Inn"},"content":{"rendered":"<p data-start=\"0\" data-end=\"83\"><strong data-start=\"0\" data-end=\"14\">Raumgr\u00f6\u00dfe:<\/strong> Mittel (M) \u2013 40\u2013120 m\u00b2<br data-start=\"37\" data-end=\"40\" \/><strong data-start=\"40\" data-end=\"50\">Genre:<\/strong> Pop\/Rock<br data-start=\"59\" data-end=\"62\" \/><strong data-start=\"62\" data-end=\"71\" data-is-only-node=\"\">Vibe:<\/strong> Relaxed<\/p>\n<p data-start=\"85\" data-end=\"574\"><strong data-start=\"85\" data-end=\"102\">Beschreibung:<\/strong><br data-start=\"102\" data-end=\"105\" \/>Holiday Inn vereint warme Farben mit sanften UV-Akzenten \u2013 perfekt f\u00fcr entspannte, aber lebendige Abende.<br data-start=\"220\" data-end=\"223\" \/>Vier MaxiPars erzeugen die Grundfarben, w\u00e4hrend zwei UV Floods subtile Leuchteffekte an W\u00e4nden und Fl\u00e4chen setzen.<br data-start=\"337\" data-end=\"340\" \/>Der Stinger bringt leicht bewegte Lichtmuster, und der Mini D-5 sorgt f\u00fcr glitzernde Details, die dem Raum Tiefe verleihen.<br data-start=\"463\" data-end=\"466\" \/>Ein harmonisches Setup f\u00fcr Chillout-Zonen, Aftershows oder gem\u00fctliche Clubr\u00e4ume mit stilvoller Atmosph\u00e4re.<\/p>\n<p data-start=\"576\" data-end=\"589\"><strong data-start=\"576\" data-end=\"587\">Inhalt:<\/strong><\/p>\n<ul data-start=\"590\" data-end=\"775\">\n<li data-start=\"590\" data-end=\"616\">\n<p data-start=\"592\" data-end=\"616\">4 \u00d7 Cameo MaxiPar Quad<\/p>\n<\/li>\n<li data-start=\"617\" data-end=\"640\">\n<p data-start=\"619\" data-end=\"640\">2 \u00d7 ADJ UV Flood 36<\/p>\n<\/li>\n<li data-start=\"641\" data-end=\"665\">\n<p data-start=\"643\" data-end=\"665\">1 \u00d7 ADJ Stinger Gobo<\/p>\n<\/li>\n<li data-start=\"666\" data-end=\"695\">\n<p data-start=\"668\" data-end=\"695\">1 \u00d7 Eurolite Mini D-5 RGB<\/p>\n<\/li>\n<li data-start=\"696\" data-end=\"720\">\n<p data-start=\"698\" data-end=\"720\"><strong data-start=\"698\" data-end=\"718\">4 \u00d7 Lichtstative<\/strong><\/p>\n<\/li>\n<li data-start=\"721\" data-end=\"748\">\n<p data-start=\"723\" data-end=\"748\"><strong data-start=\"723\" data-end=\"741\">DMX-Steuerung:<\/strong> No<\/p>\n<\/li>\n<\/ul>\n<p data-start=\"751\" data-end=\"775\"><strong data-start=\"751\" data-end=\"762\">Gesamt:<\/strong> 8 Fixtures<\/p>","protected":false},"excerpt":{"rendered":"<p>Holiday Inn vereint warme Farben mit sanften UV-Akzenten \u2013 perfekt f\u00fcr entspannte, aber lebendige Abende.<br data-start=\"220\" data-end=\"223\" \/>Vier MaxiPars erzeugen die Grundfarben, w\u00e4hrend zwei UV Floods subtile Leuchteffekte an W\u00e4nden und Fl\u00e4chen setzen.<br data-start=\"337\" data-end=\"340\" \/>Der Stinger bringt leicht bewegte Lichtmuster, und der Mini D-5 sorgt f\u00fcr glitzernde Details, die dem Raum Tiefe verleihen.<br data-start=\"463\" data-end=\"466\" \/>Ein harmonisches Setup f\u00fcr Chillout-Zonen, Aftershows oder gem\u00fctliche Clubr\u00e4ume mit stilvoller Atmosph\u00e4re.<\/p>","protected":false},"featured_media":1816,"comment_status":"open","ping_status":"closed","template":"","meta":{"_kad_post_transparent":"default","_kad_post_title":"","_kad_post_layout":"default","_kad_post_sidebar_id":"","_kad_post_content_style":"default","_kad_post_vertical_padding":"default","_kad_post_feature":"","_kad_post_feature_position":"","_kad_post_header":false,"_kad_post_footer":false,"_kad_post_classname":""},"product_brand":[],"product_cat":[243,339],"product_tag":[290,300],"class_list":{"0":"post-1672","1":"product","2":"type-product","3":"status-publish","4":"has-post-thumbnail","6":"product_cat-bundle","7":"product_cat-licht-sets","8":"product_tag-lights","9":"product_tag-pem","11":"first","12":"instock","13":"shipping-taxable","14":"purchasable","15":"product-type-redq_rental","16":"entry","17":"content-bg","18":"loop-entry"},"_links":{"self":[{"href":"https:\/\/www.pjevents.ch\/en\/wp-json\/wp\/v2\/product\/1672","targetHints":{"allow":["GET"]}}],"collection":[{"href":"https:\/\/www.pjevents.ch\/en\/wp-json\/wp\/v2\/product"}],"about":[{"href":"https:\/\/www.pjevents.ch\/en\/wp-json\/wp\/v2\/types\/product"}],"replies":[{"embeddable":true,"href":"https:\/\/www.pjevents.ch\/en\/wp-json\/wp\/v2\/comments?post=1672"}],"wp:featuredmedia":[{"embeddable":true,"href":"https:\/\/www.pjevents.ch\/en\/wp-json\/wp\/v2\/media\/1816"}],"wp:attachment":[{"href":"https:\/\/www.pjevents.ch\/en\/wp-json\/wp\/v2\/media?parent=1672"}],"wp:term":[{"taxonomy":"product_brand","embeddable":true,"href":"https:\/\/www.pjevents.ch\/en\/wp-json\/wp\/v2\/product_brand?post=1672"},{"taxonomy":"product_cat","embeddable":true,"href":"https:\/\/www.pjevents.ch\/en\/wp-json\/wp\/v2\/product_cat?post=1672"},{"taxonomy":"product_tag","embeddable":true,"href":"https:\/\/www.pjevents.ch\/en\/wp-json\/wp\/v2\/product_tag?post=1672"}],"curies":[{"name":"wp","href":"https:\/\/api.w.org\/{rel}","templated":true}]}}