{"id":1674,"date":"2025-10-30T18:55:14","date_gmt":"2025-10-30T17:55:14","guid":{"rendered":"https:\/\/www.pjevents.ch\/?post_type=product&#038;p=1674"},"modified":"2026-02-03T11:04:08","modified_gmt":"2026-02-03T10:04:08","slug":"neon-lounge-rush-dmx","status":"publish","type":"product","link":"https:\/\/www.pjevents.ch\/en\/product\/neon-lounge-rush-dmx\/","title":{"rendered":"Neon Lounge Rush (DMX)"},"content":{"rendered":"<p data-start=\"0\" data-end=\"82\"><strong data-start=\"0\" data-end=\"14\">Raumgr\u00f6\u00dfe:<\/strong> Gro\u00df (L) \u2013 120\u2013250 m\u00b2<br data-start=\"36\" data-end=\"39\" \/><strong data-start=\"39\" data-end=\"49\">Genre:<\/strong> Pop\/Rock<br data-start=\"58\" data-end=\"61\" \/><strong data-start=\"61\" data-end=\"70\">Vibe:<\/strong> Relaxed<\/p>\n<p data-start=\"84\" data-end=\"510\">\u26a0\ufe0f <strong data-start=\"87\" data-end=\"99\">ACHTUNG:<\/strong> Dieses Bundle enth\u00e4lt ein <strong data-start=\"126\" data-end=\"146\">DMX-Steuerger\u00e4t.<\/strong><br data-start=\"146\" data-end=\"149\" \/>Die <strong data-start=\"153\" data-end=\"177\">Eurolite SMD 864 PRO<\/strong> muss dar\u00fcber gesteuert werden; alle anderen Lichter laufen automatisch oder mit Musiksteuerung.<br data-start=\"273\" data-end=\"276\" \/>Ich erkl\u00e4re dir gern kurz die <strong data-start=\"306\" data-end=\"320\">DMX-Basics<\/strong> oder richte dir eine einfache Steuerung ein.<br data-start=\"365\" data-end=\"368\" \/>\ud83d\udc49 Eine <strong data-start=\"376\" data-end=\"395\">kurze Bedienung<\/strong> (z. B. Szenenwechsel) bleibt n\u00f6tig, du kannst aber auch feste Effekte oder <strong data-start=\"471\" data-end=\"493\">automatische Loops<\/strong> laufen lassen.<\/p>\n<p data-start=\"512\" data-end=\"1023\"><strong data-start=\"512\" data-end=\"529\">Beschreibung:<\/strong><br data-start=\"529\" data-end=\"532\" \/>Neon Lounge Rush ist das ausbalancierte Chillout-Set f\u00fcr gro\u00dfe R\u00e4ume \u2013 ruhig im Look, aber mit ordentlich Tiefe.<br data-start=\"644\" data-end=\"647\" \/>Vier MaxiPars sorgen f\u00fcr weiche, gleichm\u00e4\u00dfige Farbfl\u00e4chen, w\u00e4hrend zwei UV Floods dezente Leuchteffekte an W\u00e4nden und Deko setzen.<br data-start=\"777\" data-end=\"780\" \/>Die SMD 864 PRO bringt gezielte Lichtpower ins Spiel, der Stinger sorgt f\u00fcr sanfte Bewegung, und der Mini D-5 setzt verspielte Akzente.<br data-start=\"915\" data-end=\"918\" data-is-only-node=\"\" \/>Ein Set f\u00fcr stimmungsvolle Abende, bei denen Atmosph\u00e4re, Stil und ein Hauch Clubfeeling zusammenkommen.<\/p>\n<p data-start=\"1025\" data-end=\"1038\"><strong data-start=\"1025\" data-end=\"1036\">Inhalt:<\/strong><\/p>\n<ul data-start=\"1039\" data-end=\"1251\">\n<li data-start=\"1039\" data-end=\"1065\">\n<p data-start=\"1041\" data-end=\"1065\">4 \u00d7 Cameo MaxiPar Quad<\/p>\n<\/li>\n<li data-start=\"1066\" data-end=\"1094\">\n<p data-start=\"1068\" data-end=\"1094\">1 \u00d7 Eurolite SMD 864 PRO<\/p>\n<\/li>\n<li data-start=\"1095\" data-end=\"1119\">\n<p data-start=\"1097\" data-end=\"1119\">1 \u00d7 ADJ Stinger Gobo<\/p>\n<\/li>\n<li data-start=\"1120\" data-end=\"1143\">\n<p data-start=\"1122\" data-end=\"1143\">2 \u00d7 ADJ UV Flood 36<\/p>\n<\/li>\n<li data-start=\"1144\" data-end=\"1173\">\n<p data-start=\"1146\" data-end=\"1173\">1 \u00d7 Eurolite Mini D-5 RGB<\/p>\n<\/li>\n<li data-start=\"1174\" data-end=\"1198\">\n<p data-start=\"1176\" data-end=\"1198\"><strong data-start=\"1176\" data-end=\"1196\">4 \u00d7 Lichtstative<\/strong><\/p>\n<\/li>\n<li data-start=\"1199\" data-end=\"1224\">\n<p data-start=\"1201\" data-end=\"1224\"><strong data-start=\"1201\" data-end=\"1219\">DMX-Steuerung:<\/strong> Yes<\/p>\n<\/li>\n<\/ul>\n<p data-start=\"1227\" data-end=\"1251\"><strong data-start=\"1227\" data-end=\"1238\">Gesamt:<\/strong> 9 Fixtures<\/p>","protected":false},"excerpt":{"rendered":"<p>Neon Lounge Rush ist das ausbalancierte Chillout-Set f\u00fcr gro\u00dfe R\u00e4ume \u2013 ruhig im Look, aber mit ordentlich Tiefe.<br data-start=\"644\" data-end=\"647\" \/>Vier MaxiPars sorgen f\u00fcr weiche, gleichm\u00e4\u00dfige Farbfl\u00e4chen, w\u00e4hrend zwei UV Floods dezente Leuchteffekte an W\u00e4nden und Deko setzen.<br data-start=\"777\" data-end=\"780\" \/>Die SMD 864 PRO bringt gezielte Lichtpower ins Spiel, der Stinger sorgt f\u00fcr sanfte Bewegung, und der Mini D-5 setzt verspielte Akzente.<br data-start=\"915\" data-end=\"918\" data-is-only-node=\"\" \/>Ein Set f\u00fcr stimmungsvolle Abende, bei denen Atmosph\u00e4re, Stil und ein Hauch Clubfeeling zusammenkommen.<\/p>","protected":false},"featured_media":1820,"comment_status":"open","ping_status":"closed","template":"","meta":{"_kad_post_transparent":"default","_kad_post_title":"","_kad_post_layout":"default","_kad_post_sidebar_id":"","_kad_post_content_style":"default","_kad_post_vertical_padding":"default","_kad_post_feature":"","_kad_post_feature_position":"","_kad_post_header":false,"_kad_post_footer":false,"_kad_post_classname":""},"product_brand":[],"product_cat":[243,339],"product_tag":[290,308],"class_list":{"0":"post-1674","1":"product","2":"type-product","3":"status-publish","4":"has-post-thumbnail","6":"product_cat-bundle","7":"product_cat-licht-sets","8":"product_tag-lights","9":"product_tag-pel","11":"first","12":"instock","13":"shipping-taxable","14":"purchasable","15":"product-type-redq_rental","16":"entry","17":"content-bg","18":"loop-entry"},"_links":{"self":[{"href":"https:\/\/www.pjevents.ch\/en\/wp-json\/wp\/v2\/product\/1674","targetHints":{"allow":["GET"]}}],"collection":[{"href":"https:\/\/www.pjevents.ch\/en\/wp-json\/wp\/v2\/product"}],"about":[{"href":"https:\/\/www.pjevents.ch\/en\/wp-json\/wp\/v2\/types\/product"}],"replies":[{"embeddable":true,"href":"https:\/\/www.pjevents.ch\/en\/wp-json\/wp\/v2\/comments?post=1674"}],"wp:featuredmedia":[{"embeddable":true,"href":"https:\/\/www.pjevents.ch\/en\/wp-json\/wp\/v2\/media\/1820"}],"wp:attachment":[{"href":"https:\/\/www.pjevents.ch\/en\/wp-json\/wp\/v2\/media?parent=1674"}],"wp:term":[{"taxonomy":"product_brand","embeddable":true,"href":"https:\/\/www.pjevents.ch\/en\/wp-json\/wp\/v2\/product_brand?post=1674"},{"taxonomy":"product_cat","embeddable":true,"href":"https:\/\/www.pjevents.ch\/en\/wp-json\/wp\/v2\/product_cat?post=1674"},{"taxonomy":"product_tag","embeddable":true,"href":"https:\/\/www.pjevents.ch\/en\/wp-json\/wp\/v2\/product_tag?post=1674"}],"curies":[{"name":"wp","href":"https:\/\/api.w.org\/{rel}","templated":true}]}}