{"id":1675,"date":"2025-10-30T18:57:20","date_gmt":"2025-10-30T17:57:20","guid":{"rendered":"https:\/\/www.pjevents.ch\/?post_type=product&#038;p=1675"},"modified":"2026-02-03T11:04:07","modified_gmt":"2026-02-03T10:04:07","slug":"neon-lounge-storm","status":"publish","type":"product","link":"https:\/\/www.pjevents.ch\/en\/product\/neon-lounge-storm\/","title":{"rendered":"Tiny Storm"},"content":{"rendered":"<p data-start=\"0\" data-end=\"82\"><strong data-start=\"0\" data-end=\"14\">Raumgr\u00f6\u00dfe:<\/strong> Klein (S) \u2013 bis 40 m\u00b2<br data-start=\"36\" data-end=\"39\" \/><strong data-start=\"39\" data-end=\"49\">Genre:<\/strong> Pop\/Rock<br data-start=\"58\" data-end=\"61\" \/><strong data-start=\"61\" data-end=\"70\" data-is-only-node=\"\">Vibe:<\/strong> Relaxed<\/p>\n<p data-start=\"84\" data-end=\"526\"><strong data-start=\"84\" data-end=\"101\">Beschreibung:<\/strong><br data-start=\"101\" data-end=\"104\" \/>Tiny Storm ist das minimalistische Lichtset f\u00fcr ruhige, stimmungsvolle Abende.<br data-start=\"189\" data-end=\"192\" \/>Zwei MaxiPars erzeugen warme, weiche Farbfl\u00e4chen, die den Raum in sanftes Licht tauchen.<br data-start=\"280\" data-end=\"283\" \/>Der Mini D-5 setzt dezente Bewegung und sorgt f\u00fcr einen Hauch Dynamik \u2013 perfekt f\u00fcr gem\u00fctliche Sessions, Chillout-R\u00e4ume oder kleine Events mit entspannter Musik.<br data-start=\"444\" data-end=\"447\" \/>Ein unkompliziertes Setup, das Atmosph\u00e4re schafft, ohne aufdringlich zu sein.<\/p>\n<p data-start=\"528\" data-end=\"541\"><strong data-start=\"528\" data-end=\"539\">Inhalt:<\/strong><\/p>\n<ul data-start=\"542\" data-end=\"677\">\n<li data-start=\"542\" data-end=\"568\">\n<p data-start=\"544\" data-end=\"568\">2 \u00d7 Cameo MaxiPar Quad<\/p>\n<\/li>\n<li data-start=\"569\" data-end=\"598\">\n<p data-start=\"571\" data-end=\"598\">1 \u00d7 Eurolite Mini D-5 RGB<\/p>\n<\/li>\n<li data-start=\"599\" data-end=\"622\">\n<p data-start=\"601\" data-end=\"622\"><strong data-start=\"601\" data-end=\"620\">1 \u00d7 Lichtstativ<\/strong><\/p>\n<\/li>\n<li data-start=\"623\" data-end=\"650\">\n<p data-start=\"625\" data-end=\"650\"><strong data-start=\"625\" data-end=\"643\">DMX-Steuerung:<\/strong> No<\/p>\n<\/li>\n<\/ul>\n<p data-start=\"653\" data-end=\"677\"><strong data-start=\"653\" data-end=\"664\">Gesamt:<\/strong> 3 Fixtures<\/p>","protected":false},"excerpt":{"rendered":"<p>Tiny Storm ist das minimalistische Lichtset f\u00fcr ruhige, stimmungsvolle Abende.<br data-start=\"189\" data-end=\"192\" \/>Zwei MaxiPars erzeugen warme, weiche Farbfl\u00e4chen, die den Raum in sanftes Licht tauchen.<br data-start=\"280\" data-end=\"283\" \/>Der Mini D-5 setzt dezente Bewegung und sorgt f\u00fcr einen Hauch Dynamik \u2013 perfekt f\u00fcr gem\u00fctliche Sessions, Chillout-R\u00e4ume oder kleine Events mit entspannter Musik.<br data-start=\"444\" data-end=\"447\" \/>Ein unkompliziertes Setup, das Atmosph\u00e4re schafft, ohne aufdringlich zu sein.<\/p>","protected":false},"featured_media":1822,"comment_status":"open","ping_status":"closed","template":"","meta":{"_kad_post_transparent":"default","_kad_post_title":"","_kad_post_layout":"default","_kad_post_sidebar_id":"","_kad_post_content_style":"default","_kad_post_vertical_padding":"default","_kad_post_feature":"","_kad_post_feature_position":"","_kad_post_header":false,"_kad_post_footer":false,"_kad_post_classname":""},"product_brand":[],"product_cat":[243,339],"product_tag":[290,301],"class_list":{"0":"post-1675","1":"product","2":"type-product","3":"status-publish","4":"has-post-thumbnail","6":"product_cat-bundle","7":"product_cat-licht-sets","8":"product_tag-lights","9":"product_tag-pes","11":"first","12":"instock","13":"shipping-taxable","14":"purchasable","15":"product-type-redq_rental","16":"entry","17":"content-bg","18":"loop-entry"},"_links":{"self":[{"href":"https:\/\/www.pjevents.ch\/en\/wp-json\/wp\/v2\/product\/1675","targetHints":{"allow":["GET"]}}],"collection":[{"href":"https:\/\/www.pjevents.ch\/en\/wp-json\/wp\/v2\/product"}],"about":[{"href":"https:\/\/www.pjevents.ch\/en\/wp-json\/wp\/v2\/types\/product"}],"replies":[{"embeddable":true,"href":"https:\/\/www.pjevents.ch\/en\/wp-json\/wp\/v2\/comments?post=1675"}],"wp:featuredmedia":[{"embeddable":true,"href":"https:\/\/www.pjevents.ch\/en\/wp-json\/wp\/v2\/media\/1822"}],"wp:attachment":[{"href":"https:\/\/www.pjevents.ch\/en\/wp-json\/wp\/v2\/media?parent=1675"}],"wp:term":[{"taxonomy":"product_brand","embeddable":true,"href":"https:\/\/www.pjevents.ch\/en\/wp-json\/wp\/v2\/product_brand?post=1675"},{"taxonomy":"product_cat","embeddable":true,"href":"https:\/\/www.pjevents.ch\/en\/wp-json\/wp\/v2\/product_cat?post=1675"},{"taxonomy":"product_tag","embeddable":true,"href":"https:\/\/www.pjevents.ch\/en\/wp-json\/wp\/v2\/product_tag?post=1675"}],"curies":[{"name":"wp","href":"https:\/\/api.w.org\/{rel}","templated":true}]}}