{"id":1676,"date":"2025-10-30T18:59:24","date_gmt":"2025-10-30T17:59:24","guid":{"rendered":"https:\/\/www.pjevents.ch\/?post_type=product&#038;p=1676"},"modified":"2026-02-03T11:03:58","modified_gmt":"2026-02-03T10:03:58","slug":"neon-lounge-surge","status":"publish","type":"product","link":"https:\/\/www.pjevents.ch\/en\/product\/neon-lounge-surge\/","title":{"rendered":"USB Dance"},"content":{"rendered":"<p data-start=\"0\" data-end=\"83\"><strong data-start=\"0\" data-end=\"14\">Raumgr\u00f6\u00dfe:<\/strong> Mittel (M) \u2013 40\u2013120 m\u00b2<br data-start=\"37\" data-end=\"40\" \/><strong data-start=\"40\" data-end=\"50\">Genre:<\/strong> Pop\/Rock<br data-start=\"59\" data-end=\"62\" \/><strong data-start=\"62\" data-end=\"71\" data-is-only-node=\"\">Vibe:<\/strong> Relaxed<\/p>\n<p data-start=\"85\" data-end=\"545\"><strong data-start=\"85\" data-end=\"102\">Beschreibung:<\/strong><br data-start=\"102\" data-end=\"105\" \/>USB Dance bringt warme Farben und ruhige Bewegung in mittelgro\u00dfe R\u00e4ume.<br data-start=\"184\" data-end=\"187\" \/>Vier MaxiPars sorgen f\u00fcr gleichm\u00e4\u00dfige Farbfl\u00e4chen, w\u00e4hrend der Stinger lebendige Beams in sanfter Rotation beisteuert.<br data-start=\"305\" data-end=\"308\" \/>Der Mini D-5 erg\u00e4nzt das Lichtbild mit kleinen, glitzernden Akzenten und rundet die Atmosph\u00e4re perfekt ab.<br data-start=\"414\" data-end=\"417\" \/>Ein Setup, das durch Harmonie \u00fcberzeugt \u2013 ideal f\u00fcr Chillout-Zonen, akustische Sets oder elegante Abende mit dezenter Dynamik.<\/p>\n<p data-start=\"547\" data-end=\"560\"><strong data-start=\"547\" data-end=\"558\">Inhalt:<\/strong><\/p>\n<ul data-start=\"561\" data-end=\"722\">\n<li data-start=\"561\" data-end=\"587\">\n<p data-start=\"563\" data-end=\"587\">4 \u00d7 Cameo MaxiPar Quad<\/p>\n<\/li>\n<li data-start=\"588\" data-end=\"612\">\n<p data-start=\"590\" data-end=\"612\">1 \u00d7 ADJ Stinger Gobo<\/p>\n<\/li>\n<li data-start=\"613\" data-end=\"642\">\n<p data-start=\"615\" data-end=\"642\">1 \u00d7 Eurolite Mini D-5 RGB<\/p>\n<\/li>\n<li data-start=\"643\" data-end=\"667\">\n<p data-start=\"645\" data-end=\"667\"><strong data-start=\"645\" data-end=\"665\">3 \u00d7 Lichtstative<\/strong><\/p>\n<\/li>\n<li data-start=\"668\" data-end=\"695\">\n<p data-start=\"670\" data-end=\"695\"><strong data-start=\"670\" data-end=\"688\">DMX-Steuerung:<\/strong> No<\/p>\n<\/li>\n<\/ul>\n<p data-start=\"698\" data-end=\"722\"><strong data-start=\"698\" data-end=\"709\">Gesamt:<\/strong> 6 Fixtures<\/p>","protected":false},"excerpt":{"rendered":"<p>Neon Lounge Surge bringt warme Farben und ruhige Bewegung in mittelgro\u00dfe R\u00e4ume.<br data-start=\"184\" data-end=\"187\" \/>Vier MaxiPars sorgen f\u00fcr gleichm\u00e4\u00dfige Farbfl\u00e4chen, w\u00e4hrend der Stinger lebendige Beams in sanfter Rotation beisteuert.<br data-start=\"305\" data-end=\"308\" \/>Der Mini D-5 erg\u00e4nzt das Lichtbild mit kleinen, glitzernden Akzenten und rundet die Atmosph\u00e4re perfekt ab.<br data-start=\"414\" data-end=\"417\" \/>Ein Setup, das durch Harmonie \u00fcberzeugt \u2013 ideal f\u00fcr Chillout-Zonen, akustische Sets oder elegante Abende mit dezenter Dynamik.<\/p>","protected":false},"featured_media":1825,"comment_status":"open","ping_status":"closed","template":"","meta":{"_kad_post_transparent":"default","_kad_post_title":"","_kad_post_layout":"default","_kad_post_sidebar_id":"","_kad_post_content_style":"default","_kad_post_vertical_padding":"default","_kad_post_feature":"","_kad_post_feature_position":"","_kad_post_header":false,"_kad_post_footer":false,"_kad_post_classname":""},"product_brand":[],"product_cat":[243,339],"product_tag":[290,300],"class_list":{"0":"post-1676","1":"product","2":"type-product","3":"status-publish","4":"has-post-thumbnail","6":"product_cat-bundle","7":"product_cat-licht-sets","8":"product_tag-lights","9":"product_tag-pem","11":"first","12":"instock","13":"shipping-taxable","14":"purchasable","15":"product-type-redq_rental","16":"entry","17":"content-bg","18":"loop-entry"},"_links":{"self":[{"href":"https:\/\/www.pjevents.ch\/en\/wp-json\/wp\/v2\/product\/1676","targetHints":{"allow":["GET"]}}],"collection":[{"href":"https:\/\/www.pjevents.ch\/en\/wp-json\/wp\/v2\/product"}],"about":[{"href":"https:\/\/www.pjevents.ch\/en\/wp-json\/wp\/v2\/types\/product"}],"replies":[{"embeddable":true,"href":"https:\/\/www.pjevents.ch\/en\/wp-json\/wp\/v2\/comments?post=1676"}],"wp:featuredmedia":[{"embeddable":true,"href":"https:\/\/www.pjevents.ch\/en\/wp-json\/wp\/v2\/media\/1825"}],"wp:attachment":[{"href":"https:\/\/www.pjevents.ch\/en\/wp-json\/wp\/v2\/media?parent=1676"}],"wp:term":[{"taxonomy":"product_brand","embeddable":true,"href":"https:\/\/www.pjevents.ch\/en\/wp-json\/wp\/v2\/product_brand?post=1676"},{"taxonomy":"product_cat","embeddable":true,"href":"https:\/\/www.pjevents.ch\/en\/wp-json\/wp\/v2\/product_cat?post=1676"},{"taxonomy":"product_tag","embeddable":true,"href":"https:\/\/www.pjevents.ch\/en\/wp-json\/wp\/v2\/product_tag?post=1676"}],"curies":[{"name":"wp","href":"https:\/\/api.w.org\/{rel}","templated":true}]}}