{"id":1677,"date":"2025-10-30T19:03:57","date_gmt":"2025-10-30T18:03:57","guid":{"rendered":"https:\/\/www.pjevents.ch\/?post_type=product&#038;p=1677"},"modified":"2026-02-03T11:03:57","modified_gmt":"2026-02-03T10:03:57","slug":"neon-chill","status":"publish","type":"product","link":"https:\/\/www.pjevents.ch\/en\/product\/neon-chill\/","title":{"rendered":"Neon Chill"},"content":{"rendered":"<p data-start=\"0\" data-end=\"82\"><strong data-start=\"0\" data-end=\"14\">Raumgr\u00f6\u00dfe:<\/strong> Klein (S) \u2013 bis 40 m\u00b2<br data-start=\"36\" data-end=\"39\" \/><strong data-start=\"39\" data-end=\"49\">Genre:<\/strong> Chillout<br data-start=\"58\" data-end=\"61\" \/><strong data-start=\"61\" data-end=\"70\" data-is-only-node=\"\">Vibe:<\/strong> Neon party<\/p>\n<p data-start=\"84\" data-end=\"555\"><strong data-start=\"84\" data-end=\"101\">Beschreibung:<\/strong><br data-start=\"101\" data-end=\"104\" \/>Neon Chill ist das perfekte Set f\u00fcr entspannte N\u00e4chte im UV-Style.<br data-start=\"170\" data-end=\"173\" \/>Zwei UV Floods und zwei BUV-Fluter tauchen den Raum in intensives Schwarzlicht, w\u00e4hrend die UV-R\u00f6hre alles zum Leuchten bringt \u2013 von Deko bis Drinks.<br data-start=\"322\" data-end=\"325\" \/>Zwei LED-Poles erg\u00e4nzen das Ganze mit sanften vertikalen Farbverl\u00e4ufen und schaffen eine ruhige, elegante Atmosph\u00e4re.<br data-start=\"442\" data-end=\"445\" \/>Ein Set f\u00fcr entspannte Abende, Lounge-Sessions oder Neonpartys mit Stil \u2013 minimaler Aufwand, maximaler Glow.<\/p>\n<p data-start=\"557\" data-end=\"570\"><strong data-start=\"557\" data-end=\"568\">Inhalt:<\/strong><\/p>\n<ul data-start=\"571\" data-end=\"746\">\n<li data-start=\"571\" data-end=\"594\">\n<p data-start=\"573\" data-end=\"594\">2 \u00d7 ADJ UV Flood 36<\/p>\n<\/li>\n<li data-start=\"595\" data-end=\"616\">\n<p data-start=\"597\" data-end=\"616\">2 \u00d7 BeamZ BUV 463<\/p>\n<\/li>\n<li data-start=\"617\" data-end=\"649\">\n<p data-start=\"619\" data-end=\"649\">1 \u00d7 Eurolite UV-R\u00f6hre 120 cm<\/p>\n<\/li>\n<li data-start=\"650\" data-end=\"666\">\n<p data-start=\"652\" data-end=\"666\">2 \u00d7 LED Pole<\/p>\n<\/li>\n<li data-start=\"667\" data-end=\"691\">\n<p data-start=\"669\" data-end=\"691\"><strong data-start=\"669\" data-end=\"689\">2 \u00d7 Lichtstative<\/strong><\/p>\n<\/li>\n<li data-start=\"692\" data-end=\"719\">\n<p data-start=\"694\" data-end=\"719\"><strong data-start=\"694\" data-end=\"712\">DMX-Steuerung:<\/strong> No<\/p>\n<\/li>\n<\/ul>\n<p data-start=\"722\" data-end=\"746\"><strong data-start=\"722\" data-end=\"733\">Gesamt:<\/strong> 7 Fixtures<\/p>","protected":false},"excerpt":{"rendered":"<p>Neon Chill ist das perfekte Set f\u00fcr entspannte N\u00e4chte im UV-Style.<br data-start=\"170\" data-end=\"173\" \/>Zwei UV Floods und zwei BUV-Fluter tauchen den Raum in intensives Schwarzlicht, w\u00e4hrend die UV-R\u00f6hre alles zum Leuchten bringt \u2013 von Deko bis Drinks.<br data-start=\"322\" data-end=\"325\" \/>Zwei LED-Poles erg\u00e4nzen das Ganze mit sanften vertikalen Farbverl\u00e4ufen und schaffen eine ruhige, elegante Atmosph\u00e4re.<br data-start=\"442\" data-end=\"445\" \/>Ein Set f\u00fcr entspannte Abende, Lounge-Sessions oder Neonpartys mit Stil \u2013 minimaler Aufwand, maximaler Glow.<\/p>","protected":false},"featured_media":1797,"comment_status":"open","ping_status":"closed","template":"","meta":{"_kad_post_transparent":"default","_kad_post_title":"","_kad_post_layout":"default","_kad_post_sidebar_id":"","_kad_post_content_style":"default","_kad_post_vertical_padding":"default","_kad_post_feature":"","_kad_post_feature_position":"","_kad_post_header":false,"_kad_post_footer":false,"_kad_post_classname":""},"product_brand":[],"product_cat":[243,339],"product_tag":[309,290],"class_list":{"0":"post-1677","1":"product","2":"type-product","3":"status-publish","4":"has-post-thumbnail","6":"product_cat-bundle","7":"product_cat-licht-sets","8":"product_tag-cns","9":"product_tag-lights","11":"first","12":"instock","13":"shipping-taxable","14":"purchasable","15":"product-type-redq_rental","16":"entry","17":"content-bg","18":"loop-entry"},"_links":{"self":[{"href":"https:\/\/www.pjevents.ch\/en\/wp-json\/wp\/v2\/product\/1677","targetHints":{"allow":["GET"]}}],"collection":[{"href":"https:\/\/www.pjevents.ch\/en\/wp-json\/wp\/v2\/product"}],"about":[{"href":"https:\/\/www.pjevents.ch\/en\/wp-json\/wp\/v2\/types\/product"}],"replies":[{"embeddable":true,"href":"https:\/\/www.pjevents.ch\/en\/wp-json\/wp\/v2\/comments?post=1677"}],"wp:featuredmedia":[{"embeddable":true,"href":"https:\/\/www.pjevents.ch\/en\/wp-json\/wp\/v2\/media\/1797"}],"wp:attachment":[{"href":"https:\/\/www.pjevents.ch\/en\/wp-json\/wp\/v2\/media?parent=1677"}],"wp:term":[{"taxonomy":"product_brand","embeddable":true,"href":"https:\/\/www.pjevents.ch\/en\/wp-json\/wp\/v2\/product_brand?post=1677"},{"taxonomy":"product_cat","embeddable":true,"href":"https:\/\/www.pjevents.ch\/en\/wp-json\/wp\/v2\/product_cat?post=1677"},{"taxonomy":"product_tag","embeddable":true,"href":"https:\/\/www.pjevents.ch\/en\/wp-json\/wp\/v2\/product_tag?post=1677"}],"curies":[{"name":"wp","href":"https:\/\/api.w.org\/{rel}","templated":true}]}}