{"id":1678,"date":"2025-11-02T11:25:04","date_gmt":"2025-11-02T10:25:04","guid":{"rendered":"https:\/\/www.pjevents.ch\/?post_type=product&#038;p=1678"},"modified":"2026-02-03T11:03:37","modified_gmt":"2026-02-03T10:03:37","slug":"neon-drift","status":"publish","type":"product","link":"https:\/\/www.pjevents.ch\/en\/product\/neon-drift\/","title":{"rendered":"Neon Drift"},"content":{"rendered":"<p data-start=\"0\" data-end=\"82\"><strong data-start=\"0\" data-end=\"14\">Raumgr\u00f6\u00dfe:<\/strong> Gro\u00df (L) \u2013 120\u2013250 m\u00b2<br data-start=\"36\" data-end=\"39\" \/><strong data-start=\"39\" data-end=\"49\">Genre:<\/strong> Pop\/Rock<br data-start=\"58\" data-end=\"61\" \/><strong data-start=\"61\" data-end=\"70\" data-is-only-node=\"\">Vibe:<\/strong> Neon party<\/p>\n<p data-start=\"84\" data-end=\"575\"><strong data-start=\"84\" data-end=\"101\">Beschreibung:<\/strong><br data-start=\"101\" data-end=\"104\" \/>Neon Drift ist das ultimative Glow-Set f\u00fcr gro\u00dfe Neon- oder Partyfl\u00e4chen.<br data-start=\"177\" data-end=\"180\" \/>Zwei UV Floods und zwei BUV-Fluter f\u00fcllen den Raum mit intensiver Schwarzlicht-Atmosph\u00e4re, w\u00e4hrend die UV-R\u00f6hre f\u00fcr gleichm\u00e4\u00dfigen Blauschimmer sorgt.<br data-start=\"329\" data-end=\"332\" \/>Der Stinger bringt lebendige Bewegung mit bunten Mustern, und der Mini D-5 setzt feine Farbakzente \u2013 perfekt f\u00fcr Neonabende mit Energie und Style.<br data-start=\"478\" data-end=\"481\" \/>Ein gro\u00dffl\u00e4chiges Setup mit kr\u00e4ftigem Glow und ausgewogenem Mix aus Bewegung und Atmosph\u00e4re.<\/p>\n<p data-start=\"577\" data-end=\"590\"><strong data-start=\"577\" data-end=\"588\">Inhalt:<\/strong><\/p>\n<ul data-start=\"591\" data-end=\"804\">\n<li data-start=\"591\" data-end=\"615\">\n<p data-start=\"593\" data-end=\"615\">1 \u00d7 ADJ Stinger Gobo<\/p>\n<\/li>\n<li data-start=\"616\" data-end=\"639\">\n<p data-start=\"618\" data-end=\"639\">2 \u00d7 ADJ UV Flood 36<\/p>\n<\/li>\n<li data-start=\"640\" data-end=\"661\">\n<p data-start=\"642\" data-end=\"661\">2 \u00d7 BeamZ BUV 463<\/p>\n<\/li>\n<li data-start=\"662\" data-end=\"694\">\n<p data-start=\"664\" data-end=\"694\">1 \u00d7 Eurolite UV-R\u00f6hre 120 cm<\/p>\n<\/li>\n<li data-start=\"695\" data-end=\"724\">\n<p data-start=\"697\" data-end=\"724\">1 \u00d7 Eurolite Mini D-5 RGB<\/p>\n<\/li>\n<li data-start=\"725\" data-end=\"749\">\n<p data-start=\"727\" data-end=\"749\"><strong data-start=\"727\" data-end=\"747\">3 \u00d7 Lichtstative<\/strong><\/p>\n<\/li>\n<li data-start=\"750\" data-end=\"777\">\n<p data-start=\"752\" data-end=\"777\"><strong data-start=\"752\" data-end=\"770\">DMX-Steuerung:<\/strong> No<\/p>\n<\/li>\n<\/ul>\n<p data-start=\"780\" data-end=\"804\"><strong data-start=\"780\" data-end=\"791\">Gesamt:<\/strong> 7 Fixtures<\/p>","protected":false},"excerpt":{"rendered":"<p>Neon Drift ist das ultimative Glow-Set f\u00fcr gro\u00dfe Neon- oder Partyfl\u00e4chen.<br data-start=\"177\" data-end=\"180\" \/>Zwei UV Floods und zwei BUV-Fluter f\u00fcllen den Raum mit intensiver Schwarzlicht-Atmosph\u00e4re, w\u00e4hrend die UV-R\u00f6hre f\u00fcr gleichm\u00e4\u00dfigen Blauschimmer sorgt.<br data-start=\"329\" data-end=\"332\" \/>Der Stinger bringt lebendige Bewegung mit bunten Mustern, und der Mini D-5 setzt feine Farbakzente \u2013 perfekt f\u00fcr Neonabende mit Energie und Style.<br data-start=\"478\" data-end=\"481\" \/>Ein gro\u00dffl\u00e4chiges Setup mit kr\u00e4ftigem Glow und ausgewogenem Mix aus Bewegung und Atmosph\u00e4re.<\/p>","protected":false},"featured_media":1805,"comment_status":"open","ping_status":"closed","template":"","meta":{"_kad_post_transparent":"default","_kad_post_title":"","_kad_post_layout":"default","_kad_post_sidebar_id":"","_kad_post_content_style":"default","_kad_post_vertical_padding":"default","_kad_post_feature":"","_kad_post_feature_position":"","_kad_post_header":false,"_kad_post_footer":false,"_kad_post_classname":""},"product_brand":[],"product_cat":[243,339],"product_tag":[290,311],"class_list":{"0":"post-1678","1":"product","2":"type-product","3":"status-publish","4":"has-post-thumbnail","6":"product_cat-bundle","7":"product_cat-licht-sets","8":"product_tag-lights","9":"product_tag-pnl","11":"first","12":"instock","13":"shipping-taxable","14":"purchasable","15":"product-type-redq_rental","16":"entry","17":"content-bg","18":"loop-entry"},"_links":{"self":[{"href":"https:\/\/www.pjevents.ch\/en\/wp-json\/wp\/v2\/product\/1678","targetHints":{"allow":["GET"]}}],"collection":[{"href":"https:\/\/www.pjevents.ch\/en\/wp-json\/wp\/v2\/product"}],"about":[{"href":"https:\/\/www.pjevents.ch\/en\/wp-json\/wp\/v2\/types\/product"}],"replies":[{"embeddable":true,"href":"https:\/\/www.pjevents.ch\/en\/wp-json\/wp\/v2\/comments?post=1678"}],"wp:featuredmedia":[{"embeddable":true,"href":"https:\/\/www.pjevents.ch\/en\/wp-json\/wp\/v2\/media\/1805"}],"wp:attachment":[{"href":"https:\/\/www.pjevents.ch\/en\/wp-json\/wp\/v2\/media?parent=1678"}],"wp:term":[{"taxonomy":"product_brand","embeddable":true,"href":"https:\/\/www.pjevents.ch\/en\/wp-json\/wp\/v2\/product_brand?post=1678"},{"taxonomy":"product_cat","embeddable":true,"href":"https:\/\/www.pjevents.ch\/en\/wp-json\/wp\/v2\/product_cat?post=1678"},{"taxonomy":"product_tag","embeddable":true,"href":"https:\/\/www.pjevents.ch\/en\/wp-json\/wp\/v2\/product_tag?post=1678"}],"curies":[{"name":"wp","href":"https:\/\/api.w.org\/{rel}","templated":true}]}}