{"id":1679,"date":"2025-11-02T11:29:45","date_gmt":"2025-11-02T10:29:45","guid":{"rendered":"https:\/\/www.pjevents.ch\/?post_type=product&#038;p=1679"},"modified":"2026-02-03T11:03:37","modified_gmt":"2026-02-03T10:03:37","slug":"neon-drive","status":"publish","type":"product","link":"https:\/\/www.pjevents.ch\/en\/product\/neon-drive\/","title":{"rendered":"Neon Drive"},"content":{"rendered":"<p data-start=\"0\" data-end=\"82\"><strong data-start=\"0\" data-end=\"14\">Raumgr\u00f6\u00dfe:<\/strong> Klein (S) \u2013 bis 40 m\u00b2<br data-start=\"36\" data-end=\"39\" \/><strong data-start=\"39\" data-end=\"49\">Genre:<\/strong> Chillout<br data-start=\"58\" data-end=\"61\" \/><strong data-start=\"61\" data-end=\"70\" data-is-only-node=\"\">Vibe:<\/strong> Neon party<\/p>\n<p data-start=\"84\" data-end=\"536\"><strong data-start=\"84\" data-end=\"101\">Beschreibung:<\/strong><br data-start=\"101\" data-end=\"104\" \/>Neon Drive ist dein ruhiges Glow-Setup f\u00fcr entspannte N\u00e4chte im UV-Stil.<br data-start=\"176\" data-end=\"179\" \/>Zwei UV Floods und ein BUV-Fluter sorgen f\u00fcr kr\u00e4ftiges Schwarzlicht, w\u00e4hrend die UV-R\u00f6hre den Raum gleichm\u00e4\u00dfig in ein leuchtendes Blau taucht.<br data-start=\"321\" data-end=\"324\" \/>Ein LED-Pole erg\u00e4nzt das Setup mit sanften vertikalen Farbverl\u00e4ufen und bringt Tiefe in den Look.<br data-start=\"421\" data-end=\"424\" \/>Ideal f\u00fcr Chillout-Zonen, Neonabende oder gem\u00fctliche Sessions mit dezenter, aber wirkungsvoller Lichtstimmung.<\/p>\n<p data-start=\"538\" data-end=\"551\"><strong data-start=\"538\" data-end=\"549\">Inhalt:<\/strong><\/p>\n<ul data-start=\"552\" data-end=\"726\">\n<li data-start=\"552\" data-end=\"575\">\n<p data-start=\"554\" data-end=\"575\">2 \u00d7 ADJ UV Flood 36<\/p>\n<\/li>\n<li data-start=\"576\" data-end=\"597\">\n<p data-start=\"578\" data-end=\"597\">1 \u00d7 BeamZ BUV 463<\/p>\n<\/li>\n<li data-start=\"598\" data-end=\"630\">\n<p data-start=\"600\" data-end=\"630\">1 \u00d7 Eurolite UV-R\u00f6hre 120 cm<\/p>\n<\/li>\n<li data-start=\"631\" data-end=\"647\">\n<p data-start=\"633\" data-end=\"647\">1 \u00d7 LED Pole<\/p>\n<\/li>\n<li data-start=\"648\" data-end=\"671\">\n<p data-start=\"650\" data-end=\"671\"><strong data-start=\"650\" data-end=\"669\">1 \u00d7 Lichtstativ<\/strong><\/p>\n<\/li>\n<li data-start=\"672\" data-end=\"699\">\n<p data-start=\"674\" data-end=\"699\"><strong data-start=\"674\" data-end=\"692\">DMX-Steuerung:<\/strong> No<\/p>\n<\/li>\n<\/ul>\n<p data-start=\"702\" data-end=\"726\"><strong data-start=\"702\" data-end=\"713\">Gesamt:<\/strong> 5 Fixtures<\/p>","protected":false},"excerpt":{"rendered":"<p>Neon Drive ist dein ruhiges Glow-Setup f\u00fcr entspannte N\u00e4chte im UV-Stil.<br data-start=\"176\" data-end=\"179\" \/>Zwei UV Floods und ein BUV-Fluter sorgen f\u00fcr kr\u00e4ftiges Schwarzlicht, w\u00e4hrend die UV-R\u00f6hre den Raum gleichm\u00e4\u00dfig in ein leuchtendes Blau taucht.<br data-start=\"321\" data-end=\"324\" \/>Ein LED-Pole erg\u00e4nzt das Setup mit sanften vertikalen Farbverl\u00e4ufen und bringt Tiefe in den Look.<br data-start=\"421\" data-end=\"424\" \/>Ideal f\u00fcr Chillout-Zonen, Neonabende oder gem\u00fctliche Sessions mit dezenter, aber wirkungsvoller Lichtstimmung.<\/p>","protected":false},"featured_media":1806,"comment_status":"open","ping_status":"closed","template":"","meta":{"_kad_post_transparent":"default","_kad_post_title":"","_kad_post_layout":"default","_kad_post_sidebar_id":"","_kad_post_content_style":"default","_kad_post_vertical_padding":"default","_kad_post_feature":"","_kad_post_feature_position":"","_kad_post_header":false,"_kad_post_footer":false,"_kad_post_classname":""},"product_brand":[],"product_cat":[243,339],"product_tag":[309,290],"class_list":{"0":"post-1679","1":"product","2":"type-product","3":"status-publish","4":"has-post-thumbnail","6":"product_cat-bundle","7":"product_cat-licht-sets","8":"product_tag-cns","9":"product_tag-lights","11":"first","12":"instock","13":"shipping-taxable","14":"purchasable","15":"product-type-redq_rental","16":"entry","17":"content-bg","18":"loop-entry"},"_links":{"self":[{"href":"https:\/\/www.pjevents.ch\/en\/wp-json\/wp\/v2\/product\/1679","targetHints":{"allow":["GET"]}}],"collection":[{"href":"https:\/\/www.pjevents.ch\/en\/wp-json\/wp\/v2\/product"}],"about":[{"href":"https:\/\/www.pjevents.ch\/en\/wp-json\/wp\/v2\/types\/product"}],"replies":[{"embeddable":true,"href":"https:\/\/www.pjevents.ch\/en\/wp-json\/wp\/v2\/comments?post=1679"}],"wp:featuredmedia":[{"embeddable":true,"href":"https:\/\/www.pjevents.ch\/en\/wp-json\/wp\/v2\/media\/1806"}],"wp:attachment":[{"href":"https:\/\/www.pjevents.ch\/en\/wp-json\/wp\/v2\/media?parent=1679"}],"wp:term":[{"taxonomy":"product_brand","embeddable":true,"href":"https:\/\/www.pjevents.ch\/en\/wp-json\/wp\/v2\/product_brand?post=1679"},{"taxonomy":"product_cat","embeddable":true,"href":"https:\/\/www.pjevents.ch\/en\/wp-json\/wp\/v2\/product_cat?post=1679"},{"taxonomy":"product_tag","embeddable":true,"href":"https:\/\/www.pjevents.ch\/en\/wp-json\/wp\/v2\/product_tag?post=1679"}],"curies":[{"name":"wp","href":"https:\/\/api.w.org\/{rel}","templated":true}]}}