{"id":1680,"date":"2025-11-02T11:32:01","date_gmt":"2025-11-02T10:32:01","guid":{"rendered":"https:\/\/www.pjevents.ch\/?post_type=product&#038;p=1680"},"modified":"2026-02-03T11:03:36","modified_gmt":"2026-02-03T10:03:36","slug":"neon-echo","status":"publish","type":"product","link":"https:\/\/www.pjevents.ch\/en\/product\/neon-echo\/","title":{"rendered":"Neon Echo"},"content":{"rendered":"<p data-start=\"0\" data-end=\"83\"><strong data-start=\"0\" data-end=\"14\">Raumgr\u00f6\u00dfe:<\/strong> Mittel (M) \u2013 40\u2013120 m\u00b2<br data-start=\"37\" data-end=\"40\" \/><strong data-start=\"40\" data-end=\"50\">Genre:<\/strong> Pop\/Rock<br data-start=\"59\" data-end=\"62\" \/><strong data-start=\"62\" data-end=\"71\" data-is-only-node=\"\">Vibe:<\/strong> Neon party<\/p>\n<p data-start=\"85\" data-end=\"582\"><strong data-start=\"85\" data-end=\"102\">Beschreibung:<\/strong><br data-start=\"102\" data-end=\"105\" \/>Neon Echo ist das mittlere Glow-Set f\u00fcr leuchtende, farbintensive N\u00e4chte.<br data-start=\"178\" data-end=\"181\" \/>Zwei UV Floods und zwei BUV-Fluter erzeugen kr\u00e4ftiges Schwarzlicht, w\u00e4hrend die UV-R\u00f6hre f\u00fcr gleichm\u00e4\u00dfigen Blauschimmer sorgt.<br data-start=\"307\" data-end=\"310\" \/>Der Mini D-5 bringt zus\u00e4tzlich dezente Bewegung und kleine Farbakzente ins Spiel.<br data-start=\"391\" data-end=\"394\" \/>Ideal f\u00fcr Neonpartys, Lounge-Events oder gem\u00fctliche Clubabende mit starker Leuchtwirkung und minimalem Aufwand.<br data-start=\"505\" data-end=\"508\" \/>Ein kompakter, stimmungsvoller Aufbau, der jeden Raum zum Gl\u00fchen bringt.<\/p>\n<p data-start=\"584\" data-end=\"597\"><strong data-start=\"584\" data-end=\"595\">Inhalt:<\/strong><\/p>\n<ul data-start=\"598\" data-end=\"786\">\n<li data-start=\"598\" data-end=\"621\">\n<p data-start=\"600\" data-end=\"621\">2 \u00d7 ADJ UV Flood 36<\/p>\n<\/li>\n<li data-start=\"622\" data-end=\"643\">\n<p data-start=\"624\" data-end=\"643\">2 \u00d7 BeamZ BUV 463<\/p>\n<\/li>\n<li data-start=\"644\" data-end=\"676\">\n<p data-start=\"646\" data-end=\"676\">1 \u00d7 Eurolite UV-R\u00f6hre 120 cm<\/p>\n<\/li>\n<li data-start=\"677\" data-end=\"706\">\n<p data-start=\"679\" data-end=\"706\">1 \u00d7 Eurolite Mini D-5 RGB<\/p>\n<\/li>\n<li data-start=\"707\" data-end=\"731\">\n<p data-start=\"709\" data-end=\"731\"><strong data-start=\"709\" data-end=\"729\">2 \u00d7 Lichtstative<\/strong><\/p>\n<\/li>\n<li data-start=\"732\" data-end=\"759\">\n<p data-start=\"734\" data-end=\"759\"><strong data-start=\"734\" data-end=\"752\">DMX-Steuerung:<\/strong> No<\/p>\n<\/li>\n<\/ul>\n<p data-start=\"762\" data-end=\"786\"><strong data-start=\"762\" data-end=\"773\">Gesamt:<\/strong> 6 Fixtures<\/p>","protected":false},"excerpt":{"rendered":"<p>Neon Echo ist das mittlere Glow-Set f\u00fcr leuchtende, farbintensive N\u00e4chte.<br data-start=\"178\" data-end=\"181\" \/>Zwei UV Floods und zwei BUV-Fluter erzeugen kr\u00e4ftiges Schwarzlicht, w\u00e4hrend die UV-R\u00f6hre f\u00fcr gleichm\u00e4\u00dfigen Blauschimmer sorgt.<br data-start=\"307\" data-end=\"310\" \/>Der Mini D-5 bringt zus\u00e4tzlich dezente Bewegung und kleine Farbakzente ins Spiel.<br data-start=\"391\" data-end=\"394\" \/>Ideal f\u00fcr Neonpartys, Lounge-Events oder gem\u00fctliche Clubabende mit starker Leuchtwirkung und minimalem Aufwand.<br data-start=\"505\" data-end=\"508\" \/>Ein kompakter, stimmungsvoller Aufbau, der jeden Raum zum Gl\u00fchen bringt.<\/p>","protected":false},"featured_media":1807,"comment_status":"open","ping_status":"closed","template":"","meta":{"_kad_post_transparent":"default","_kad_post_title":"","_kad_post_layout":"default","_kad_post_sidebar_id":"","_kad_post_content_style":"default","_kad_post_vertical_padding":"default","_kad_post_feature":"","_kad_post_feature_position":"","_kad_post_header":false,"_kad_post_footer":false,"_kad_post_classname":""},"product_brand":[],"product_cat":[243,339],"product_tag":[290,312],"class_list":{"0":"post-1680","1":"product","2":"type-product","3":"status-publish","4":"has-post-thumbnail","6":"product_cat-bundle","7":"product_cat-licht-sets","8":"product_tag-lights","9":"product_tag-pnm","11":"first","12":"instock","13":"shipping-taxable","14":"purchasable","15":"product-type-redq_rental","16":"entry","17":"content-bg","18":"loop-entry"},"_links":{"self":[{"href":"https:\/\/www.pjevents.ch\/en\/wp-json\/wp\/v2\/product\/1680","targetHints":{"allow":["GET"]}}],"collection":[{"href":"https:\/\/www.pjevents.ch\/en\/wp-json\/wp\/v2\/product"}],"about":[{"href":"https:\/\/www.pjevents.ch\/en\/wp-json\/wp\/v2\/types\/product"}],"replies":[{"embeddable":true,"href":"https:\/\/www.pjevents.ch\/en\/wp-json\/wp\/v2\/comments?post=1680"}],"wp:featuredmedia":[{"embeddable":true,"href":"https:\/\/www.pjevents.ch\/en\/wp-json\/wp\/v2\/media\/1807"}],"wp:attachment":[{"href":"https:\/\/www.pjevents.ch\/en\/wp-json\/wp\/v2\/media?parent=1680"}],"wp:term":[{"taxonomy":"product_brand","embeddable":true,"href":"https:\/\/www.pjevents.ch\/en\/wp-json\/wp\/v2\/product_brand?post=1680"},{"taxonomy":"product_cat","embeddable":true,"href":"https:\/\/www.pjevents.ch\/en\/wp-json\/wp\/v2\/product_cat?post=1680"},{"taxonomy":"product_tag","embeddable":true,"href":"https:\/\/www.pjevents.ch\/en\/wp-json\/wp\/v2\/product_tag?post=1680"}],"curies":[{"name":"wp","href":"https:\/\/api.w.org\/{rel}","templated":true}]}}