{"id":1681,"date":"2025-11-02T11:35:42","date_gmt":"2025-11-02T10:35:42","guid":{"rendered":"https:\/\/www.pjevents.ch\/?post_type=product&#038;p=1681"},"modified":"2026-02-03T11:03:35","modified_gmt":"2026-02-03T10:03:35","slug":"neon-glow","status":"publish","type":"product","link":"https:\/\/www.pjevents.ch\/en\/product\/neon-glow\/","title":{"rendered":"Neon Glow"},"content":{"rendered":"<p data-start=\"0\" data-end=\"82\"><strong data-start=\"0\" data-end=\"14\">Raumgr\u00f6\u00dfe:<\/strong> Klein (S) \u2013 bis 40 m\u00b2<br data-start=\"36\" data-end=\"39\" \/><strong data-start=\"39\" data-end=\"49\">Genre:<\/strong> Pop\/Rock<br data-start=\"58\" data-end=\"61\" \/><strong data-start=\"61\" data-end=\"70\" data-is-only-node=\"\">Vibe:<\/strong> Neon party<\/p>\n<p data-start=\"84\" data-end=\"547\"><strong data-start=\"84\" data-end=\"101\">Beschreibung:<\/strong><br data-start=\"101\" data-end=\"104\" \/>Neon Glow ist das kompakte UV-Set f\u00fcr kleine R\u00e4ume \u2013 einfach, hell und mit starkem Glow-Effekt.<br data-start=\"199\" data-end=\"202\" \/>Der BUV-Fluter sorgt f\u00fcr kr\u00e4ftiges Schwarzlicht, die UV-R\u00f6hre bringt gleichm\u00e4\u00dfigen Blauschimmer, und der Mini D-5 setzt dezente Farbakzente.<br data-start=\"342\" data-end=\"345\" \/>Ideal f\u00fcr Neonabende, Chillout-Sessions oder kleine Dancefloors mit Atmosph\u00e4re.<br data-start=\"424\" data-end=\"427\" \/>Schnell aufgebaut, effizient und visuell stark \u2013 perfekt, wenn du maximale Leuchtwirkung mit minimalem Aufwand willst.<\/p>\n<p data-start=\"549\" data-end=\"562\"><strong data-start=\"549\" data-end=\"560\">Inhalt:<\/strong><\/p>\n<ul data-start=\"563\" data-end=\"726\">\n<li data-start=\"563\" data-end=\"584\">\n<p data-start=\"565\" data-end=\"584\">1 \u00d7 BeamZ BUV 463<\/p>\n<\/li>\n<li data-start=\"585\" data-end=\"617\">\n<p data-start=\"587\" data-end=\"617\">1 \u00d7 Eurolite UV-R\u00f6hre 120 cm<\/p>\n<\/li>\n<li data-start=\"618\" data-end=\"647\">\n<p data-start=\"620\" data-end=\"647\">1 \u00d7 Eurolite Mini D-5 RGB<\/p>\n<\/li>\n<li data-start=\"648\" data-end=\"671\">\n<p data-start=\"650\" data-end=\"671\"><strong data-start=\"650\" data-end=\"669\">1 \u00d7 Lichtstativ<\/strong><\/p>\n<\/li>\n<li data-start=\"672\" data-end=\"699\">\n<p data-start=\"674\" data-end=\"699\"><strong data-start=\"674\" data-end=\"692\">DMX-Steuerung:<\/strong> No<\/p>\n<\/li>\n<\/ul>\n<p data-start=\"702\" data-end=\"726\"><strong data-start=\"702\" data-end=\"713\">Gesamt:<\/strong> 3 Fixtures<\/p>","protected":false},"excerpt":{"rendered":"<p>Neon Glow ist das kompakte UV-Set f\u00fcr kleine R\u00e4ume \u2013 einfach, hell und mit starkem Glow-Effekt.<br data-start=\"199\" data-end=\"202\" \/>Der BUV-Fluter sorgt f\u00fcr kr\u00e4ftiges Schwarzlicht, die UV-R\u00f6hre bringt gleichm\u00e4\u00dfigen Blauschimmer, und der Mini D-5 setzt dezente Farbakzente.<br data-start=\"342\" data-end=\"345\" \/>Ideal f\u00fcr Neonabende, Chillout-Sessions oder kleine Dancefloors mit Atmosph\u00e4re.<br data-start=\"424\" data-end=\"427\" \/>Schnell aufgebaut, effizient und visuell stark \u2013 perfekt, wenn du maximale Leuchtwirkung mit minimalem Aufwand willst.<\/p>","protected":false},"featured_media":1809,"comment_status":"open","ping_status":"closed","template":"","meta":{"_kad_post_transparent":"default","_kad_post_title":"","_kad_post_layout":"default","_kad_post_sidebar_id":"","_kad_post_content_style":"default","_kad_post_vertical_padding":"default","_kad_post_feature":"","_kad_post_feature_position":"","_kad_post_header":false,"_kad_post_footer":false,"_kad_post_classname":""},"product_brand":[],"product_cat":[243,339],"product_tag":[290,313],"class_list":{"0":"post-1681","1":"product","2":"type-product","3":"status-publish","4":"has-post-thumbnail","6":"product_cat-bundle","7":"product_cat-licht-sets","8":"product_tag-lights","9":"product_tag-pns","11":"first","12":"instock","13":"shipping-taxable","14":"purchasable","15":"product-type-redq_rental","16":"entry","17":"content-bg","18":"loop-entry"},"_links":{"self":[{"href":"https:\/\/www.pjevents.ch\/en\/wp-json\/wp\/v2\/product\/1681","targetHints":{"allow":["GET"]}}],"collection":[{"href":"https:\/\/www.pjevents.ch\/en\/wp-json\/wp\/v2\/product"}],"about":[{"href":"https:\/\/www.pjevents.ch\/en\/wp-json\/wp\/v2\/types\/product"}],"replies":[{"embeddable":true,"href":"https:\/\/www.pjevents.ch\/en\/wp-json\/wp\/v2\/comments?post=1681"}],"wp:featuredmedia":[{"embeddable":true,"href":"https:\/\/www.pjevents.ch\/en\/wp-json\/wp\/v2\/media\/1809"}],"wp:attachment":[{"href":"https:\/\/www.pjevents.ch\/en\/wp-json\/wp\/v2\/media?parent=1681"}],"wp:term":[{"taxonomy":"product_brand","embeddable":true,"href":"https:\/\/www.pjevents.ch\/en\/wp-json\/wp\/v2\/product_brand?post=1681"},{"taxonomy":"product_cat","embeddable":true,"href":"https:\/\/www.pjevents.ch\/en\/wp-json\/wp\/v2\/product_cat?post=1681"},{"taxonomy":"product_tag","embeddable":true,"href":"https:\/\/www.pjevents.ch\/en\/wp-json\/wp\/v2\/product_tag?post=1681"}],"curies":[{"name":"wp","href":"https:\/\/api.w.org\/{rel}","templated":true}]}}