{"id":1682,"date":"2025-11-02T11:37:53","date_gmt":"2025-11-02T10:37:53","guid":{"rendered":"https:\/\/www.pjevents.ch\/?post_type=product&#038;p=1682"},"modified":"2026-02-03T11:03:34","modified_gmt":"2026-02-03T10:03:34","slug":"neon-inferno","status":"publish","type":"product","link":"https:\/\/www.pjevents.ch\/en\/product\/neon-inferno\/","title":{"rendered":"Neon Inferno"},"content":{"rendered":"<p data-start=\"0\" data-end=\"82\"><strong data-start=\"0\" data-end=\"14\">Raumgr\u00f6\u00dfe:<\/strong> Klein (S) \u2013 bis 40 m\u00b2<br data-start=\"36\" data-end=\"39\" \/><strong data-start=\"39\" data-end=\"49\">Genre:<\/strong> Pop\/Rock<br data-start=\"58\" data-end=\"61\" \/><strong data-start=\"61\" data-end=\"70\" data-is-only-node=\"\">Vibe:<\/strong> Neon party<\/p>\n<p data-start=\"84\" data-end=\"516\"><strong data-start=\"84\" data-end=\"101\">Beschreibung:<\/strong><br data-start=\"101\" data-end=\"104\" \/>Neon Inferno ist das kompakte Glow-Set f\u00fcr kleine, energiegeladene Partys.<br data-start=\"178\" data-end=\"181\" \/>Der Stinger sorgt f\u00fcr farbige Beams und Bewegung, w\u00e4hrend zwei BUV-Fluter und die UV-R\u00f6hre alles in intensives Schwarzlicht tauchen.<br data-start=\"313\" data-end=\"316\" \/>Der Mini D-5 erg\u00e4nzt das Ganze mit rhythmischen Farbimpulsen und verleiht der Szene Tiefe.<br data-start=\"406\" data-end=\"409\" \/>Ein Setup, das klein startet, aber gro\u00df wirkt \u2013 perfekt f\u00fcr Neon- oder Rockn\u00e4chte mit starker Atmosph\u00e4re.<\/p>\n<p data-start=\"518\" data-end=\"531\"><strong data-start=\"518\" data-end=\"529\">Inhalt:<\/strong><\/p>\n<ul data-start=\"532\" data-end=\"721\">\n<li data-start=\"532\" data-end=\"556\">\n<p data-start=\"534\" data-end=\"556\">1 \u00d7 ADJ Stinger Gobo<\/p>\n<\/li>\n<li data-start=\"557\" data-end=\"578\">\n<p data-start=\"559\" data-end=\"578\">2 \u00d7 BeamZ BUV 463<\/p>\n<\/li>\n<li data-start=\"579\" data-end=\"611\">\n<p data-start=\"581\" data-end=\"611\">1 \u00d7 Eurolite UV-R\u00f6hre 120 cm<\/p>\n<\/li>\n<li data-start=\"612\" data-end=\"641\">\n<p data-start=\"614\" data-end=\"641\">1 \u00d7 Eurolite Mini D-5 RGB<\/p>\n<\/li>\n<li data-start=\"642\" data-end=\"666\">\n<p data-start=\"644\" data-end=\"666\"><strong data-start=\"644\" data-end=\"664\">2 \u00d7 Lichtstative<\/strong><\/p>\n<\/li>\n<li data-start=\"667\" data-end=\"694\">\n<p data-start=\"669\" data-end=\"694\"><strong data-start=\"669\" data-end=\"687\">DMX-Steuerung:<\/strong> No<\/p>\n<\/li>\n<\/ul>\n<p data-start=\"697\" data-end=\"721\"><strong data-start=\"697\" data-end=\"708\">Gesamt:<\/strong> 5 Fixtures<\/p>","protected":false},"excerpt":{"rendered":"<p>Neon Inferno ist das kompakte Glow-Set f\u00fcr kleine, energiegeladene Partys.<br data-start=\"178\" data-end=\"181\" \/>Der Stinger sorgt f\u00fcr farbige Beams und Bewegung, w\u00e4hrend zwei BUV-Fluter und die UV-R\u00f6hre alles in intensives Schwarzlicht tauchen.<br data-start=\"313\" data-end=\"316\" \/>Der Mini D-5 erg\u00e4nzt das Ganze mit rhythmischen Farbimpulsen und verleiht der Szene Tiefe.<br data-start=\"406\" data-end=\"409\" \/>Ein Setup, das klein startet, aber gro\u00df wirkt \u2013 perfekt f\u00fcr Neon- oder Rockn\u00e4chte mit starker Atmosph\u00e4re.<\/p>","protected":false},"featured_media":1810,"comment_status":"open","ping_status":"closed","template":"","meta":{"_kad_post_transparent":"default","_kad_post_title":"","_kad_post_layout":"default","_kad_post_sidebar_id":"","_kad_post_content_style":"default","_kad_post_vertical_padding":"default","_kad_post_feature":"","_kad_post_feature_position":"","_kad_post_header":false,"_kad_post_footer":false,"_kad_post_classname":""},"product_brand":[],"product_cat":[243,339],"product_tag":[290,313],"class_list":{"0":"post-1682","1":"product","2":"type-product","3":"status-publish","4":"has-post-thumbnail","6":"product_cat-bundle","7":"product_cat-licht-sets","8":"product_tag-lights","9":"product_tag-pns","11":"first","12":"instock","13":"shipping-taxable","14":"purchasable","15":"product-type-redq_rental","16":"entry","17":"content-bg","18":"loop-entry"},"_links":{"self":[{"href":"https:\/\/www.pjevents.ch\/en\/wp-json\/wp\/v2\/product\/1682","targetHints":{"allow":["GET"]}}],"collection":[{"href":"https:\/\/www.pjevents.ch\/en\/wp-json\/wp\/v2\/product"}],"about":[{"href":"https:\/\/www.pjevents.ch\/en\/wp-json\/wp\/v2\/types\/product"}],"replies":[{"embeddable":true,"href":"https:\/\/www.pjevents.ch\/en\/wp-json\/wp\/v2\/comments?post=1682"}],"wp:featuredmedia":[{"embeddable":true,"href":"https:\/\/www.pjevents.ch\/en\/wp-json\/wp\/v2\/media\/1810"}],"wp:attachment":[{"href":"https:\/\/www.pjevents.ch\/en\/wp-json\/wp\/v2\/media?parent=1682"}],"wp:term":[{"taxonomy":"product_brand","embeddable":true,"href":"https:\/\/www.pjevents.ch\/en\/wp-json\/wp\/v2\/product_brand?post=1682"},{"taxonomy":"product_cat","embeddable":true,"href":"https:\/\/www.pjevents.ch\/en\/wp-json\/wp\/v2\/product_cat?post=1682"},{"taxonomy":"product_tag","embeddable":true,"href":"https:\/\/www.pjevents.ch\/en\/wp-json\/wp\/v2\/product_tag?post=1682"}],"curies":[{"name":"wp","href":"https:\/\/api.w.org\/{rel}","templated":true}]}}