{"id":1683,"date":"2025-11-02T11:40:06","date_gmt":"2025-11-02T10:40:06","guid":{"rendered":"https:\/\/www.pjevents.ch\/?post_type=product&#038;p=1683"},"modified":"2026-02-03T11:03:32","modified_gmt":"2026-02-03T10:03:32","slug":"neon-overdrive","status":"publish","type":"product","link":"https:\/\/www.pjevents.ch\/en\/product\/neon-overdrive\/","title":{"rendered":"Neon Overdrive"},"content":{"rendered":"<p data-start=\"0\" data-end=\"83\"><strong data-start=\"0\" data-end=\"14\">Raumgr\u00f6\u00dfe:<\/strong> Mittel (M) \u2013 40\u2013120 m\u00b2<br data-start=\"37\" data-end=\"40\" \/><strong data-start=\"40\" data-end=\"50\">Genre:<\/strong> Pop\/Rock<br data-start=\"59\" data-end=\"62\" \/><strong data-start=\"62\" data-end=\"71\" data-is-only-node=\"\">Vibe:<\/strong> Neon party<\/p>\n<p data-start=\"85\" data-end=\"621\"><strong data-start=\"85\" data-end=\"102\">Beschreibung:<\/strong><br data-start=\"102\" data-end=\"105\" \/>Neon Overdrive ist das vielseitige Glow-Set f\u00fcr mittlere R\u00e4ume mit ordentlich Power und Bewegung.<br data-start=\"202\" data-end=\"205\" \/>Zwei MaxiPars sorgen f\u00fcr die Grundbeleuchtung, w\u00e4hrend zwei UV Floods und zwei BUV-Fluter das gesamte Setup in intensives Schwarzlicht tauchen.<br data-start=\"348\" data-end=\"351\" \/>Die UV-R\u00f6hre verteilt sanften Blauschimmer im Raum, der Stinger bringt dynamische Beams, und der Mini D-5 liefert rhythmische Farbakzente.<br data-start=\"489\" data-end=\"492\" \/>Ein starker Mix aus Bewegung und Glow \u2013 ideal f\u00fcr Neonpartys, Bandn\u00e4chte oder elektronische Sessions mit atmosph\u00e4rischem Flair.<\/p>\n<p data-start=\"623\" data-end=\"636\"><strong data-start=\"623\" data-end=\"634\">Inhalt:<\/strong><\/p>\n<ul data-start=\"637\" data-end=\"877\">\n<li data-start=\"637\" data-end=\"663\">\n<p data-start=\"639\" data-end=\"663\">2 \u00d7 Cameo MaxiPar Quad<\/p>\n<\/li>\n<li data-start=\"664\" data-end=\"688\">\n<p data-start=\"666\" data-end=\"688\">1 \u00d7 ADJ Stinger Gobo<\/p>\n<\/li>\n<li data-start=\"689\" data-end=\"712\">\n<p data-start=\"691\" data-end=\"712\">2 \u00d7 ADJ UV Flood 36<\/p>\n<\/li>\n<li data-start=\"713\" data-end=\"734\">\n<p data-start=\"715\" data-end=\"734\">2 \u00d7 BeamZ BUV 463<\/p>\n<\/li>\n<li data-start=\"735\" data-end=\"767\">\n<p data-start=\"737\" data-end=\"767\">1 \u00d7 Eurolite UV-R\u00f6hre 120 cm<\/p>\n<\/li>\n<li data-start=\"768\" data-end=\"797\">\n<p data-start=\"770\" data-end=\"797\">1 \u00d7 Eurolite Mini D-5 RGB<\/p>\n<\/li>\n<li data-start=\"798\" data-end=\"822\">\n<p data-start=\"800\" data-end=\"822\"><strong data-start=\"800\" data-end=\"820\">3 \u00d7 Lichtstative<\/strong><\/p>\n<\/li>\n<li data-start=\"823\" data-end=\"850\">\n<p data-start=\"825\" data-end=\"850\"><strong data-start=\"825\" data-end=\"843\">DMX-Steuerung:<\/strong> No<\/p>\n<\/li>\n<\/ul>\n<p data-start=\"853\" data-end=\"877\"><strong data-start=\"853\" data-end=\"864\">Gesamt:<\/strong> 9 Fixtures<\/p>","protected":false},"excerpt":{"rendered":"<p>Neon Overdrive ist das vielseitige Glow-Set f\u00fcr mittlere R\u00e4ume mit ordentlich Power und Bewegung.<br data-start=\"202\" data-end=\"205\" \/>Zwei MaxiPars sorgen f\u00fcr die Grundbeleuchtung, w\u00e4hrend zwei UV Floods und zwei BUV-Fluter das gesamte Setup in intensives Schwarzlicht tauchen.<br data-start=\"348\" data-end=\"351\" \/>Die UV-R\u00f6hre verteilt sanften Blauschimmer im Raum, der Stinger bringt dynamische Beams, und der Mini D-5 liefert rhythmische Farbakzente.<br data-start=\"489\" data-end=\"492\" \/>Ein starker Mix aus Bewegung und Glow \u2013 ideal f\u00fcr Neonpartys, Bandn\u00e4chte oder elektronische Sessions mit atmosph\u00e4rischem Flair.<\/p>","protected":false},"featured_media":1826,"comment_status":"open","ping_status":"closed","template":"","meta":{"_kad_post_transparent":"default","_kad_post_title":"","_kad_post_layout":"default","_kad_post_sidebar_id":"","_kad_post_content_style":"default","_kad_post_vertical_padding":"default","_kad_post_feature":"","_kad_post_feature_position":"","_kad_post_header":false,"_kad_post_footer":false,"_kad_post_classname":""},"product_brand":[],"product_cat":[243,339],"product_tag":[290,312],"class_list":{"0":"post-1683","1":"product","2":"type-product","3":"status-publish","4":"has-post-thumbnail","6":"product_cat-bundle","7":"product_cat-licht-sets","8":"product_tag-lights","9":"product_tag-pnm","11":"first","12":"instock","13":"shipping-taxable","14":"purchasable","15":"product-type-redq_rental","16":"entry","17":"content-bg","18":"loop-entry"},"_links":{"self":[{"href":"https:\/\/www.pjevents.ch\/en\/wp-json\/wp\/v2\/product\/1683","targetHints":{"allow":["GET"]}}],"collection":[{"href":"https:\/\/www.pjevents.ch\/en\/wp-json\/wp\/v2\/product"}],"about":[{"href":"https:\/\/www.pjevents.ch\/en\/wp-json\/wp\/v2\/types\/product"}],"replies":[{"embeddable":true,"href":"https:\/\/www.pjevents.ch\/en\/wp-json\/wp\/v2\/comments?post=1683"}],"wp:featuredmedia":[{"embeddable":true,"href":"https:\/\/www.pjevents.ch\/en\/wp-json\/wp\/v2\/media\/1826"}],"wp:attachment":[{"href":"https:\/\/www.pjevents.ch\/en\/wp-json\/wp\/v2\/media?parent=1683"}],"wp:term":[{"taxonomy":"product_brand","embeddable":true,"href":"https:\/\/www.pjevents.ch\/en\/wp-json\/wp\/v2\/product_brand?post=1683"},{"taxonomy":"product_cat","embeddable":true,"href":"https:\/\/www.pjevents.ch\/en\/wp-json\/wp\/v2\/product_cat?post=1683"},{"taxonomy":"product_tag","embeddable":true,"href":"https:\/\/www.pjevents.ch\/en\/wp-json\/wp\/v2\/product_tag?post=1683"}],"curies":[{"name":"wp","href":"https:\/\/api.w.org\/{rel}","templated":true}]}}