{"id":1684,"date":"2025-11-02T12:03:58","date_gmt":"2025-11-02T11:03:58","guid":{"rendered":"https:\/\/www.pjevents.ch\/?post_type=product&#038;p=1684"},"modified":"2026-02-03T11:02:37","modified_gmt":"2026-02-03T10:02:37","slug":"neon-riot-dmx","status":"publish","type":"product","link":"https:\/\/www.pjevents.ch\/en\/product\/neon-riot-dmx\/","title":{"rendered":"Neon Riot (DMX)"},"content":{"rendered":"<p data-start=\"0\" data-end=\"82\"><strong data-start=\"0\" data-end=\"14\">Raumgr\u00f6\u00dfe:<\/strong> Gro\u00df (L) \u2013 120\u2013250 m\u00b2<br data-start=\"36\" data-end=\"39\" \/><strong data-start=\"39\" data-end=\"49\">Genre:<\/strong> Pop\/Rock<br data-start=\"58\" data-end=\"61\" \/><strong data-start=\"61\" data-end=\"70\">Vibe:<\/strong> Neon party<\/p>\n<p data-start=\"84\" data-end=\"510\">\u26a0\ufe0f <strong data-start=\"87\" data-end=\"99\">ACHTUNG:<\/strong> Dieses Bundle enth\u00e4lt ein <strong data-start=\"126\" data-end=\"146\">DMX-Steuerger\u00e4t.<\/strong><br data-start=\"146\" data-end=\"149\" \/>Die <strong data-start=\"153\" data-end=\"177\">Eurolite SMD 864 PRO<\/strong> muss dar\u00fcber gesteuert werden; alle anderen Lichter laufen automatisch oder mit Musiksteuerung.<br data-start=\"273\" data-end=\"276\" \/>Ich erkl\u00e4re dir gern kurz die <strong data-start=\"306\" data-end=\"320\">DMX-Basics<\/strong> oder richte dir eine einfache Steuerung ein.<br data-start=\"365\" data-end=\"368\" \/>\ud83d\udc49 Eine <strong data-start=\"376\" data-end=\"395\">kurze Bedienung<\/strong> (z. B. Szenenwechsel) bleibt n\u00f6tig, du kannst aber auch feste Effekte oder <strong data-start=\"471\" data-end=\"493\">automatische Loops<\/strong> laufen lassen.<\/p>\n<p data-start=\"512\" data-end=\"1085\"><strong data-start=\"512\" data-end=\"529\">Beschreibung:<\/strong><br data-start=\"529\" data-end=\"532\" \/>Neon Riot ist das volle Glow- und Effektpaket f\u00fcr gro\u00dfe R\u00e4ume mit massiver Lichtleistung.<br data-start=\"621\" data-end=\"624\" \/>Vier MaxiPars liefern satte Farbfl\u00e4chen, w\u00e4hrend zwei SMD 864 PROs mit Strobe- und Farbblitzen den H\u00f6hepunkt jeder Neonparty markieren.<br data-start=\"759\" data-end=\"762\" \/>Zwei Superflys erzeugen breite Beam-Effekte, der Stinger sorgt f\u00fcr rotierende Farbmuster, und mit UV Floods, BUV-Flutern und der UV-R\u00f6hre entsteht intensiver Glow auf jeder Fl\u00e4che.<br data-start=\"942\" data-end=\"945\" data-is-only-node=\"\" \/>Abgerundet durch den Mini D-5 ergibt sich ein vielseitiges, clubtaugliches Lichtbild mit perfekter Balance aus Glow, Bewegung und Energie.<\/p>\n<p data-start=\"1087\" data-end=\"1100\"><strong data-start=\"1087\" data-end=\"1098\">Inhalt:<\/strong><\/p>\n<ul data-start=\"1101\" data-end=\"1395\">\n<li data-start=\"1101\" data-end=\"1126\">\n<p data-start=\"1103\" data-end=\"1126\">2 \u00d7 Cameo Superfly XS<\/p>\n<\/li>\n<li data-start=\"1127\" data-end=\"1153\">\n<p data-start=\"1129\" data-end=\"1153\">4 \u00d7 Cameo MaxiPar Quad<\/p>\n<\/li>\n<li data-start=\"1154\" data-end=\"1182\">\n<p data-start=\"1156\" data-end=\"1182\">2 \u00d7 Eurolite SMD 864 PRO<\/p>\n<\/li>\n<li data-start=\"1183\" data-end=\"1207\">\n<p data-start=\"1185\" data-end=\"1207\">1 \u00d7 ADJ Stinger Gobo<\/p>\n<\/li>\n<li data-start=\"1208\" data-end=\"1231\">\n<p data-start=\"1210\" data-end=\"1231\">2 \u00d7 ADJ UV Flood 36<\/p>\n<\/li>\n<li data-start=\"1232\" data-end=\"1253\">\n<p data-start=\"1234\" data-end=\"1253\">2 \u00d7 BeamZ BUV 463<\/p>\n<\/li>\n<li data-start=\"1254\" data-end=\"1286\">\n<p data-start=\"1256\" data-end=\"1286\">1 \u00d7 Eurolite UV-R\u00f6hre 120 cm<\/p>\n<\/li>\n<li data-start=\"1287\" data-end=\"1316\">\n<p data-start=\"1289\" data-end=\"1316\">1 \u00d7 Eurolite Mini D-5 RGB<\/p>\n<\/li>\n<li data-start=\"1317\" data-end=\"1341\">\n<p data-start=\"1319\" data-end=\"1341\"><strong data-start=\"1319\" data-end=\"1339\">4 \u00d7 Lichtstative<\/strong><\/p>\n<\/li>\n<li data-start=\"1342\" data-end=\"1367\">\n<p data-start=\"1344\" data-end=\"1367\"><strong data-start=\"1344\" data-end=\"1362\">DMX-Steuerung:<\/strong> Yes<\/p>\n<\/li>\n<\/ul>\n<p data-start=\"1370\" data-end=\"1395\"><strong data-start=\"1370\" data-end=\"1381\">Gesamt:<\/strong> 15 Fixtures<\/p>","protected":false},"excerpt":{"rendered":"<p>Neon Riot ist das volle Glow- und Effektpaket f\u00fcr gro\u00dfe R\u00e4ume mit massiver Lichtleistung.<br data-start=\"621\" data-end=\"624\" \/>Vier MaxiPars liefern satte Farbfl\u00e4chen, w\u00e4hrend zwei SMD 864 PROs mit Strobe- und Farbblitzen den H\u00f6hepunkt jeder Neonparty markieren.<br data-start=\"759\" data-end=\"762\" \/>Zwei Superflys erzeugen breite Beam-Effekte, der Stinger sorgt f\u00fcr rotierende Farbmuster, und mit UV Floods, BUV-Flutern und der UV-R\u00f6hre entsteht intensiver Glow auf jeder Fl\u00e4che.<br data-start=\"942\" data-end=\"945\" data-is-only-node=\"\" \/>Abgerundet durch den Mini D-5 ergibt sich ein vielseitiges, clubtaugliches Lichtbild mit perfekter Balance aus Glow, Bewegung und Energie.<\/p>","protected":false},"featured_media":1827,"comment_status":"open","ping_status":"closed","template":"","meta":{"_kad_post_transparent":"default","_kad_post_title":"","_kad_post_layout":"default","_kad_post_sidebar_id":"","_kad_post_content_style":"default","_kad_post_vertical_padding":"default","_kad_post_feature":"","_kad_post_feature_position":"","_kad_post_header":false,"_kad_post_footer":false,"_kad_post_classname":""},"product_brand":[],"product_cat":[243,339],"product_tag":[290,311],"class_list":{"0":"post-1684","1":"product","2":"type-product","3":"status-publish","4":"has-post-thumbnail","6":"product_cat-bundle","7":"product_cat-licht-sets","8":"product_tag-lights","9":"product_tag-pnl","11":"first","12":"instock","13":"shipping-taxable","14":"purchasable","15":"product-type-redq_rental","16":"entry","17":"content-bg","18":"loop-entry"},"_links":{"self":[{"href":"https:\/\/www.pjevents.ch\/en\/wp-json\/wp\/v2\/product\/1684","targetHints":{"allow":["GET"]}}],"collection":[{"href":"https:\/\/www.pjevents.ch\/en\/wp-json\/wp\/v2\/product"}],"about":[{"href":"https:\/\/www.pjevents.ch\/en\/wp-json\/wp\/v2\/types\/product"}],"replies":[{"embeddable":true,"href":"https:\/\/www.pjevents.ch\/en\/wp-json\/wp\/v2\/comments?post=1684"}],"wp:featuredmedia":[{"embeddable":true,"href":"https:\/\/www.pjevents.ch\/en\/wp-json\/wp\/v2\/media\/1827"}],"wp:attachment":[{"href":"https:\/\/www.pjevents.ch\/en\/wp-json\/wp\/v2\/media?parent=1684"}],"wp:term":[{"taxonomy":"product_brand","embeddable":true,"href":"https:\/\/www.pjevents.ch\/en\/wp-json\/wp\/v2\/product_brand?post=1684"},{"taxonomy":"product_cat","embeddable":true,"href":"https:\/\/www.pjevents.ch\/en\/wp-json\/wp\/v2\/product_cat?post=1684"},{"taxonomy":"product_tag","embeddable":true,"href":"https:\/\/www.pjevents.ch\/en\/wp-json\/wp\/v2\/product_tag?post=1684"}],"curies":[{"name":"wp","href":"https:\/\/api.w.org\/{rel}","templated":true}]}}