{"id":1688,"date":"2025-11-02T12:13:15","date_gmt":"2025-11-02T11:13:15","guid":{"rendered":"https:\/\/www.pjevents.ch\/?post_type=product&#038;p=1688"},"modified":"2026-02-03T11:02:34","modified_gmt":"2026-02-03T10:02:34","slug":"neon-surge","status":"publish","type":"product","link":"https:\/\/www.pjevents.ch\/en\/product\/neon-surge\/","title":{"rendered":"Neon Surge"},"content":{"rendered":"<p data-start=\"0\" data-end=\"83\"><strong data-start=\"0\" data-end=\"14\">Raumgr\u00f6\u00dfe:<\/strong> Mittel (M) \u2013 40\u2013120 m\u00b2<br data-start=\"37\" data-end=\"40\" \/><strong data-start=\"40\" data-end=\"50\">Genre:<\/strong> Pop\/Rock<br data-start=\"59\" data-end=\"62\" \/><strong data-start=\"62\" data-end=\"71\" data-is-only-node=\"\">Vibe:<\/strong> Neon party<\/p>\n<p data-start=\"85\" data-end=\"549\"><strong data-start=\"85\" data-end=\"102\">Beschreibung:<\/strong><br data-start=\"102\" data-end=\"105\" \/>Neon Surge ist das vielseitige UV-Set f\u00fcr mittlere R\u00e4ume mit starkem Glow und klarer Struktur.<br data-start=\"199\" data-end=\"202\" \/>Zwei MaxiPars bringen die Grundbeleuchtung, w\u00e4hrend zwei UV Floods und zwei BUV-Fluter intensives Schwarzlicht erzeugen.<br data-start=\"322\" data-end=\"325\" \/>Die UV-R\u00f6hre sorgt f\u00fcr gleichm\u00e4\u00dfigen Blauschimmer, und der Mini D-5 bringt subtile Bewegung ins Spiel.<br data-start=\"427\" data-end=\"430\" \/>Ein leuchtstarkes Set mit Fokus auf Atmosph\u00e4re und Farbe \u2013 perfekt f\u00fcr Neonpartys, Bandsessions oder kreative Events.<\/p>\n<p data-start=\"551\" data-end=\"564\"><strong data-start=\"551\" data-end=\"562\">Inhalt:<\/strong><\/p>\n<ul data-start=\"565\" data-end=\"780\">\n<li data-start=\"565\" data-end=\"591\">\n<p data-start=\"567\" data-end=\"591\">2 \u00d7 Cameo MaxiPar Quad<\/p>\n<\/li>\n<li data-start=\"592\" data-end=\"615\">\n<p data-start=\"594\" data-end=\"615\">2 \u00d7 ADJ UV Flood 36<\/p>\n<\/li>\n<li data-start=\"616\" data-end=\"637\">\n<p data-start=\"618\" data-end=\"637\">2 \u00d7 BeamZ BUV 463<\/p>\n<\/li>\n<li data-start=\"638\" data-end=\"670\">\n<p data-start=\"640\" data-end=\"670\">1 \u00d7 Eurolite UV-R\u00f6hre 120 cm<\/p>\n<\/li>\n<li data-start=\"671\" data-end=\"700\">\n<p data-start=\"673\" data-end=\"700\">1 \u00d7 Eurolite Mini D-5 RGB<\/p>\n<\/li>\n<li data-start=\"701\" data-end=\"725\">\n<p data-start=\"703\" data-end=\"725\"><strong data-start=\"703\" data-end=\"723\">3 \u00d7 Lichtstative<\/strong><\/p>\n<\/li>\n<li data-start=\"726\" data-end=\"753\">\n<p data-start=\"728\" data-end=\"753\"><strong data-start=\"728\" data-end=\"746\">DMX-Steuerung:<\/strong> No<\/p>\n<\/li>\n<\/ul>\n<p data-start=\"756\" data-end=\"780\"><strong data-start=\"756\" data-end=\"767\">Gesamt:<\/strong> 8 Fixtures<\/p>","protected":false},"excerpt":{"rendered":"<p>Neon Surge ist das vielseitige UV-Set f\u00fcr mittlere R\u00e4ume mit starkem Glow und klarer Struktur.<br data-start=\"199\" data-end=\"202\" \/>Zwei MaxiPars bringen die Grundbeleuchtung, w\u00e4hrend zwei UV Floods und zwei BUV-Fluter intensives Schwarzlicht erzeugen.<br data-start=\"322\" data-end=\"325\" \/>Die UV-R\u00f6hre sorgt f\u00fcr gleichm\u00e4\u00dfigen Blauschimmer, und der Mini D-5 bringt subtile Bewegung ins Spiel.<br data-start=\"427\" data-end=\"430\" \/>Ein leuchtstarkes Set mit Fokus auf Atmosph\u00e4re und Farbe \u2013 perfekt f\u00fcr Neonpartys, Bandsessions oder kreative Events.<\/p>","protected":false},"featured_media":1841,"comment_status":"open","ping_status":"closed","template":"","meta":{"_kad_post_transparent":"default","_kad_post_title":"","_kad_post_layout":"default","_kad_post_sidebar_id":"","_kad_post_content_style":"default","_kad_post_vertical_padding":"default","_kad_post_feature":"","_kad_post_feature_position":"","_kad_post_header":false,"_kad_post_footer":false,"_kad_post_classname":""},"product_brand":[],"product_cat":[243,339],"product_tag":[290,312],"class_list":{"0":"post-1688","1":"product","2":"type-product","3":"status-publish","4":"has-post-thumbnail","6":"product_cat-bundle","7":"product_cat-licht-sets","8":"product_tag-lights","9":"product_tag-pnm","11":"first","12":"instock","13":"shipping-taxable","14":"purchasable","15":"product-type-redq_rental","16":"entry","17":"content-bg","18":"loop-entry"},"_links":{"self":[{"href":"https:\/\/www.pjevents.ch\/en\/wp-json\/wp\/v2\/product\/1688","targetHints":{"allow":["GET"]}}],"collection":[{"href":"https:\/\/www.pjevents.ch\/en\/wp-json\/wp\/v2\/product"}],"about":[{"href":"https:\/\/www.pjevents.ch\/en\/wp-json\/wp\/v2\/types\/product"}],"replies":[{"embeddable":true,"href":"https:\/\/www.pjevents.ch\/en\/wp-json\/wp\/v2\/comments?post=1688"}],"wp:featuredmedia":[{"embeddable":true,"href":"https:\/\/www.pjevents.ch\/en\/wp-json\/wp\/v2\/media\/1841"}],"wp:attachment":[{"href":"https:\/\/www.pjevents.ch\/en\/wp-json\/wp\/v2\/media?parent=1688"}],"wp:term":[{"taxonomy":"product_brand","embeddable":true,"href":"https:\/\/www.pjevents.ch\/en\/wp-json\/wp\/v2\/product_brand?post=1688"},{"taxonomy":"product_cat","embeddable":true,"href":"https:\/\/www.pjevents.ch\/en\/wp-json\/wp\/v2\/product_cat?post=1688"},{"taxonomy":"product_tag","embeddable":true,"href":"https:\/\/www.pjevents.ch\/en\/wp-json\/wp\/v2\/product_tag?post=1688"}],"curies":[{"name":"wp","href":"https:\/\/api.w.org\/{rel}","templated":true}]}}