{"id":1689,"date":"2025-11-02T12:16:31","date_gmt":"2025-11-02T11:16:31","guid":{"rendered":"https:\/\/www.pjevents.ch\/?post_type=product&#038;p=1689"},"modified":"2026-02-03T11:02:33","modified_gmt":"2026-02-03T10:02:33","slug":"neon-sphere","status":"publish","type":"product","link":"https:\/\/www.pjevents.ch\/en\/product\/neon-sphere\/","title":{"rendered":"Neon Sphere"},"content":{"rendered":"<p data-start=\"0\" data-end=\"86\"><strong data-start=\"0\" data-end=\"14\">Raumgr\u00f6\u00dfe:<\/strong> Gro\u00df (L) \u2013 120\u2013250 m\u00b2<br data-start=\"36\" data-end=\"39\" \/><strong data-start=\"39\" data-end=\"49\">Genre:<\/strong> Electronic<br data-start=\"62\" data-end=\"65\" \/><strong data-start=\"65\" data-end=\"74\" data-is-only-node=\"\">Vibe:<\/strong> Neon party<\/p>\n<p data-start=\"88\" data-end=\"570\"><strong data-start=\"88\" data-end=\"105\">Beschreibung:<\/strong><br data-start=\"105\" data-end=\"108\" \/>Neon Sphere ist das umfangreiche Glow-Set f\u00fcr gro\u00dfe elektronische Events mit voller Lichtpower.<br data-start=\"203\" data-end=\"206\" \/>Zwei Superflys erzeugen raumf\u00fcllende Beam-Muster, w\u00e4hrend zwei Mini-Strobes die Beats mit hellen Blitzen betonen.<br data-start=\"319\" data-end=\"322\" \/>Dazu kommen zwei UV Floods, zwei BUV-Fluter und eine UV-R\u00f6hre, die f\u00fcr intensives Schwarzlicht und gleichm\u00e4\u00dfigen Glow sorgen.<br data-start=\"447\" data-end=\"450\" \/>Ein starkes Set f\u00fcr energiegeladene Neon-Raves oder gro\u00dfe Clubn\u00e4chte \u2013 hell, beweglich und mit maximalem Leuchteffekt.<\/p>\n<p data-start=\"572\" data-end=\"585\"><strong data-start=\"572\" data-end=\"583\">Inhalt:<\/strong><\/p>\n<ul data-start=\"586\" data-end=\"799\">\n<li data-start=\"586\" data-end=\"611\">\n<p data-start=\"588\" data-end=\"611\">2 \u00d7 Cameo Superfly XS<\/p>\n<\/li>\n<li data-start=\"612\" data-end=\"640\">\n<p data-start=\"614\" data-end=\"640\">2 \u00d7 Eurolite Mini Strobe<\/p>\n<\/li>\n<li data-start=\"641\" data-end=\"664\">\n<p data-start=\"643\" data-end=\"664\">2 \u00d7 ADJ UV Flood 36<\/p>\n<\/li>\n<li data-start=\"665\" data-end=\"686\">\n<p data-start=\"667\" data-end=\"686\">2 \u00d7 BeamZ BUV 463<\/p>\n<\/li>\n<li data-start=\"687\" data-end=\"719\">\n<p data-start=\"689\" data-end=\"719\">1 \u00d7 Eurolite UV-R\u00f6hre 120 cm<\/p>\n<\/li>\n<li data-start=\"720\" data-end=\"744\">\n<p data-start=\"722\" data-end=\"744\"><strong data-start=\"722\" data-end=\"742\">3 \u00d7 Lichtstative<\/strong><\/p>\n<\/li>\n<li data-start=\"745\" data-end=\"772\">\n<p data-start=\"747\" data-end=\"772\"><strong data-start=\"747\" data-end=\"765\">DMX-Steuerung:<\/strong> No<\/p>\n<\/li>\n<\/ul>\n<p data-start=\"775\" data-end=\"799\"><strong data-start=\"775\" data-end=\"786\">Gesamt:<\/strong> 9 Fixtures<\/p>","protected":false},"excerpt":{"rendered":"<p>Neon Sphere ist das umfangreiche Glow-Set f\u00fcr gro\u00dfe elektronische Events mit voller Lichtpower.<br data-start=\"203\" data-end=\"206\" \/>Zwei Superflys erzeugen raumf\u00fcllende Beam-Muster, w\u00e4hrend zwei Mini-Strobes die Beats mit hellen Blitzen betonen.<br data-start=\"319\" data-end=\"322\" \/>Dazu kommen zwei UV Floods, zwei BUV-Fluter und eine UV-R\u00f6hre, die f\u00fcr intensives Schwarzlicht und gleichm\u00e4\u00dfigen Glow sorgen.<br data-start=\"447\" data-end=\"450\" \/>Ein starkes Set f\u00fcr energiegeladene Neon-Raves oder gro\u00dfe Clubn\u00e4chte \u2013 hell, beweglich und mit maximalem Leuchteffekt.<\/p>","protected":false},"featured_media":1831,"comment_status":"open","ping_status":"closed","template":"","meta":{"_kad_post_transparent":"default","_kad_post_title":"","_kad_post_layout":"default","_kad_post_sidebar_id":"","_kad_post_content_style":"default","_kad_post_vertical_padding":"default","_kad_post_feature":"","_kad_post_feature_position":"","_kad_post_header":false,"_kad_post_footer":false,"_kad_post_classname":""},"product_brand":[],"product_cat":[243,339],"product_tag":[289,290],"class_list":{"0":"post-1689","1":"product","2":"type-product","3":"status-publish","4":"has-post-thumbnail","6":"product_cat-bundle","7":"product_cat-licht-sets","8":"product_tag-enl","9":"product_tag-lights","11":"first","12":"instock","13":"shipping-taxable","14":"purchasable","15":"product-type-redq_rental","16":"entry","17":"content-bg","18":"loop-entry"},"_links":{"self":[{"href":"https:\/\/www.pjevents.ch\/en\/wp-json\/wp\/v2\/product\/1689","targetHints":{"allow":["GET"]}}],"collection":[{"href":"https:\/\/www.pjevents.ch\/en\/wp-json\/wp\/v2\/product"}],"about":[{"href":"https:\/\/www.pjevents.ch\/en\/wp-json\/wp\/v2\/types\/product"}],"replies":[{"embeddable":true,"href":"https:\/\/www.pjevents.ch\/en\/wp-json\/wp\/v2\/comments?post=1689"}],"wp:featuredmedia":[{"embeddable":true,"href":"https:\/\/www.pjevents.ch\/en\/wp-json\/wp\/v2\/media\/1831"}],"wp:attachment":[{"href":"https:\/\/www.pjevents.ch\/en\/wp-json\/wp\/v2\/media?parent=1689"}],"wp:term":[{"taxonomy":"product_brand","embeddable":true,"href":"https:\/\/www.pjevents.ch\/en\/wp-json\/wp\/v2\/product_brand?post=1689"},{"taxonomy":"product_cat","embeddable":true,"href":"https:\/\/www.pjevents.ch\/en\/wp-json\/wp\/v2\/product_cat?post=1689"},{"taxonomy":"product_tag","embeddable":true,"href":"https:\/\/www.pjevents.ch\/en\/wp-json\/wp\/v2\/product_tag?post=1689"}],"curies":[{"name":"wp","href":"https:\/\/api.w.org\/{rel}","templated":true}]}}