{"id":1690,"date":"2025-11-02T12:28:44","date_gmt":"2025-11-02T11:28:44","guid":{"rendered":"https:\/\/www.pjevents.ch\/?post_type=product&#038;p=1690"},"modified":"2026-02-03T11:02:14","modified_gmt":"2026-02-03T10:02:14","slug":"neon-splash","status":"publish","type":"product","link":"https:\/\/www.pjevents.ch\/en\/product\/neon-splash\/","title":{"rendered":"Color Splash"},"content":{"rendered":"<p data-start=\"0\" data-end=\"89\"><strong data-start=\"0\" data-end=\"14\">Raumgr\u00f6\u00dfe:<\/strong> Mittel (M) \u2013 40\u2013120 m\u00b2<br data-start=\"37\" data-end=\"40\" \/><strong data-start=\"40\" data-end=\"50\">Genre:<\/strong> Electronic<br data-start=\"63\" data-end=\"66\" \/><strong data-start=\"66\" data-end=\"75\" data-is-only-node=\"\">Vibe:<\/strong> Dance Party<\/p>\n<p data-start=\"91\" data-end=\"575\"><strong data-start=\"91\" data-end=\"108\">Beschreibung:<\/strong><br data-start=\"108\" data-end=\"111\" \/>Color Splash ist das perfekte elektronische Set f\u00fcr tanzbare N\u00e4chte mit klaren Farben und viel Bewegung.<br data-start=\"214\" data-end=\"217\" \/>Zwei Superflys sorgen f\u00fcr dynamische Beams und rotierende Muster, w\u00e4hrend vier MaxiPars den Raum mit kr\u00e4ftigen Farben ausleuchten.<br data-start=\"347\" data-end=\"350\" \/>Das Ergebnis ist ein harmonisches Zusammenspiel aus Struktur und Energie \u2013 ideal f\u00fcr elektronische Dancefloors, WG-Raves oder kleine Clubn\u00e4chte.<br data-start=\"494\" data-end=\"497\" \/>Ein kompaktes, aber leistungsstarkes Setup mit Fokus auf Bewegung und Farbe.<\/p>\n<p data-start=\"577\" data-end=\"590\"><strong data-start=\"577\" data-end=\"588\">Inhalt:<\/strong><\/p>\n<ul data-start=\"591\" data-end=\"723\">\n<li data-start=\"591\" data-end=\"616\">\n<p data-start=\"593\" data-end=\"616\">2 \u00d7 Cameo Superfly XS<\/p>\n<\/li>\n<li data-start=\"617\" data-end=\"643\">\n<p data-start=\"619\" data-end=\"643\">4 \u00d7 Cameo MaxiPar Quad<\/p>\n<\/li>\n<li data-start=\"644\" data-end=\"668\">\n<p data-start=\"646\" data-end=\"668\"><strong data-start=\"646\" data-end=\"666\">2 \u00d7 Lichtstative<\/strong><\/p>\n<\/li>\n<li data-start=\"669\" data-end=\"696\">\n<p data-start=\"671\" data-end=\"696\"><strong data-start=\"671\" data-end=\"689\">DMX-Steuerung:<\/strong> No<\/p>\n<\/li>\n<\/ul>\n<p data-start=\"699\" data-end=\"723\"><strong data-start=\"699\" data-end=\"710\">Gesamt:<\/strong> 6 Fixtures<\/p>","protected":false},"excerpt":{"rendered":"<p>Color Splash ist das perfekte elektronische Set f\u00fcr tanzbare N\u00e4chte mit klaren Farben und viel Bewegung.<br data-start=\"214\" data-end=\"217\" \/>Zwei Superflys sorgen f\u00fcr dynamische Beams und rotierende Muster, w\u00e4hrend vier MaxiPars den Raum mit kr\u00e4ftigen Farben ausleuchten.<br data-start=\"347\" data-end=\"350\" \/>Das Ergebnis ist ein harmonisches Zusammenspiel aus Struktur und Energie \u2013 ideal f\u00fcr elektronische Dancefloors, WG-Raves oder kleine Clubn\u00e4chte.<br data-start=\"494\" data-end=\"497\" \/>Ein kompaktes, aber leistungsstarkes Setup mit Fokus auf Bewegung und Farbe.<\/p>","protected":false},"featured_media":1832,"comment_status":"open","ping_status":"closed","template":"","meta":{"_kad_post_transparent":"default","_kad_post_title":"","_kad_post_layout":"default","_kad_post_sidebar_id":"","_kad_post_content_style":"default","_kad_post_vertical_padding":"default","_kad_post_feature":"","_kad_post_feature_position":"","_kad_post_header":false,"_kad_post_footer":false,"_kad_post_classname":""},"product_brand":[],"product_cat":[243,339],"product_tag":[302,290],"class_list":{"0":"post-1690","1":"product","2":"type-product","3":"status-publish","4":"has-post-thumbnail","6":"product_cat-bundle","7":"product_cat-licht-sets","8":"product_tag-edm","9":"product_tag-lights","11":"first","12":"instock","13":"shipping-taxable","14":"purchasable","15":"product-type-redq_rental","16":"entry","17":"content-bg","18":"loop-entry"},"_links":{"self":[{"href":"https:\/\/www.pjevents.ch\/en\/wp-json\/wp\/v2\/product\/1690","targetHints":{"allow":["GET"]}}],"collection":[{"href":"https:\/\/www.pjevents.ch\/en\/wp-json\/wp\/v2\/product"}],"about":[{"href":"https:\/\/www.pjevents.ch\/en\/wp-json\/wp\/v2\/types\/product"}],"replies":[{"embeddable":true,"href":"https:\/\/www.pjevents.ch\/en\/wp-json\/wp\/v2\/comments?post=1690"}],"wp:featuredmedia":[{"embeddable":true,"href":"https:\/\/www.pjevents.ch\/en\/wp-json\/wp\/v2\/media\/1832"}],"wp:attachment":[{"href":"https:\/\/www.pjevents.ch\/en\/wp-json\/wp\/v2\/media?parent=1690"}],"wp:term":[{"taxonomy":"product_brand","embeddable":true,"href":"https:\/\/www.pjevents.ch\/en\/wp-json\/wp\/v2\/product_brand?post=1690"},{"taxonomy":"product_cat","embeddable":true,"href":"https:\/\/www.pjevents.ch\/en\/wp-json\/wp\/v2\/product_cat?post=1690"},{"taxonomy":"product_tag","embeddable":true,"href":"https:\/\/www.pjevents.ch\/en\/wp-json\/wp\/v2\/product_tag?post=1690"}],"curies":[{"name":"wp","href":"https:\/\/api.w.org\/{rel}","templated":true}]}}