{"id":1691,"date":"2025-11-02T12:31:14","date_gmt":"2025-11-02T11:31:14","guid":{"rendered":"https:\/\/www.pjevents.ch\/?post_type=product&#038;p=1691"},"modified":"2026-02-03T11:02:13","modified_gmt":"2026-02-03T10:02:13","slug":"neon-splash-echo","status":"publish","type":"product","link":"https:\/\/www.pjevents.ch\/en\/product\/neon-splash-echo\/","title":{"rendered":"Neon Splash Echo"},"content":{"rendered":"<p data-start=\"0\" data-end=\"82\"><strong data-start=\"0\" data-end=\"14\">Raumgr\u00f6\u00dfe:<\/strong> Gro\u00df (L) \u2013 120\u2013250 m\u00b2<br data-start=\"36\" data-end=\"39\" \/><strong data-start=\"39\" data-end=\"49\">Genre:<\/strong> Chillout<br data-start=\"58\" data-end=\"61\" \/><strong data-start=\"61\" data-end=\"70\" data-is-only-node=\"\">Vibe:<\/strong> Neon party<\/p>\n<p data-start=\"84\" data-end=\"586\"><strong data-start=\"84\" data-end=\"101\">Beschreibung:<\/strong><br data-start=\"101\" data-end=\"104\" \/>Neon Splash Echo ist das leuchtstarke Chillout-Set f\u00fcr gro\u00dfe R\u00e4ume mit entspannter, stylisher Atmosph\u00e4re.<br data-start=\"209\" data-end=\"212\" \/>Vier MaxiPars sorgen f\u00fcr sanfte, gleichm\u00e4\u00dfige Farbt\u00f6ne, w\u00e4hrend zwei UV Floods, zwei BUV-Fluter und die UV-R\u00f6hre f\u00fcr intensiven Glow sorgen.<br data-start=\"352\" data-end=\"355\" \/>Zwei LED-Poles erg\u00e4nzen das Lichtbild mit vertikalen Farbverl\u00e4ufen \u2013 perfekt f\u00fcr ruhige elektronische Sets, Neonlounges oder elegante Aftershow-Events.<br data-start=\"506\" data-end=\"509\" \/>Ein gro\u00dffl\u00e4chiger Look mit ruhigem Puls \u2013 schlicht, hell und stimmungsvoll.<\/p>\n<p data-start=\"588\" data-end=\"601\"><strong data-start=\"588\" data-end=\"599\">Inhalt:<\/strong><\/p>\n<ul data-start=\"602\" data-end=\"805\">\n<li data-start=\"602\" data-end=\"628\">\n<p data-start=\"604\" data-end=\"628\">4 \u00d7 Cameo MaxiPar Quad<\/p>\n<\/li>\n<li data-start=\"629\" data-end=\"652\">\n<p data-start=\"631\" data-end=\"652\">2 \u00d7 ADJ UV Flood 36<\/p>\n<\/li>\n<li data-start=\"653\" data-end=\"674\">\n<p data-start=\"655\" data-end=\"674\">2 \u00d7 BeamZ BUV 463<\/p>\n<\/li>\n<li data-start=\"675\" data-end=\"707\">\n<p data-start=\"677\" data-end=\"707\">1 \u00d7 Eurolite UV-R\u00f6hre 120 cm<\/p>\n<\/li>\n<li data-start=\"708\" data-end=\"724\">\n<p data-start=\"710\" data-end=\"724\">2 \u00d7 LED Pole<\/p>\n<\/li>\n<li data-start=\"725\" data-end=\"749\">\n<p data-start=\"727\" data-end=\"749\"><strong data-start=\"727\" data-end=\"747\">4 \u00d7 Lichtstative<\/strong><\/p>\n<\/li>\n<li data-start=\"750\" data-end=\"777\">\n<p data-start=\"752\" data-end=\"777\"><strong data-start=\"752\" data-end=\"770\">DMX-Steuerung:<\/strong> No<\/p>\n<\/li>\n<\/ul>\n<p data-start=\"780\" data-end=\"805\"><strong data-start=\"780\" data-end=\"791\">Gesamt:<\/strong> 11 Fixtures<\/p>","protected":false},"excerpt":{"rendered":"<p>Neon Splash Echo ist das leuchtstarke Chillout-Set f\u00fcr gro\u00dfe R\u00e4ume mit entspannter, stylisher Atmosph\u00e4re.<br data-start=\"209\" data-end=\"212\" \/>Vier MaxiPars sorgen f\u00fcr sanfte, gleichm\u00e4\u00dfige Farbt\u00f6ne, w\u00e4hrend zwei UV Floods, zwei BUV-Fluter und die UV-R\u00f6hre f\u00fcr intensiven Glow sorgen.<br data-start=\"352\" data-end=\"355\" \/>Zwei LED-Poles erg\u00e4nzen das Lichtbild mit vertikalen Farbverl\u00e4ufen \u2013 perfekt f\u00fcr ruhige elektronische Sets, Neonlounges oder elegante Aftershow-Events.<br data-start=\"506\" data-end=\"509\" \/>Ein gro\u00dffl\u00e4chiger Look mit ruhigem Puls \u2013 schlicht, hell und stimmungsvoll.<\/p>","protected":false},"featured_media":1834,"comment_status":"open","ping_status":"closed","template":"","meta":{"_kad_post_transparent":"default","_kad_post_title":"","_kad_post_layout":"default","_kad_post_sidebar_id":"","_kad_post_content_style":"default","_kad_post_vertical_padding":"default","_kad_post_feature":"","_kad_post_feature_position":"","_kad_post_header":false,"_kad_post_footer":false,"_kad_post_classname":""},"product_brand":[],"product_cat":[243,339],"product_tag":[314,290],"class_list":{"0":"post-1691","1":"product","2":"type-product","3":"status-publish","4":"has-post-thumbnail","6":"product_cat-bundle","7":"product_cat-licht-sets","8":"product_tag-cnl","9":"product_tag-lights","11":"first","12":"instock","13":"shipping-taxable","14":"purchasable","15":"product-type-redq_rental","16":"entry","17":"content-bg","18":"loop-entry"},"_links":{"self":[{"href":"https:\/\/www.pjevents.ch\/en\/wp-json\/wp\/v2\/product\/1691","targetHints":{"allow":["GET"]}}],"collection":[{"href":"https:\/\/www.pjevents.ch\/en\/wp-json\/wp\/v2\/product"}],"about":[{"href":"https:\/\/www.pjevents.ch\/en\/wp-json\/wp\/v2\/types\/product"}],"replies":[{"embeddable":true,"href":"https:\/\/www.pjevents.ch\/en\/wp-json\/wp\/v2\/comments?post=1691"}],"wp:featuredmedia":[{"embeddable":true,"href":"https:\/\/www.pjevents.ch\/en\/wp-json\/wp\/v2\/media\/1834"}],"wp:attachment":[{"href":"https:\/\/www.pjevents.ch\/en\/wp-json\/wp\/v2\/media?parent=1691"}],"wp:term":[{"taxonomy":"product_brand","embeddable":true,"href":"https:\/\/www.pjevents.ch\/en\/wp-json\/wp\/v2\/product_brand?post=1691"},{"taxonomy":"product_cat","embeddable":true,"href":"https:\/\/www.pjevents.ch\/en\/wp-json\/wp\/v2\/product_cat?post=1691"},{"taxonomy":"product_tag","embeddable":true,"href":"https:\/\/www.pjevents.ch\/en\/wp-json\/wp\/v2\/product_tag?post=1691"}],"curies":[{"name":"wp","href":"https:\/\/api.w.org\/{rel}","templated":true}]}}