{"id":1694,"date":"2025-11-02T15:47:36","date_gmt":"2025-11-02T14:47:36","guid":{"rendered":"https:\/\/www.pjevents.ch\/?post_type=product&#038;p=1694"},"modified":"2026-02-03T11:02:10","modified_gmt":"2026-02-03T10:02:10","slug":"neon-splash-storm","status":"publish","type":"product","link":"https:\/\/www.pjevents.ch\/en\/product\/neon-splash-storm\/","title":{"rendered":"Neon Splash Storm"},"content":{"rendered":"<p data-start=\"0\" data-end=\"83\"><strong data-start=\"0\" data-end=\"14\">Raumgr\u00f6\u00dfe:<\/strong> Mittel (M) \u2013 40\u2013120 m\u00b2<br data-start=\"37\" data-end=\"40\" \/><strong data-start=\"40\" data-end=\"50\">Genre:<\/strong> Chillout<br data-start=\"59\" data-end=\"62\" \/><strong data-start=\"62\" data-end=\"71\" data-is-only-node=\"\">Vibe:<\/strong> Neon party<\/p>\n<p data-start=\"85\" data-end=\"597\"><strong data-start=\"85\" data-end=\"102\">Beschreibung:<\/strong><br data-start=\"102\" data-end=\"105\" \/>Neon Splash Storm ist das vielseitige Glow-Bundle f\u00fcr mittlere R\u00e4ume mit ruhiger, aber eindrucksvoller Lichtstimmung.<br data-start=\"222\" data-end=\"225\" \/>Zwei MaxiPars bringen warme Grundfarben, w\u00e4hrend zwei UV Floods, ein BUV-Fluter und eine UV-R\u00f6hre f\u00fcr intensives Schwarzlicht sorgen.<br data-start=\"358\" data-end=\"361\" \/>Zwei LED-Poles setzen vertikale Akzente mit sanften Farbverl\u00e4ufen und verleihen dem Raum Tiefe und Bewegung.<br data-start=\"469\" data-end=\"472\" \/>Ein stilvolles Set f\u00fcr Neonlounges, Chillout-Bereiche oder elektronische Events mit Fokus auf Atmosph\u00e4re und Licht\u00e4sthetik.<\/p>\n<p data-start=\"599\" data-end=\"612\"><strong data-start=\"599\" data-end=\"610\">Inhalt:<\/strong><\/p>\n<ul data-start=\"613\" data-end=\"815\">\n<li data-start=\"613\" data-end=\"639\">\n<p data-start=\"615\" data-end=\"639\">2 \u00d7 Cameo MaxiPar Quad<\/p>\n<\/li>\n<li data-start=\"640\" data-end=\"663\">\n<p data-start=\"642\" data-end=\"663\">2 \u00d7 ADJ UV Flood 36<\/p>\n<\/li>\n<li data-start=\"664\" data-end=\"685\">\n<p data-start=\"666\" data-end=\"685\">1 \u00d7 BeamZ BUV 463<\/p>\n<\/li>\n<li data-start=\"686\" data-end=\"718\">\n<p data-start=\"688\" data-end=\"718\">1 \u00d7 Eurolite UV-R\u00f6hre 120 cm<\/p>\n<\/li>\n<li data-start=\"719\" data-end=\"735\">\n<p data-start=\"721\" data-end=\"735\">2 \u00d7 LED Pole<\/p>\n<\/li>\n<li data-start=\"736\" data-end=\"760\">\n<p data-start=\"738\" data-end=\"760\"><strong data-start=\"738\" data-end=\"758\">3 \u00d7 Lichtstative<\/strong><\/p>\n<\/li>\n<li data-start=\"761\" data-end=\"788\">\n<p data-start=\"763\" data-end=\"788\"><strong data-start=\"763\" data-end=\"781\">DMX-Steuerung:<\/strong> No<\/p>\n<\/li>\n<\/ul>\n<p data-start=\"791\" data-end=\"815\"><strong data-start=\"791\" data-end=\"802\">Gesamt:<\/strong> 8 Fixtures<\/p>","protected":false},"excerpt":{"rendered":"<p>Neon Splash Storm ist das vielseitige Glow-Bundle f\u00fcr mittlere R\u00e4ume mit ruhiger, aber eindrucksvoller Lichtstimmung.<br data-start=\"222\" data-end=\"225\" \/>Zwei MaxiPars bringen warme Grundfarben, w\u00e4hrend zwei UV Floods, ein BUV-Fluter und eine UV-R\u00f6hre f\u00fcr intensives Schwarzlicht sorgen.<br data-start=\"358\" data-end=\"361\" \/>Zwei LED-Poles setzen vertikale Akzente mit sanften Farbverl\u00e4ufen und verleihen dem Raum Tiefe und Bewegung.<br data-start=\"469\" data-end=\"472\" \/>Ein stilvolles Set f\u00fcr Neonlounges, Chillout-Bereiche oder elektronische Events mit Fokus auf Atmosph\u00e4re und Licht\u00e4sthetik.<\/p>","protected":false},"featured_media":1837,"comment_status":"open","ping_status":"closed","template":"","meta":{"_kad_post_transparent":"default","_kad_post_title":"","_kad_post_layout":"default","_kad_post_sidebar_id":"","_kad_post_content_style":"default","_kad_post_vertical_padding":"default","_kad_post_feature":"","_kad_post_feature_position":"","_kad_post_header":false,"_kad_post_footer":false,"_kad_post_classname":""},"product_brand":[],"product_cat":[243,339],"product_tag":[315,290],"class_list":{"0":"post-1694","1":"product","2":"type-product","3":"status-publish","4":"has-post-thumbnail","6":"product_cat-bundle","7":"product_cat-licht-sets","8":"product_tag-cnm","9":"product_tag-lights","11":"first","12":"instock","13":"shipping-taxable","14":"purchasable","15":"product-type-redq_rental","16":"entry","17":"content-bg","18":"loop-entry"},"_links":{"self":[{"href":"https:\/\/www.pjevents.ch\/en\/wp-json\/wp\/v2\/product\/1694","targetHints":{"allow":["GET"]}}],"collection":[{"href":"https:\/\/www.pjevents.ch\/en\/wp-json\/wp\/v2\/product"}],"about":[{"href":"https:\/\/www.pjevents.ch\/en\/wp-json\/wp\/v2\/types\/product"}],"replies":[{"embeddable":true,"href":"https:\/\/www.pjevents.ch\/en\/wp-json\/wp\/v2\/comments?post=1694"}],"wp:featuredmedia":[{"embeddable":true,"href":"https:\/\/www.pjevents.ch\/en\/wp-json\/wp\/v2\/media\/1837"}],"wp:attachment":[{"href":"https:\/\/www.pjevents.ch\/en\/wp-json\/wp\/v2\/media?parent=1694"}],"wp:term":[{"taxonomy":"product_brand","embeddable":true,"href":"https:\/\/www.pjevents.ch\/en\/wp-json\/wp\/v2\/product_brand?post=1694"},{"taxonomy":"product_cat","embeddable":true,"href":"https:\/\/www.pjevents.ch\/en\/wp-json\/wp\/v2\/product_cat?post=1694"},{"taxonomy":"product_tag","embeddable":true,"href":"https:\/\/www.pjevents.ch\/en\/wp-json\/wp\/v2\/product_tag?post=1694"}],"curies":[{"name":"wp","href":"https:\/\/api.w.org\/{rel}","templated":true}]}}