{"id":1696,"date":"2025-11-02T15:54:01","date_gmt":"2025-11-02T14:54:01","guid":{"rendered":"https:\/\/www.pjevents.ch\/?post_type=product&#038;p=1696"},"modified":"2026-02-03T10:59:29","modified_gmt":"2026-02-03T09:59:29","slug":"neon-splash-thunder","status":"publish","type":"product","link":"https:\/\/www.pjevents.ch\/en\/product\/neon-splash-thunder\/","title":{"rendered":"Neon Splash Thunder"},"content":{"rendered":"<p data-start=\"0\" data-end=\"83\"><strong data-start=\"0\" data-end=\"14\">Raumgr\u00f6\u00dfe:<\/strong> Mittel (M) \u2013 40\u2013120 m\u00b2<br data-start=\"37\" data-end=\"40\" \/><strong data-start=\"40\" data-end=\"50\">Genre:<\/strong> Chillout<br data-start=\"59\" data-end=\"62\" \/><strong data-start=\"62\" data-end=\"71\" data-is-only-node=\"\">Vibe:<\/strong> Neon party<\/p>\n<p data-start=\"85\" data-end=\"602\"><strong data-start=\"85\" data-end=\"102\">Beschreibung:<\/strong><br data-start=\"102\" data-end=\"105\" \/>Neon Splash Thunder ist das mittelgro\u00dfe Glow-Bundle mit intensiver UV-Wirkung und sanften Farben.<br data-start=\"202\" data-end=\"205\" \/>Zwei MaxiPars bringen warme Grundt\u00f6ne, w\u00e4hrend zwei UV Floods und zwei BUV-Fluter alles in helles Schwarzlicht tauchen.<br data-start=\"324\" data-end=\"327\" \/>Die UV-R\u00f6hre sorgt f\u00fcr gleichm\u00e4\u00dfigen Blauschimmer, und zwei LED-Poles setzen elegante vertikale Farbverl\u00e4ufe, die den Raum optisch vergr\u00f6\u00dfern.<br data-start=\"469\" data-end=\"472\" \/>Ein stimmungsvolles Setup mit starkem Glow-Fokus \u2013 perfekt f\u00fcr Neonlounges, Chillout-Sessions oder elektronische Ambient-Abende.<\/p>\n<p data-start=\"604\" data-end=\"617\"><strong data-start=\"604\" data-end=\"615\">Inhalt:<\/strong><\/p>\n<ul data-start=\"618\" data-end=\"820\">\n<li data-start=\"618\" data-end=\"644\">\n<p data-start=\"620\" data-end=\"644\">2 \u00d7 Cameo MaxiPar Quad<\/p>\n<\/li>\n<li data-start=\"645\" data-end=\"668\">\n<p data-start=\"647\" data-end=\"668\">2 \u00d7 ADJ UV Flood 36<\/p>\n<\/li>\n<li data-start=\"669\" data-end=\"690\">\n<p data-start=\"671\" data-end=\"690\">2 \u00d7 BeamZ BUV 463<\/p>\n<\/li>\n<li data-start=\"691\" data-end=\"723\">\n<p data-start=\"693\" data-end=\"723\">1 \u00d7 Eurolite UV-R\u00f6hre 120 cm<\/p>\n<\/li>\n<li data-start=\"724\" data-end=\"740\">\n<p data-start=\"726\" data-end=\"740\">2 \u00d7 LED Pole<\/p>\n<\/li>\n<li data-start=\"741\" data-end=\"765\">\n<p data-start=\"743\" data-end=\"765\"><strong data-start=\"743\" data-end=\"763\">3 \u00d7 Lichtstative<\/strong><\/p>\n<\/li>\n<li data-start=\"766\" data-end=\"793\">\n<p data-start=\"768\" data-end=\"793\"><strong data-start=\"768\" data-end=\"786\">DMX-Steuerung:<\/strong> No<\/p>\n<\/li>\n<\/ul>\n<p data-start=\"796\" data-end=\"820\"><strong data-start=\"796\" data-end=\"807\">Gesamt:<\/strong> 9 Fixtures<\/p>","protected":false},"excerpt":{"rendered":"<p>Neon Splash Thunder ist das mittelgro\u00dfe Glow-Bundle mit intensiver UV-Wirkung und sanften Farben.<br data-start=\"202\" data-end=\"205\" \/>Zwei MaxiPars bringen warme Grundt\u00f6ne, w\u00e4hrend zwei UV Floods und zwei BUV-Fluter alles in helles Schwarzlicht tauchen.<br data-start=\"324\" data-end=\"327\" \/>Die UV-R\u00f6hre sorgt f\u00fcr gleichm\u00e4\u00dfigen Blauschimmer, und zwei LED-Poles setzen elegante vertikale Farbverl\u00e4ufe, die den Raum optisch vergr\u00f6\u00dfern.<br data-start=\"469\" data-end=\"472\" \/>Ein stimmungsvolles Setup mit starkem Glow-Fokus \u2013 perfekt f\u00fcr Neonlounges, Chillout-Sessions oder elektronische Ambient-Abende.<\/p>","protected":false},"featured_media":1839,"comment_status":"open","ping_status":"closed","template":"","meta":{"_kad_post_transparent":"default","_kad_post_title":"","_kad_post_layout":"default","_kad_post_sidebar_id":"","_kad_post_content_style":"default","_kad_post_vertical_padding":"default","_kad_post_feature":"","_kad_post_feature_position":"","_kad_post_header":false,"_kad_post_footer":false,"_kad_post_classname":""},"product_brand":[],"product_cat":[243,339],"product_tag":[315,290],"class_list":{"0":"post-1696","1":"product","2":"type-product","3":"status-publish","4":"has-post-thumbnail","6":"product_cat-bundle","7":"product_cat-licht-sets","8":"product_tag-cnm","9":"product_tag-lights","11":"first","12":"instock","13":"shipping-taxable","14":"purchasable","15":"product-type-redq_rental","16":"entry","17":"content-bg","18":"loop-entry"},"_links":{"self":[{"href":"https:\/\/www.pjevents.ch\/en\/wp-json\/wp\/v2\/product\/1696","targetHints":{"allow":["GET"]}}],"collection":[{"href":"https:\/\/www.pjevents.ch\/en\/wp-json\/wp\/v2\/product"}],"about":[{"href":"https:\/\/www.pjevents.ch\/en\/wp-json\/wp\/v2\/types\/product"}],"replies":[{"embeddable":true,"href":"https:\/\/www.pjevents.ch\/en\/wp-json\/wp\/v2\/comments?post=1696"}],"wp:featuredmedia":[{"embeddable":true,"href":"https:\/\/www.pjevents.ch\/en\/wp-json\/wp\/v2\/media\/1839"}],"wp:attachment":[{"href":"https:\/\/www.pjevents.ch\/en\/wp-json\/wp\/v2\/media?parent=1696"}],"wp:term":[{"taxonomy":"product_brand","embeddable":true,"href":"https:\/\/www.pjevents.ch\/en\/wp-json\/wp\/v2\/product_brand?post=1696"},{"taxonomy":"product_cat","embeddable":true,"href":"https:\/\/www.pjevents.ch\/en\/wp-json\/wp\/v2\/product_cat?post=1696"},{"taxonomy":"product_tag","embeddable":true,"href":"https:\/\/www.pjevents.ch\/en\/wp-json\/wp\/v2\/product_tag?post=1696"}],"curies":[{"name":"wp","href":"https:\/\/api.w.org\/{rel}","templated":true}]}}