{"id":1698,"date":"2025-11-02T15:59:33","date_gmt":"2025-11-02T14:59:33","guid":{"rendered":"https:\/\/www.pjevents.ch\/?post_type=product&#038;p=1698"},"modified":"2026-02-03T10:58:42","modified_gmt":"2026-02-03T09:58:42","slug":"orbit-club-echo","status":"publish","type":"product","link":"https:\/\/www.pjevents.ch\/en\/product\/orbit-club-echo\/","title":{"rendered":"Orbit Club Echo"},"content":{"rendered":"<p data-start=\"0\" data-end=\"85\"><strong data-start=\"0\" data-end=\"14\">Raumgr\u00f6\u00dfe:<\/strong> Mittel (M) \u2013 40\u2013120 m\u00b2<br data-start=\"37\" data-end=\"40\" \/><strong data-start=\"40\" data-end=\"50\">Genre:<\/strong> Chillout<br data-start=\"59\" data-end=\"62\" \/><strong data-start=\"62\" data-end=\"71\" data-is-only-node=\"\">Vibe:<\/strong> Dance Party<\/p>\n<p data-start=\"87\" data-end=\"532\"><strong data-start=\"87\" data-end=\"104\">Beschreibung:<\/strong><br data-start=\"104\" data-end=\"107\" \/>Orbit Club Echo ist das kompakte Chillout-Set mit stilvollem Lichtdesign f\u00fcr entspannte elektronische Abende.<br data-start=\"216\" data-end=\"219\" \/>Zwei MaxiPars erzeugen weiche, gleichm\u00e4\u00dfige Farben, w\u00e4hrend der Mini D-5 subtile Bewegungen und Farbverl\u00e4ufe erg\u00e4nzt.<br data-start=\"336\" data-end=\"339\" \/>Zwei LED-Poles setzen vertikale Akzente, die den Raum modern und harmonisch wirken lassen.<br data-start=\"429\" data-end=\"432\" \/>Ein schlichtes, elegantes Setup f\u00fcr Lounges, Chillout-Bereiche oder kleinere elektronische Events.<\/p>\n<p data-start=\"534\" data-end=\"547\"><strong data-start=\"534\" data-end=\"545\">Inhalt:<\/strong><\/p>\n<ul data-start=\"548\" data-end=\"700\">\n<li data-start=\"548\" data-end=\"574\">\n<p data-start=\"550\" data-end=\"574\">2 \u00d7 Cameo MaxiPar Quad<\/p>\n<\/li>\n<li data-start=\"575\" data-end=\"604\">\n<p data-start=\"577\" data-end=\"604\">1 \u00d7 Eurolite Mini D-5 RGB<\/p>\n<\/li>\n<li data-start=\"605\" data-end=\"621\">\n<p data-start=\"607\" data-end=\"621\">2 \u00d7 LED Pole<\/p>\n<\/li>\n<li data-start=\"622\" data-end=\"645\">\n<p data-start=\"624\" data-end=\"645\"><strong data-start=\"624\" data-end=\"643\">1 \u00d7 Lichtstativ<\/strong><\/p>\n<\/li>\n<li data-start=\"646\" data-end=\"673\">\n<p data-start=\"648\" data-end=\"673\"><strong data-start=\"648\" data-end=\"666\">DMX-Steuerung:<\/strong> No<\/p>\n<\/li>\n<\/ul>\n<p data-start=\"676\" data-end=\"700\"><strong data-start=\"676\" data-end=\"687\">Gesamt:<\/strong> 5 Fixtures<\/p>","protected":false},"excerpt":{"rendered":"<p>Orbit Club Echo ist das kompakte Chillout-Set mit stilvollem Lichtdesign f\u00fcr entspannte elektronische Abende.<br data-start=\"216\" data-end=\"219\" \/>Zwei MaxiPars erzeugen weiche, gleichm\u00e4\u00dfige Farben, w\u00e4hrend der Mini D-5 subtile Bewegungen und Farbverl\u00e4ufe erg\u00e4nzt.<br data-start=\"336\" data-end=\"339\" \/>Zwei LED-Poles setzen vertikale Akzente, die den Raum modern und harmonisch wirken lassen.<br data-start=\"429\" data-end=\"432\" \/>Ein schlichtes, elegantes Setup f\u00fcr Lounges, Chillout-Bereiche oder kleinere elektronische Events.<\/p>","protected":false},"featured_media":1843,"comment_status":"open","ping_status":"closed","template":"","meta":{"_kad_post_transparent":"default","_kad_post_title":"","_kad_post_layout":"default","_kad_post_sidebar_id":"","_kad_post_content_style":"default","_kad_post_vertical_padding":"default","_kad_post_feature":"","_kad_post_feature_position":"","_kad_post_header":false,"_kad_post_footer":false,"_kad_post_classname":""},"product_brand":[],"product_cat":[243,339],"product_tag":[296,290],"class_list":{"0":"post-1698","1":"product","2":"type-product","3":"status-publish","4":"has-post-thumbnail","6":"product_cat-bundle","7":"product_cat-licht-sets","8":"product_tag-cdm","9":"product_tag-lights","11":"first","12":"instock","13":"shipping-taxable","14":"purchasable","15":"product-type-redq_rental","16":"entry","17":"content-bg","18":"loop-entry"},"_links":{"self":[{"href":"https:\/\/www.pjevents.ch\/en\/wp-json\/wp\/v2\/product\/1698","targetHints":{"allow":["GET"]}}],"collection":[{"href":"https:\/\/www.pjevents.ch\/en\/wp-json\/wp\/v2\/product"}],"about":[{"href":"https:\/\/www.pjevents.ch\/en\/wp-json\/wp\/v2\/types\/product"}],"replies":[{"embeddable":true,"href":"https:\/\/www.pjevents.ch\/en\/wp-json\/wp\/v2\/comments?post=1698"}],"wp:featuredmedia":[{"embeddable":true,"href":"https:\/\/www.pjevents.ch\/en\/wp-json\/wp\/v2\/media\/1843"}],"wp:attachment":[{"href":"https:\/\/www.pjevents.ch\/en\/wp-json\/wp\/v2\/media?parent=1698"}],"wp:term":[{"taxonomy":"product_brand","embeddable":true,"href":"https:\/\/www.pjevents.ch\/en\/wp-json\/wp\/v2\/product_brand?post=1698"},{"taxonomy":"product_cat","embeddable":true,"href":"https:\/\/www.pjevents.ch\/en\/wp-json\/wp\/v2\/product_cat?post=1698"},{"taxonomy":"product_tag","embeddable":true,"href":"https:\/\/www.pjevents.ch\/en\/wp-json\/wp\/v2\/product_tag?post=1698"}],"curies":[{"name":"wp","href":"https:\/\/api.w.org\/{rel}","templated":true}]}}