{"id":1699,"date":"2025-11-02T16:02:07","date_gmt":"2025-11-02T15:02:07","guid":{"rendered":"https:\/\/www.pjevents.ch\/?post_type=product&#038;p=1699"},"modified":"2026-02-03T10:58:42","modified_gmt":"2026-02-03T09:58:42","slug":"orbit-club-glow","status":"publish","type":"product","link":"https:\/\/www.pjevents.ch\/en\/product\/orbit-club-glow\/","title":{"rendered":"Orbit Club Glow"},"content":{"rendered":"<p data-start=\"0\" data-end=\"84\"><strong data-start=\"0\" data-end=\"14\">Raumgr\u00f6\u00dfe:<\/strong> Klein (S) \u2013 bis 40 m\u00b2<br data-start=\"36\" data-end=\"39\" \/><strong data-start=\"39\" data-end=\"49\">Genre:<\/strong> Chillout<br data-start=\"58\" data-end=\"61\" \/><strong data-start=\"61\" data-end=\"70\" data-is-only-node=\"\">Vibe:<\/strong> Dance Party<\/p>\n<p data-start=\"86\" data-end=\"498\"><strong data-start=\"86\" data-end=\"103\">Beschreibung:<\/strong><br data-start=\"103\" data-end=\"106\" \/>Orbit Club Glow ist das minimalistische, aber effektive Lichtset f\u00fcr kleine, entspannte Dancefloors.<br data-start=\"206\" data-end=\"209\" \/>Zwei MaxiPars sorgen f\u00fcr gleichm\u00e4\u00dfige Farbt\u00f6ne und schaffen ein angenehmes Grundlicht, w\u00e4hrend der Mini D-5 mit dezenten Farbwechseln und sanften Bewegungen Leben in den Raum bringt.<br data-start=\"391\" data-end=\"394\" \/>Ideal f\u00fcr kleine Chillout-Areas, intime DJ-Sessions oder als dezente Lichtbasis f\u00fcr gem\u00fctliche Partys.<\/p>\n<p data-start=\"500\" data-end=\"513\"><strong data-start=\"500\" data-end=\"511\">Inhalt:<\/strong><\/p>\n<ul data-start=\"514\" data-end=\"649\">\n<li data-start=\"514\" data-end=\"540\">\n<p data-start=\"516\" data-end=\"540\">2 \u00d7 Cameo MaxiPar Quad<\/p>\n<\/li>\n<li data-start=\"541\" data-end=\"570\">\n<p data-start=\"543\" data-end=\"570\">1 \u00d7 Eurolite Mini D-5 RGB<\/p>\n<\/li>\n<li data-start=\"571\" data-end=\"594\">\n<p data-start=\"573\" data-end=\"594\"><strong data-start=\"573\" data-end=\"592\">1 \u00d7 Lichtstativ<\/strong><\/p>\n<\/li>\n<li data-start=\"595\" data-end=\"622\">\n<p data-start=\"597\" data-end=\"622\"><strong data-start=\"597\" data-end=\"615\">DMX-Steuerung:<\/strong> No<\/p>\n<\/li>\n<\/ul>\n<p data-start=\"625\" data-end=\"649\"><strong data-start=\"625\" data-end=\"636\">Gesamt:<\/strong> 3 Fixtures<\/p>","protected":false},"excerpt":{"rendered":"<p>Orbit Club Glow ist das minimalistische, aber effektive Lichtset f\u00fcr kleine, entspannte Dancefloors.<br data-start=\"206\" data-end=\"209\" \/>Zwei MaxiPars sorgen f\u00fcr gleichm\u00e4\u00dfige Farbt\u00f6ne und schaffen ein angenehmes Grundlicht, w\u00e4hrend der Mini D-5 mit dezenten Farbwechseln und sanften Bewegungen Leben in den Raum bringt.<br data-start=\"391\" data-end=\"394\" \/>Ideal f\u00fcr kleine Chillout-Areas, intime DJ-Sessions oder als dezente Lichtbasis f\u00fcr gem\u00fctliche Partys.<\/p>","protected":false},"featured_media":1844,"comment_status":"open","ping_status":"closed","template":"","meta":{"_kad_post_transparent":"default","_kad_post_title":"","_kad_post_layout":"default","_kad_post_sidebar_id":"","_kad_post_content_style":"default","_kad_post_vertical_padding":"default","_kad_post_feature":"","_kad_post_feature_position":"","_kad_post_header":false,"_kad_post_footer":false,"_kad_post_classname":""},"product_brand":[],"product_cat":[243,339],"product_tag":[304,290],"class_list":{"0":"post-1699","1":"product","2":"type-product","3":"status-publish","4":"has-post-thumbnail","6":"product_cat-bundle","7":"product_cat-licht-sets","8":"product_tag-cds","9":"product_tag-lights","11":"first","12":"instock","13":"shipping-taxable","14":"purchasable","15":"product-type-redq_rental","16":"entry","17":"content-bg","18":"loop-entry"},"_links":{"self":[{"href":"https:\/\/www.pjevents.ch\/en\/wp-json\/wp\/v2\/product\/1699","targetHints":{"allow":["GET"]}}],"collection":[{"href":"https:\/\/www.pjevents.ch\/en\/wp-json\/wp\/v2\/product"}],"about":[{"href":"https:\/\/www.pjevents.ch\/en\/wp-json\/wp\/v2\/types\/product"}],"replies":[{"embeddable":true,"href":"https:\/\/www.pjevents.ch\/en\/wp-json\/wp\/v2\/comments?post=1699"}],"wp:featuredmedia":[{"embeddable":true,"href":"https:\/\/www.pjevents.ch\/en\/wp-json\/wp\/v2\/media\/1844"}],"wp:attachment":[{"href":"https:\/\/www.pjevents.ch\/en\/wp-json\/wp\/v2\/media?parent=1699"}],"wp:term":[{"taxonomy":"product_brand","embeddable":true,"href":"https:\/\/www.pjevents.ch\/en\/wp-json\/wp\/v2\/product_brand?post=1699"},{"taxonomy":"product_cat","embeddable":true,"href":"https:\/\/www.pjevents.ch\/en\/wp-json\/wp\/v2\/product_cat?post=1699"},{"taxonomy":"product_tag","embeddable":true,"href":"https:\/\/www.pjevents.ch\/en\/wp-json\/wp\/v2\/product_tag?post=1699"}],"curies":[{"name":"wp","href":"https:\/\/api.w.org\/{rel}","templated":true}]}}