{"id":1700,"date":"2025-11-02T16:04:07","date_gmt":"2025-11-02T15:04:07","guid":{"rendered":"https:\/\/www.pjevents.ch\/?post_type=product&#038;p=1700"},"modified":"2026-02-03T10:58:41","modified_gmt":"2026-02-03T09:58:41","slug":"orbit-club-storm","status":"publish","type":"product","link":"https:\/\/www.pjevents.ch\/en\/product\/orbit-club-storm\/","title":{"rendered":"Orbit Club Storm"},"content":{"rendered":"<article class=\"text-token-text-primary w-full focus:outline-none [--shadow-height:45px] has-data-writing-block:pointer-events-none has-data-writing-block:-mt-(--shadow-height) has-data-writing-block:pt-(--shadow-height) [&amp;:has([data-writing-block])&gt;*]:pointer-events-auto scroll-mt-(--header-height)\" dir=\"auto\" tabindex=\"-1\" data-turn-id=\"2f6175b5-da95-420e-ab16-c08d9b83a340\" data-testid=\"conversation-turn-256\" data-scroll-anchor=\"false\" data-turn=\"user\">\n<div class=\"text-base my-auto mx-auto pt-12 [--thread-content-margin:--spacing(4)] thread-sm:[--thread-content-margin:--spacing(6)] thread-lg:[--thread-content-margin:--spacing(16)] px-(--thread-content-margin)\">\n<div class=\"[--thread-content-max-width:40rem] thread-lg:[--thread-content-max-width:48rem] mx-auto max-w-(--thread-content-max-width) flex-1 group\/turn-messages focus-visible:outline-hidden relative flex w-full min-w-0 flex-col\" tabindex=\"-1\">\n<div class=\"flex max-w-full flex-col grow\">\n<div class=\"min-h-8 text-message relative flex w-full flex-col items-end gap-2 text-start break-words whitespace-normal [.text-message+&amp;]:mt-1\" dir=\"auto\" data-message-author-role=\"user\" data-message-id=\"2f6175b5-da95-420e-ab16-c08d9b83a340\">\n<div class=\"flex w-full flex-col gap-1 empty:hidden items-end rtl:items-start\">\n<div class=\"user-message-bubble-color relative rounded-[18px] px-4 py-1.5 data-[multiline]:py-3 max-w-[var(--user-chat-width,70%)]\" data-multiline=\"\"><\/div>\n<\/div>\n<\/div>\n<\/div>\n<\/div>\n<\/div>\n<\/article>\n<article class=\"text-token-text-primary w-full focus:outline-none [--shadow-height:45px] has-data-writing-block:pointer-events-none has-data-writing-block:-mt-(--shadow-height) has-data-writing-block:pt-(--shadow-height) [&amp;:has([data-writing-block])&gt;*]:pointer-events-auto [content-visibility:auto] supports-[content-visibility:auto]:[contain-intrinsic-size:auto_100lvh] scroll-mt-[calc(var(--header-height)+min(200px,max(70px,20svh)))]\" dir=\"auto\" tabindex=\"-1\" data-turn-id=\"request-68ff89d9-b2c4-832e-94af-18a71dbbfde4-35\" data-testid=\"conversation-turn-257\" data-scroll-anchor=\"true\" data-turn=\"assistant\">\n<h6 class=\"sr-only\"><strong style=\"font-family: var(--global-body-font-family); font-size: 17px;\" data-start=\"0\" data-end=\"14\">Raumgr\u00f6\u00dfe:<\/strong><span style=\"font-family: var(--global-body-font-family); font-size: 17px; font-weight: normal;\"> Klein (S) \u2013 bis 40 m\u00b2<\/span><\/h6>\n<div class=\"text-base my-auto mx-auto pb-10 [--thread-content-margin:--spacing(4)] thread-sm:[--thread-content-margin:--spacing(6)] thread-lg:[--thread-content-margin:--spacing(16)] px-(--thread-content-margin)\">\n<div class=\"[--thread-content-max-width:40rem] thread-lg:[--thread-content-max-width:48rem] mx-auto max-w-(--thread-content-max-width) flex-1 group\/turn-messages focus-visible:outline-hidden relative flex w-full min-w-0 flex-col agent-turn\" tabindex=\"-1\">\n<div class=\"flex max-w-full flex-col grow\">\n<div class=\"min-h-8 text-message relative flex w-full flex-col items-end gap-2 text-start break-words whitespace-normal [.text-message+&amp;]:mt-1\" dir=\"auto\" data-message-author-role=\"assistant\" data-message-id=\"bdfb971b-bf38-4ed9-bec0-e0c035923f67\" data-message-model-slug=\"gpt-5\">\n<div class=\"flex w-full flex-col gap-1 empty:hidden first:pt-[1px]\">\n<div class=\"markdown prose dark:prose-invert w-full break-words light markdown-new-styling\">\n<p data-start=\"0\" data-end=\"84\"><strong data-start=\"39\" data-end=\"49\">Genre:<\/strong> Chillout<br data-start=\"58\" data-end=\"61\" \/><strong data-start=\"61\" data-end=\"70\" data-is-only-node=\"\">Vibe:<\/strong> Dance Party<\/p>\n<p data-start=\"86\" data-end=\"526\"><strong data-start=\"86\" data-end=\"103\">Beschreibung:<\/strong><br data-start=\"103\" data-end=\"106\" \/>Orbit Club Storm ist das minimalistische Chillout-Set f\u00fcr kleine R\u00e4ume mit ruhiger, aber stilvoller Atmosph\u00e4re.<br data-start=\"217\" data-end=\"220\" \/>Zwei MaxiPars bringen weiche Farbt\u00f6ne, w\u00e4hrend der Mini D-5 dezente Bewegung und Akzente ins Spiel bringt.<br data-start=\"326\" data-end=\"329\" \/>Ein LED Pole sorgt f\u00fcr vertikale Farbverl\u00e4ufe, die dem Raum mehr Tiefe verleihen.<br data-start=\"410\" data-end=\"413\" \/>Perfekt f\u00fcr intime elektronische Sessions, Chillout-Bereiche oder kleine Partys mit entspanntem, modernem Look.<\/p>\n<p data-start=\"528\" data-end=\"541\"><strong data-start=\"528\" data-end=\"539\">Inhalt:<\/strong><\/p>\n<ul data-start=\"542\" data-end=\"694\">\n<li data-start=\"542\" data-end=\"568\">\n<p data-start=\"544\" data-end=\"568\">2 \u00d7 Cameo MaxiPar Quad<\/p>\n<\/li>\n<li data-start=\"569\" data-end=\"598\">\n<p data-start=\"571\" data-end=\"598\">1 \u00d7 Eurolite Mini D-5 RGB<\/p>\n<\/li>\n<li data-start=\"599\" data-end=\"615\">\n<p data-start=\"601\" data-end=\"615\">1 \u00d7 LED Pole<\/p>\n<\/li>\n<li data-start=\"616\" data-end=\"639\">\n<p data-start=\"618\" data-end=\"639\"><strong data-start=\"618\" data-end=\"637\">1 \u00d7 Lichtstativ<\/strong><\/p>\n<\/li>\n<li data-start=\"640\" data-end=\"667\">\n<p data-start=\"642\" data-end=\"667\"><strong data-start=\"642\" data-end=\"660\">DMX-Steuerung:<\/strong> Nein<\/p>\n<\/li>\n<\/ul>\n<p data-start=\"670\" data-end=\"694\"><strong data-start=\"670\" data-end=\"681\">Gesamt:<\/strong> 4 Fixtures<\/p>\n<\/div>\n<\/div>\n<\/div>\n<\/div>\n<\/div>\n<\/div>\n<\/article>\n","protected":false},"excerpt":{"rendered":"<p>Orbit Club Storm ist das minimalistische Chillout-Set f\u00fcr kleine R\u00e4ume mit ruhiger, aber stilvoller Atmosph\u00e4re.<br data-start=\"217\" data-end=\"220\" \/>Zwei MaxiPars bringen weiche Farbt\u00f6ne, w\u00e4hrend der Mini D-5 dezente Bewegung und Akzente ins Spiel bringt.<br data-start=\"326\" data-end=\"329\" \/>Ein LED Pole sorgt f\u00fcr vertikale Farbverl\u00e4ufe, die dem Raum mehr Tiefe verleihen.<br data-start=\"410\" data-end=\"413\" \/>Perfekt f\u00fcr intime elektronische Sessions, Chillout-Bereiche oder kleine Partys mit entspanntem, modernem Look.<\/p>","protected":false},"featured_media":1845,"comment_status":"open","ping_status":"closed","template":"","meta":{"_kad_post_transparent":"default","_kad_post_title":"","_kad_post_layout":"default","_kad_post_sidebar_id":"","_kad_post_content_style":"default","_kad_post_vertical_padding":"default","_kad_post_feature":"","_kad_post_feature_position":"","_kad_post_header":false,"_kad_post_footer":false,"_kad_post_classname":""},"product_brand":[],"product_cat":[243,339],"product_tag":[304,290],"class_list":{"0":"post-1700","1":"product","2":"type-product","3":"status-publish","4":"has-post-thumbnail","6":"product_cat-bundle","7":"product_cat-licht-sets","8":"product_tag-cds","9":"product_tag-lights","11":"first","12":"instock","13":"shipping-taxable","14":"purchasable","15":"product-type-redq_rental","16":"entry","17":"content-bg","18":"loop-entry"},"_links":{"self":[{"href":"https:\/\/www.pjevents.ch\/en\/wp-json\/wp\/v2\/product\/1700","targetHints":{"allow":["GET"]}}],"collection":[{"href":"https:\/\/www.pjevents.ch\/en\/wp-json\/wp\/v2\/product"}],"about":[{"href":"https:\/\/www.pjevents.ch\/en\/wp-json\/wp\/v2\/types\/product"}],"replies":[{"embeddable":true,"href":"https:\/\/www.pjevents.ch\/en\/wp-json\/wp\/v2\/comments?post=1700"}],"wp:featuredmedia":[{"embeddable":true,"href":"https:\/\/www.pjevents.ch\/en\/wp-json\/wp\/v2\/media\/1845"}],"wp:attachment":[{"href":"https:\/\/www.pjevents.ch\/en\/wp-json\/wp\/v2\/media?parent=1700"}],"wp:term":[{"taxonomy":"product_brand","embeddable":true,"href":"https:\/\/www.pjevents.ch\/en\/wp-json\/wp\/v2\/product_brand?post=1700"},{"taxonomy":"product_cat","embeddable":true,"href":"https:\/\/www.pjevents.ch\/en\/wp-json\/wp\/v2\/product_cat?post=1700"},{"taxonomy":"product_tag","embeddable":true,"href":"https:\/\/www.pjevents.ch\/en\/wp-json\/wp\/v2\/product_tag?post=1700"}],"curies":[{"name":"wp","href":"https:\/\/api.w.org\/{rel}","templated":true}]}}