{"id":1705,"date":"2025-11-02T16:43:09","date_gmt":"2025-11-02T15:43:09","guid":{"rendered":"https:\/\/www.pjevents.ch\/?post_type=product&#038;p=1705"},"modified":"2026-02-03T10:58:08","modified_gmt":"2026-02-03T09:58:08","slug":"radiant-void","status":"publish","type":"product","link":"https:\/\/www.pjevents.ch\/en\/product\/radiant-void\/","title":{"rendered":"Radiant Void"},"content":{"rendered":"<p data-start=\"0\" data-end=\"86\"><strong data-start=\"0\" data-end=\"14\">Raumgr\u00f6\u00dfe:<\/strong> Gro\u00df (L) \u2013 120\u2013250 m\u00b2<br data-start=\"36\" data-end=\"39\" \/><strong data-start=\"39\" data-end=\"49\">Genre:<\/strong> Electronic<br data-start=\"62\" data-end=\"65\" \/><strong data-start=\"65\" data-end=\"74\" data-is-only-node=\"\">Vibe:<\/strong> Neon party<\/p>\n<p data-start=\"88\" data-end=\"612\"><strong data-start=\"88\" data-end=\"105\">Beschreibung:<\/strong><br data-start=\"105\" data-end=\"108\" \/>Radiant Void ist das kraftvolle Techno- und Glow-Set f\u00fcr gro\u00dfe R\u00e4ume mit intensiver, pulsierender Atmosph\u00e4re.<br data-start=\"217\" data-end=\"220\" \/>Zwei Superflys bringen rotierende Beams, w\u00e4hrend zwei SL-98-Strobes und zwei Mini-Strobes das Set in grelle Lichtblitze tauchen.<br data-start=\"348\" data-end=\"351\" \/>Dazu kommen zwei UV Floods und zwei BUV-Fluter, die den Raum mit tiefem Schwarzlicht erf\u00fcllen, w\u00e4hrend die UV-R\u00f6hre f\u00fcr gleichm\u00e4\u00dfigen Blauschimmer sorgt.<br data-start=\"504\" data-end=\"507\" \/>Ein kompromissloses Setup \u2013 intensiv, roh und perfekt abgestimmt f\u00fcr gro\u00dffl\u00e4chige elektronische N\u00e4chte.<\/p>\n<p data-start=\"614\" data-end=\"627\"><strong data-start=\"614\" data-end=\"625\">Inhalt:<\/strong><\/p>\n<ul data-start=\"628\" data-end=\"877\">\n<li data-start=\"628\" data-end=\"653\">\n<p data-start=\"630\" data-end=\"653\">2 \u00d7 Cameo Superfly XS<\/p>\n<\/li>\n<li data-start=\"654\" data-end=\"688\">\n<p data-start=\"656\" data-end=\"688\">2 \u00d7 Eurolite LED SLS-98 Strobe<\/p>\n<\/li>\n<li data-start=\"689\" data-end=\"717\">\n<p data-start=\"691\" data-end=\"717\">2 \u00d7 Eurolite Mini Strobe<\/p>\n<\/li>\n<li data-start=\"718\" data-end=\"741\">\n<p data-start=\"720\" data-end=\"741\">2 \u00d7 ADJ UV Flood 36<\/p>\n<\/li>\n<li data-start=\"742\" data-end=\"763\">\n<p data-start=\"744\" data-end=\"763\">2 \u00d7 BeamZ BUV 463<\/p>\n<\/li>\n<li data-start=\"764\" data-end=\"796\">\n<p data-start=\"766\" data-end=\"796\">1 \u00d7 Eurolite UV-R\u00f6hre 120 cm<\/p>\n<\/li>\n<li data-start=\"797\" data-end=\"821\">\n<p data-start=\"799\" data-end=\"821\"><strong data-start=\"799\" data-end=\"819\">4 \u00d7 Lichtstative<\/strong><\/p>\n<\/li>\n<li data-start=\"822\" data-end=\"849\">\n<p data-start=\"824\" data-end=\"849\"><strong data-start=\"824\" data-end=\"842\">DMX-Steuerung:<\/strong> No<\/p>\n<\/li>\n<li data-start=\"850\" data-end=\"877\">\n<p data-start=\"852\" data-end=\"877\"><strong data-start=\"852\" data-end=\"863\">Gesamt:<\/strong> 11 Fixtures<\/p>\n<\/li>\n<\/ul>","protected":false},"excerpt":{"rendered":"<p>Radiant Void ist das kraftvolle Techno- und Glow-Set f\u00fcr gro\u00dfe R\u00e4ume mit intensiver, pulsierender Atmosph\u00e4re.<br data-start=\"217\" data-end=\"220\" \/>Zwei Superflys bringen rotierende Beams, w\u00e4hrend zwei SL-98-Strobes und zwei Mini-Strobes das Set in grelle Lichtblitze tauchen.<br data-start=\"348\" data-end=\"351\" \/>Dazu kommen zwei UV Floods und zwei BUV-Fluter, die den Raum mit tiefem Schwarzlicht erf\u00fcllen, w\u00e4hrend die UV-R\u00f6hre f\u00fcr gleichm\u00e4\u00dfigen Blauschimmer sorgt.<br data-start=\"504\" data-end=\"507\" \/>Ein kompromissloses Setup \u2013 intensiv, roh und perfekt abgestimmt f\u00fcr gro\u00dffl\u00e4chige elektronische N\u00e4chte.<\/p>","protected":false},"featured_media":1849,"comment_status":"open","ping_status":"closed","template":"","meta":{"_kad_post_transparent":"default","_kad_post_title":"","_kad_post_layout":"default","_kad_post_sidebar_id":"","_kad_post_content_style":"default","_kad_post_vertical_padding":"default","_kad_post_feature":"","_kad_post_feature_position":"","_kad_post_header":false,"_kad_post_footer":false,"_kad_post_classname":""},"product_brand":[],"product_cat":[243,339],"product_tag":[289,290],"class_list":{"0":"post-1705","1":"product","2":"type-product","3":"status-publish","4":"has-post-thumbnail","6":"product_cat-bundle","7":"product_cat-licht-sets","8":"product_tag-enl","9":"product_tag-lights","11":"first","12":"instock","13":"shipping-taxable","14":"purchasable","15":"product-type-redq_rental","16":"entry","17":"content-bg","18":"loop-entry"},"_links":{"self":[{"href":"https:\/\/www.pjevents.ch\/en\/wp-json\/wp\/v2\/product\/1705","targetHints":{"allow":["GET"]}}],"collection":[{"href":"https:\/\/www.pjevents.ch\/en\/wp-json\/wp\/v2\/product"}],"about":[{"href":"https:\/\/www.pjevents.ch\/en\/wp-json\/wp\/v2\/types\/product"}],"replies":[{"embeddable":true,"href":"https:\/\/www.pjevents.ch\/en\/wp-json\/wp\/v2\/comments?post=1705"}],"wp:featuredmedia":[{"embeddable":true,"href":"https:\/\/www.pjevents.ch\/en\/wp-json\/wp\/v2\/media\/1849"}],"wp:attachment":[{"href":"https:\/\/www.pjevents.ch\/en\/wp-json\/wp\/v2\/media?parent=1705"}],"wp:term":[{"taxonomy":"product_brand","embeddable":true,"href":"https:\/\/www.pjevents.ch\/en\/wp-json\/wp\/v2\/product_brand?post=1705"},{"taxonomy":"product_cat","embeddable":true,"href":"https:\/\/www.pjevents.ch\/en\/wp-json\/wp\/v2\/product_cat?post=1705"},{"taxonomy":"product_tag","embeddable":true,"href":"https:\/\/www.pjevents.ch\/en\/wp-json\/wp\/v2\/product_tag?post=1705"}],"curies":[{"name":"wp","href":"https:\/\/api.w.org\/{rel}","templated":true}]}}