{"id":1707,"date":"2025-11-02T16:53:08","date_gmt":"2025-11-02T15:53:08","guid":{"rendered":"https:\/\/www.pjevents.ch\/?post_type=product&#038;p=1707"},"modified":"2026-02-03T10:58:07","modified_gmt":"2026-02-03T09:58:07","slug":"spectrum-riot","status":"publish","type":"product","link":"https:\/\/www.pjevents.ch\/en\/product\/spectrum-riot\/","title":{"rendered":"Spectrum Riot"},"content":{"rendered":"<p data-start=\"0\" data-end=\"89\"><strong data-start=\"0\" data-end=\"14\">Raumgr\u00f6\u00dfe:<\/strong> Gro\u00df (L) \u2013 120\u2013250 m\u00b2<br data-start=\"36\" data-end=\"39\" \/><strong data-start=\"39\" data-end=\"49\">Genre:<\/strong> Electronic<br data-start=\"62\" data-end=\"65\" \/><strong data-start=\"65\" data-end=\"74\" data-is-only-node=\"\">Vibe:<\/strong> Technobunker<\/p>\n<p data-start=\"91\" data-end=\"581\"><strong data-start=\"91\" data-end=\"108\">Beschreibung:<\/strong><br data-start=\"108\" data-end=\"111\" \/>Spectrum Riot ist das kompromisslose Techno-Set f\u00fcr gro\u00dfe R\u00e4ume \u2013 grell, roh und unaufhaltsam.<br data-start=\"205\" data-end=\"208\" \/>Zwei Superflys liefern fl\u00e4chige Beam-Muster, zwei SL-98-Strobes und zwei Mini-Strobes takten mit brutaler Pr\u00e4zision, w\u00e4hrend der Stinger rotierende Farbmuster in den Raum wirft.<br data-start=\"385\" data-end=\"388\" \/>Zwei UV Floods sorgen f\u00fcr kalten, industriellen Glow und f\u00fcllen den Raum mit dumpfer Tiefe.<br data-start=\"479\" data-end=\"482\" \/>Ein Set, das keine Pause kennt \u2013 perfekt f\u00fcr Raves, Keller-Clubs und dunkle elektronische N\u00e4chte.<\/p>\n<p data-start=\"583\" data-end=\"596\"><strong data-start=\"583\" data-end=\"594\">Inhalt:<\/strong><\/p>\n<ul data-start=\"597\" data-end=\"815\">\n<li data-start=\"597\" data-end=\"622\">\n<p data-start=\"599\" data-end=\"622\">2 \u00d7 Cameo Superfly XS<\/p>\n<\/li>\n<li data-start=\"623\" data-end=\"657\">\n<p data-start=\"625\" data-end=\"657\">2 \u00d7 Eurolite LED SLS-98 Strobe<\/p>\n<\/li>\n<li data-start=\"658\" data-end=\"686\">\n<p data-start=\"660\" data-end=\"686\">2 \u00d7 Eurolite Mini Strobe<\/p>\n<\/li>\n<li data-start=\"687\" data-end=\"711\">\n<p data-start=\"689\" data-end=\"711\">1 \u00d7 ADJ Stinger Gobo<\/p>\n<\/li>\n<li data-start=\"712\" data-end=\"735\">\n<p data-start=\"714\" data-end=\"735\">2 \u00d7 ADJ UV Flood 36<\/p>\n<\/li>\n<li data-start=\"736\" data-end=\"760\">\n<p data-start=\"738\" data-end=\"760\"><strong data-start=\"738\" data-end=\"758\">4 \u00d7 Lichtstative<\/strong><\/p>\n<\/li>\n<li data-start=\"761\" data-end=\"788\">\n<p data-start=\"763\" data-end=\"788\"><strong data-start=\"763\" data-end=\"781\">DMX-Steuerung:<\/strong> No<\/p>\n<\/li>\n<\/ul>\n<p data-start=\"791\" data-end=\"815\"><strong data-start=\"791\" data-end=\"802\">Gesamt:<\/strong> 9 Fixtures<\/p>","protected":false},"excerpt":{"rendered":"<p>Spectrum Riot ist das kompromisslose Techno-Set f\u00fcr gro\u00dfe R\u00e4ume \u2013 grell, roh und unaufhaltsam.<br data-start=\"205\" data-end=\"208\" \/>Zwei Superflys liefern fl\u00e4chige Beam-Muster, zwei SL-98-Strobes und zwei Mini-Strobes takten mit brutaler Pr\u00e4zision, w\u00e4hrend der Stinger rotierende Farbmuster in den Raum wirft.<br data-start=\"385\" data-end=\"388\" \/>Zwei UV Floods sorgen f\u00fcr kalten, industriellen Glow und f\u00fcllen den Raum mit dumpfer Tiefe.<br data-start=\"479\" data-end=\"482\" \/>Ein Set, das keine Pause kennt \u2013 perfekt f\u00fcr Raves, Keller-Clubs und dunkle elektronische N\u00e4chte.<\/p>","protected":false},"featured_media":1851,"comment_status":"open","ping_status":"closed","template":"","meta":{"_kad_post_transparent":"default","_kad_post_title":"","_kad_post_layout":"default","_kad_post_sidebar_id":"","_kad_post_content_style":"default","_kad_post_vertical_padding":"default","_kad_post_feature":"","_kad_post_feature_position":"","_kad_post_header":false,"_kad_post_footer":false,"_kad_post_classname":""},"product_brand":[],"product_cat":[243,339],"product_tag":[305,290],"class_list":{"0":"post-1707","1":"product","2":"type-product","3":"status-publish","4":"has-post-thumbnail","6":"product_cat-bundle","7":"product_cat-licht-sets","8":"product_tag-etl","9":"product_tag-lights","11":"first","12":"instock","13":"shipping-taxable","14":"purchasable","15":"product-type-redq_rental","16":"entry","17":"content-bg","18":"loop-entry"},"_links":{"self":[{"href":"https:\/\/www.pjevents.ch\/en\/wp-json\/wp\/v2\/product\/1707","targetHints":{"allow":["GET"]}}],"collection":[{"href":"https:\/\/www.pjevents.ch\/en\/wp-json\/wp\/v2\/product"}],"about":[{"href":"https:\/\/www.pjevents.ch\/en\/wp-json\/wp\/v2\/types\/product"}],"replies":[{"embeddable":true,"href":"https:\/\/www.pjevents.ch\/en\/wp-json\/wp\/v2\/comments?post=1707"}],"wp:featuredmedia":[{"embeddable":true,"href":"https:\/\/www.pjevents.ch\/en\/wp-json\/wp\/v2\/media\/1851"}],"wp:attachment":[{"href":"https:\/\/www.pjevents.ch\/en\/wp-json\/wp\/v2\/media?parent=1707"}],"wp:term":[{"taxonomy":"product_brand","embeddable":true,"href":"https:\/\/www.pjevents.ch\/en\/wp-json\/wp\/v2\/product_brand?post=1707"},{"taxonomy":"product_cat","embeddable":true,"href":"https:\/\/www.pjevents.ch\/en\/wp-json\/wp\/v2\/product_cat?post=1707"},{"taxonomy":"product_tag","embeddable":true,"href":"https:\/\/www.pjevents.ch\/en\/wp-json\/wp\/v2\/product_tag?post=1707"}],"curies":[{"name":"wp","href":"https:\/\/api.w.org\/{rel}","templated":true}]}}